{"id":18561,"date":"2009-03-01T17:34:58","date_gmt":"2009-03-01T16:34:58","guid":{"rendered":"http:\/\/www.libraria-occitana.org\/all-products\/balade-en-limousin-sur-les-pas-des-ecrivains?lang=en"},"modified":"2024-07-05T00:04:21","modified_gmt":"2024-07-04T22:04:21","slug":"balade-en-limousin-sur-les-pas-des-ecrivains","status":"publish","type":"product","link":"https:\/\/www.libraria-occitana.org\/en\/product\/balade-en-limousin-sur-les-pas-des-ecrivains\/","title":{"rendered":"Balade en Limousin : Sur les pas des \u00e9crivains"},"content":{"rendered":"<p>Pas si facile, le Limousin, \u00e0 mettre en mots et en phrases, c&#8217;est un territoire en demi-teinte, qui ne se livre pas d&#8217;entr\u00e9e de jeu. Non qu&#8217;il se cache, il n&#8217;est pas timide, mais il a la fiert\u00e9 des pauvres, il ne qu\u00e9mande pas la sympathie, encore moins la piti\u00e9. Il n&#8217;a pas de ces paysages grandioses ni de ces monuments r\u00e9pertori\u00e9s par l&#8217;histoire de l&#8217;art, qui incitent aux effusions lyriques. C&#8217;est une r\u00e9gion qui inspire plut\u00f4t la discr\u00e9tion d&#8217;un t\u00eate-\u00e0-t\u00eate intime.<\/p>\n<p>La vie intime en Limousin de trente-cinq \u00e9crivains (Giraudoux, Jouhandeau, Blondin, Bergounioux, Michon, Millet&#8230;) r\u00e9v\u00e9l\u00e9e par de formidables conteurs, grands auteurs eux-m\u00eames : tel est le pari tenu de cette <em>Balade<\/em>, \u00e0 la fois l\u00e9g\u00e8re et grave, tendre et glorieuse, litt\u00e9raire et historique. Ces vies d&#8217;\u00e9crivains se d\u00e9roulent d&#8217;Aubusson \u00e0 Ventadour, de Bellac \u00e0 Brive et Gu\u00e9ret, de Ligneyrac \u00e0 Tulle et Uzerche&#8230; Ces savoureuses histoires de vies nous d\u00e9voilent le Limousin secret de ces grands personnages ; elles relatent aussi, plus g\u00e9n\u00e9ralement, celles des femmes et hommes de cette terre.<\/p>\n<p>&#8220;Nous avons laiss\u00e9 au sein des collines une part de nous-m\u00eames&#8221;, t\u00e9moigne Pierre Bergounioux ; et Antoine Blondin, quittant la rive gauche de la Seine, s&#8217;extasie devant la chaleur de l&#8217;accueil que lui r\u00e9servent les habitants de Linards : &#8220;Au matin, quatre truites anonymes sur le rebord de la fen\u00eatre ; le lendemain, un chou-fleur cir\u00e9 par la ros\u00e9e ; dans la suite des jours, la monnaie quotidienne de petites laitues, n\u00e9es d&#8217;un jardin d&#8217;enfants, me firent pr\u00e9sumer que l&#8217;urbanit\u00e9 pourrait bien commencer o\u00f9 finit l&#8217;urbanisme. J&#8217;entrepris de faire l&#8217;inventaire de cette \u00eele d\u00e9serte o\u00f9 l&#8217;on m&#8217;appelait \u00e0 demeurer.&#8221;<\/p>\n","protected":false},"excerpt":{"rendered":"<p>Pas si facile, le Limousin, \u00e0 mettre en mots et en phrases, c&#8217;est un territoire en demi-teinte, qui ne se livre pas d&#8217;entr\u00e9e de jeu. Non qu&#8217;il se cache, il n&#8217;est pas timide, mais il a la fiert\u00e9 des pauvres, il ne qu\u00e9mande pas la sympathie, encore moins la piti\u00e9. Il n&#8217;a pas de ces [&hellip;]<\/p>\n","protected":false},"featured_media":36430,"template":"","meta":{"_acf_changed":false,"_genesis_hide_title":false,"_genesis_hide_breadcrumbs":false,"_genesis_hide_singular_image":false,"_genesis_hide_footer_widgets":false,"_genesis_custom_body_class":"","_genesis_custom_post_class":"","_genesis_layout":""},"product_brand":[],"product_cat":[7188,7132,7174],"product_tag":[],"class_list":{"0":"post-18561","1":"product","2":"type-product","3":"status-publish","4":"has-post-thumbnail","6":"product_cat-arts-studies-en","7":"product_cat-books","8":"product_cat-literature-en","9":"pa_auteur-collectiu-en-2","10":"pa_editeur-alexandrines-en","11":"pa_langue-francais-en","12":"entry","14":"first","15":"outofstock","16":"shipping-taxable","17":"purchasable","18":"product-type-simple"},"acf":[],"_links":{"self":[{"href":"https:\/\/www.libraria-occitana.org\/en\/wp-json\/wp\/v2\/product\/18561","targetHints":{"allow":["GET"]}}],"collection":[{"href":"https:\/\/www.libraria-occitana.org\/en\/wp-json\/wp\/v2\/product"}],"about":[{"href":"https:\/\/www.libraria-occitana.org\/en\/wp-json\/wp\/v2\/types\/product"}],"wp:featuredmedia":[{"embeddable":true,"href":"https:\/\/www.libraria-occitana.org\/en\/wp-json\/wp\/v2\/media\/36430"}],"wp:attachment":[{"href":"https:\/\/www.libraria-occitana.org\/en\/wp-json\/wp\/v2\/media?parent=18561"}],"wp:term":[{"taxonomy":"product_brand","embeddable":true,"href":"https:\/\/www.libraria-occitana.org\/en\/wp-json\/wp\/v2\/product_brand?post=18561"},{"taxonomy":"product_cat","embeddable":true,"href":"https:\/\/www.libraria-occitana.org\/en\/wp-json\/wp\/v2\/product_cat?post=18561"},{"taxonomy":"product_tag","embeddable":true,"href":"https:\/\/www.libraria-occitana.org\/en\/wp-json\/wp\/v2\/product_tag?post=18561"}],"curies":[{"name":"wp","href":"https:\/\/api.w.org\/{rel}","templated":true}]}}