{"id":18569,"date":"2009-03-01T09:57:21","date_gmt":"2009-03-01T08:57:21","guid":{"rendered":"http:\/\/www.libraria-occitana.org\/all-products\/aime-lacapelle-tome-4-en-occitan-bestias-del-bon-dieu?lang=en"},"modified":"2024-07-05T00:02:22","modified_gmt":"2024-07-04T22:02:22","slug":"aime-lacapelle-tome-4-en-occitan-bestias-del-bon-dieu","status":"publish","type":"product","link":"https:\/\/www.libraria-occitana.org\/en\/product\/aime-lacapelle-tome-4-en-occitan-bestias-del-bon-dieu\/","title":{"rendered":"Aim\u00e9 Lacapelle Tome 4 en occitan : B\u00e8stias del Bon Dieu"},"content":{"rendered":"<p><strong>Somari :<\/strong><br \/>\n&#8211; Lo don de Cocar\u00e8l<br \/>\n&#8211; Lacap\u00e8la contra Capelet<br \/>\n&#8211; Lo dossi\u00e8r Infrrractus<br \/>\n&#8211; Romuald e Odeta<br \/>\n&#8211; B\u00e8stias del Bon Dieu<br \/>\n&#8211; Las domaiselas del Cagasson<br \/>\n&#8211; Revelacions<br \/>\n&#8211; Pol vod\u00f3<\/p>\n","protected":false},"excerpt":{"rendered":"<p>Somari : &#8211; Lo don de Cocar\u00e8l &#8211; Lacap\u00e8la contra Capelet &#8211; Lo dossi\u00e8r Infrrractus &#8211; Romuald e Odeta &#8211; B\u00e8stias del Bon Dieu &#8211; Las domaiselas del Cagasson &#8211; Revelacions &#8211; Pol vod\u00f3<\/p>\n","protected":false},"featured_media":36433,"template":"","meta":{"_acf_changed":false,"_genesis_hide_title":false,"_genesis_hide_breadcrumbs":false,"_genesis_hide_singular_image":false,"_genesis_hide_footer_widgets":false,"_genesis_custom_body_class":"","_genesis_custom_post_class":"","_genesis_layout":""},"product_brand":[],"product_cat":[7132,7168,7164],"product_tag":[],"class_list":{"0":"post-18569","1":"product","2":"type-product","3":"status-publish","4":"has-post-thumbnail","6":"product_cat-books","7":"product_cat-comics-en","8":"product_cat-juvenile-and-teen-comics-humour-en","9":"pa_auteur-ferri-jean-yves-fr-en","10":"pa_editeur-fluide-glacial-en","11":"pa_illustrateur-balaguer-claudi-en","12":"pa_illustrateur-larcenet-pat-en","13":"pa_langue-occitan-en","14":"pa_langue-occitan-lengadocian-en","15":"entry","17":"first","18":"outofstock","19":"shipping-taxable","20":"purchasable","21":"product-type-simple"},"acf":[],"_links":{"self":[{"href":"https:\/\/www.libraria-occitana.org\/en\/wp-json\/wp\/v2\/product\/18569","targetHints":{"allow":["GET"]}}],"collection":[{"href":"https:\/\/www.libraria-occitana.org\/en\/wp-json\/wp\/v2\/product"}],"about":[{"href":"https:\/\/www.libraria-occitana.org\/en\/wp-json\/wp\/v2\/types\/product"}],"wp:featuredmedia":[{"embeddable":true,"href":"https:\/\/www.libraria-occitana.org\/en\/wp-json\/wp\/v2\/media\/36433"}],"wp:attachment":[{"href":"https:\/\/www.libraria-occitana.org\/en\/wp-json\/wp\/v2\/media?parent=18569"}],"wp:term":[{"taxonomy":"product_brand","embeddable":true,"href":"https:\/\/www.libraria-occitana.org\/en\/wp-json\/wp\/v2\/product_brand?post=18569"},{"taxonomy":"product_cat","embeddable":true,"href":"https:\/\/www.libraria-occitana.org\/en\/wp-json\/wp\/v2\/product_cat?post=18569"},{"taxonomy":"product_tag","embeddable":true,"href":"https:\/\/www.libraria-occitana.org\/en\/wp-json\/wp\/v2\/product_tag?post=18569"}],"curies":[{"name":"wp","href":"https:\/\/api.w.org\/{rel}","templated":true}]}}