{"id":18579,"date":"2009-02-01T15:51:07","date_gmt":"2009-02-01T14:51:07","guid":{"rendered":"http:\/\/www.libraria-occitana.org\/all-products\/amour-et-erotisme-dans-la-sculpture-romane?lang=en"},"modified":"2026-04-29T11:06:18","modified_gmt":"2026-04-29T09:06:18","slug":"amour-et-erotisme-dans-la-sculpture-romane","status":"publish","type":"product","link":"https:\/\/www.libraria-occitana.org\/en\/product\/amour-et-erotisme-dans-la-sculpture-romane\/","title":{"rendered":"Amour et \u00e9rotisme dans la sculpture romane"},"content":{"rendered":"<p>Cet ouvrage, comportant plus de cent photographies ou dessins originaux en noir et blanc, s&#8217;inscrit dans la lign\u00e9e des <em>Hauts lieux romans<\/em>, publi\u00e9s dans la m\u00eame collection.<\/p>\n<p>Au fil de ses voyages en France, en Espagne, et aussi en Italie et en Suisse, allant d&#8217;\u00e9glise romane en \u00e9glise romane, l&#8217;auteur a collect\u00e9 de fort surprenantes images sculpt\u00e9es : sc\u00e8nes de tendresse, d&#8217;actes sexuels, voire de sodomie, sculptures de sexes dress\u00e9s et sc\u00e8nes de luxure se succ\u00e8dent ici et \u00e9tonnent par leur pr\u00e9sence en ces lieux consacr\u00e9s, \u00e0 une \u00e9poque o\u00f9 tous les textes s&#8217;accordent \u00e0 condamner fermement la sexualit\u00e9. Loin de tout sensationnalisme et avec le respect de l&#8217;historien, l&#8217;auteur nous entra\u00eene \u00e0 sa suite dans cette \u00e9trange promenade : repla\u00e7ant sites et sculptures dans le contexte des XIe et XIIe si\u00e8cles, il avance, sans la poser en v\u00e9rit\u00e9 absolue, une interpr\u00e9tation de l&#8217;ensemble.<\/p>\n<p>Non exhaustif, forc\u00e9ment limit\u00e9 par la n\u00e9cessit\u00e9 de faire des choix parmi des milliers d&#8217;images, cet ouvrage apporte n\u00e9anmoins une contribution nouvelle \u00e0 la connaissance de cet art pr\u00e9cieux et fondateur que fut l&#8217;art roman.<\/p>\n","protected":false},"excerpt":{"rendered":"<p>Cet ouvrage, comportant plus de cent photographies ou dessins originaux en noir et blanc, s&#8217;inscrit dans la lign\u00e9e des Hauts lieux romans, publi\u00e9s dans la m\u00eame collection. Au fil de ses voyages en France, en Espagne, et aussi en Italie et en Suisse, allant d&#8217;\u00e9glise romane en \u00e9glise romane, l&#8217;auteur a collect\u00e9 de fort surprenantes [&hellip;]<\/p>\n","protected":false},"featured_media":36439,"template":"","meta":{"_acf_changed":false,"_genesis_hide_title":false,"_genesis_hide_breadcrumbs":false,"_genesis_hide_singular_image":false,"_genesis_hide_footer_widgets":false,"_genesis_custom_body_class":"","_genesis_custom_post_class":"","_genesis_layout":""},"product_brand":[],"product_cat":[7132,7148,7160],"product_tag":[],"class_list":{"0":"post-18579","1":"product","2":"type-product","3":"status-publish","4":"has-post-thumbnail","6":"product_cat-books","7":"product_cat-history-geography-en","8":"product_cat-medieval-history-en","9":"pa_auteur-giannerini-pierre-en","10":"pa_editeur-la-louve-en","11":"pa_illustrateur-audoin-bernard-en","12":"pa_illustrateur-castillou-pierre-en","13":"pa_langue-francais-en","14":"entry","16":"first","17":"outofstock","18":"shipping-taxable","19":"purchasable","20":"product-type-simple"},"acf":[],"_links":{"self":[{"href":"https:\/\/www.libraria-occitana.org\/en\/wp-json\/wp\/v2\/product\/18579","targetHints":{"allow":["GET"]}}],"collection":[{"href":"https:\/\/www.libraria-occitana.org\/en\/wp-json\/wp\/v2\/product"}],"about":[{"href":"https:\/\/www.libraria-occitana.org\/en\/wp-json\/wp\/v2\/types\/product"}],"wp:featuredmedia":[{"embeddable":true,"href":"https:\/\/www.libraria-occitana.org\/en\/wp-json\/wp\/v2\/media\/36439"}],"wp:attachment":[{"href":"https:\/\/www.libraria-occitana.org\/en\/wp-json\/wp\/v2\/media?parent=18579"}],"wp:term":[{"taxonomy":"product_brand","embeddable":true,"href":"https:\/\/www.libraria-occitana.org\/en\/wp-json\/wp\/v2\/product_brand?post=18579"},{"taxonomy":"product_cat","embeddable":true,"href":"https:\/\/www.libraria-occitana.org\/en\/wp-json\/wp\/v2\/product_cat?post=18579"},{"taxonomy":"product_tag","embeddable":true,"href":"https:\/\/www.libraria-occitana.org\/en\/wp-json\/wp\/v2\/product_tag?post=18579"}],"curies":[{"name":"wp","href":"https:\/\/api.w.org\/{rel}","templated":true}]}}