{"id":18605,"date":"2009-01-01T08:54:52","date_gmt":"2009-01-01T07:54:52","guid":{"rendered":"http:\/\/www.libraria-occitana.org\/all-products\/vrenhadas?lang=en"},"modified":"2026-04-29T02:16:23","modified_gmt":"2026-04-29T00:16:23","slug":"vrenhadas","status":"publish","type":"product","link":"https:\/\/www.libraria-occitana.org\/en\/product\/vrenhadas\/","title":{"rendered":"Vrenhadas"},"content":{"rendered":"<p><strong>Avec Joan-Franc\u00e9s Tisn\u00e8r<\/strong><br \/>\nCrestian Josu\u00e9<br \/>\nMarc Castanet<br \/>\nVal\u00e9rie Chabanel<\/p>\n<p>Quand les vendanges s&#8217;ach\u00e8vent, il reste \u00e0 faire m\u00fbrir le fruit qu&#8217;elles ont donn\u00e9 : la <em>\u00ab\u00a0vrenhada\u00a0\u00bb<\/em>, et la saison a \u00e9t\u00e9 bonne.<\/p>\n<p><span style=\"font-size: 16px;\"><em>Vrenhadas<\/em> propose une reprise des grandes chansons du r\u00e9pertoire (\u00ab Carnaval \u00bb, \u00ab Los Junquets \u00bb,\u00a0<\/span>\u00ab Hilh\u00f2ta de del\u00e0 l&#8217;aiga \u00bb&#8230;) en duo avec Joan- Franc\u00e9s Tisn\u00e8r (chant), ainsi que des pi\u00e8ces d&#8217;ensemble ou des solos de guitare sur la musique traditionnelle occitane, avec Christian Josu\u00e9 (fl\u00fbte \u00e0 trois trous), Marc Castan\u00e9 (accord\u00e9on, boha) et Val\u00e9rie Chabanel (guitare).<\/p>\n<p><strong>Titres :<\/strong><\/p>\n<p>1. Qu\u2019av\u00e8m maridat la nosta hilha<br \/>\n2. Hilh\u00f2ta de del\u00e0 l\u2019aiga<br \/>\n3. Be i a longtemps joenessa<br \/>\n4. Triste ei lo c\u00e8u<br \/>\n5. En traversant nau lanas<br \/>\n6. A nu\u00e8it toquer\u00e0m lo p\u00e8 a la n\u00f2via<br \/>\n7. Carnaval<br \/>\n8. Sarramilh\u00f2ca<br \/>\n9. Lo v\u00e8spre de la n\u00f2\u00e7a<br \/>\n10. Lo Boi\u00e8r<br \/>\n11. Per un b\u00e8th jorn de l\u2019ascension<br \/>\n12. De Monsur de Maitinats<br \/>\n13. A malaia la bugada<br \/>\n14. Los Junquets<br \/>\n15. A l\u2019entorn de ma maison<\/p>\n","protected":false},"excerpt":{"rendered":"<p>Avec Joan-Franc\u00e9s Tisn\u00e8r Crestian Josu\u00e9 Marc Castanet Val\u00e9rie Chabanel Quand les vendanges s&#8217;ach\u00e8vent, il reste \u00e0 faire m\u00fbrir le fruit qu&#8217;elles ont donn\u00e9 : la \u00ab\u00a0vrenhada\u00a0\u00bb, et la saison a \u00e9t\u00e9 bonne. Vrenhadas propose une reprise des grandes chansons du r\u00e9pertoire (\u00ab Carnaval \u00bb, \u00ab Los Junquets \u00bb,\u00a0\u00ab Hilh\u00f2ta de del\u00e0 l&#8217;aiga \u00bb&#8230;) en duo [&hellip;]<\/p>\n","protected":false},"featured_media":18606,"template":"","meta":{"_acf_changed":false,"_genesis_hide_title":false,"_genesis_hide_breadcrumbs":false,"_genesis_hide_singular_image":false,"_genesis_hide_footer_widgets":false,"_genesis_custom_body_class":"","_genesis_custom_post_class":"","_genesis_layout":""},"product_brand":[],"product_cat":[7216,7218],"product_tag":[],"class_list":{"0":"post-18605","1":"product","2":"type-product","3":"status-publish","4":"has-post-thumbnail","6":"product_cat-music-en","7":"product_cat-voice-en","8":"pa_auteur-frossard-denis-en","9":"pa_auteur-tisner-joan-frances-en","10":"pa_editeur-menestrers-gascons-en","11":"entry","13":"first","14":"instock","15":"shipping-taxable","16":"purchasable","17":"product-type-simple"},"acf":[],"_links":{"self":[{"href":"https:\/\/www.libraria-occitana.org\/en\/wp-json\/wp\/v2\/product\/18605","targetHints":{"allow":["GET"]}}],"collection":[{"href":"https:\/\/www.libraria-occitana.org\/en\/wp-json\/wp\/v2\/product"}],"about":[{"href":"https:\/\/www.libraria-occitana.org\/en\/wp-json\/wp\/v2\/types\/product"}],"wp:featuredmedia":[{"embeddable":true,"href":"https:\/\/www.libraria-occitana.org\/en\/wp-json\/wp\/v2\/media\/18606"}],"wp:attachment":[{"href":"https:\/\/www.libraria-occitana.org\/en\/wp-json\/wp\/v2\/media?parent=18605"}],"wp:term":[{"taxonomy":"product_brand","embeddable":true,"href":"https:\/\/www.libraria-occitana.org\/en\/wp-json\/wp\/v2\/product_brand?post=18605"},{"taxonomy":"product_cat","embeddable":true,"href":"https:\/\/www.libraria-occitana.org\/en\/wp-json\/wp\/v2\/product_cat?post=18605"},{"taxonomy":"product_tag","embeddable":true,"href":"https:\/\/www.libraria-occitana.org\/en\/wp-json\/wp\/v2\/product_tag?post=18605"}],"curies":[{"name":"wp","href":"https:\/\/api.w.org\/{rel}","templated":true}]}}