{"id":18619,"date":"2008-12-01T11:21:53","date_gmt":"2008-12-01T10:21:53","guid":{"rendered":"http:\/\/www.libraria-occitana.org\/all-products\/les-noms-de-lieux-du-canton-de-gentioux-creuse?lang=en"},"modified":"2026-04-29T01:26:27","modified_gmt":"2026-04-28T23:26:27","slug":"les-noms-de-lieux-du-canton-de-gentioux-creuse","status":"publish","type":"product","link":"https:\/\/www.libraria-occitana.org\/en\/product\/les-noms-de-lieux-du-canton-de-gentioux-creuse\/","title":{"rendered":"Les noms de lieux du canton de Gentioux (Creuse)"},"content":{"rendered":"<p>Les noms de lieux de notre r\u00e9gion se sont form\u00e9s en langue d\u2019oc dont ils furent les premiers t\u00e9moignages \u00e9crits, bien avant l\u2019an 1000. Il nous est donc naturel et indispensable de les conna\u00eetre, de les comprendre et de les conserver dans la forme \u00e9crite qui leur convient de nos jours et qui nous est transmise oralement.<\/p>\n<p>Le canton de Gentioux est au coeur du Limousin, paradis des eaux ruisselantes et terre symbolique \u00e0 bien des \u00e9gards. Les centaines de noms de lieux qui le pars\u00e8ment, ceux des communes, des villages, des \u00e9carts, des lieux-dits et des cours d\u2019eau sont une composante fondamentale de son identit\u00e9.<\/p>\n<p>Si Neypoux, Les Arfeix, La L\u00e9zioux, S\u00e9noueix, Le Cheix, Le Saintoux ou Jalagnat vous intriguent, laissez-vous tenter par la d\u00e9couverte !<\/p>\n","protected":false},"excerpt":{"rendered":"<p>Les noms de lieux de notre r\u00e9gion se sont form\u00e9s en langue d\u2019oc dont ils furent les premiers t\u00e9moignages \u00e9crits, bien avant l\u2019an 1000. Il nous est donc naturel et indispensable de les conna\u00eetre, de les comprendre et de les conserver dans la forme \u00e9crite qui leur convient de nos jours et qui nous est [&hellip;]<\/p>\n","protected":false},"featured_media":36442,"template":"","meta":{"_acf_changed":false,"_genesis_hide_title":false,"_genesis_hide_breadcrumbs":false,"_genesis_hide_singular_image":false,"_genesis_hide_footer_widgets":false,"_genesis_custom_body_class":"","_genesis_custom_post_class":"","_genesis_layout":""},"product_brand":[],"product_cat":[7132,7148,7162],"product_tag":[],"class_list":{"0":"post-18619","1":"product","2":"type-product","3":"status-publish","4":"has-post-thumbnail","6":"product_cat-books","7":"product_cat-history-geography-en","8":"product_cat-place-names-peoples-names-en","9":"pa_auteur-lavalada-ives-en","10":"pa_editeur-ieo-lemosin-en-2","11":"pa_langue-francais-en","12":"entry","14":"first","15":"instock","16":"shipping-taxable","17":"purchasable","18":"product-type-simple"},"acf":[],"_links":{"self":[{"href":"https:\/\/www.libraria-occitana.org\/en\/wp-json\/wp\/v2\/product\/18619","targetHints":{"allow":["GET"]}}],"collection":[{"href":"https:\/\/www.libraria-occitana.org\/en\/wp-json\/wp\/v2\/product"}],"about":[{"href":"https:\/\/www.libraria-occitana.org\/en\/wp-json\/wp\/v2\/types\/product"}],"wp:featuredmedia":[{"embeddable":true,"href":"https:\/\/www.libraria-occitana.org\/en\/wp-json\/wp\/v2\/media\/36442"}],"wp:attachment":[{"href":"https:\/\/www.libraria-occitana.org\/en\/wp-json\/wp\/v2\/media?parent=18619"}],"wp:term":[{"taxonomy":"product_brand","embeddable":true,"href":"https:\/\/www.libraria-occitana.org\/en\/wp-json\/wp\/v2\/product_brand?post=18619"},{"taxonomy":"product_cat","embeddable":true,"href":"https:\/\/www.libraria-occitana.org\/en\/wp-json\/wp\/v2\/product_cat?post=18619"},{"taxonomy":"product_tag","embeddable":true,"href":"https:\/\/www.libraria-occitana.org\/en\/wp-json\/wp\/v2\/product_tag?post=18619"}],"curies":[{"name":"wp","href":"https:\/\/api.w.org\/{rel}","templated":true}]}}