{"id":18621,"date":"2008-11-01T15:40:19","date_gmt":"2008-11-01T14:40:19","guid":{"rendered":"http:\/\/www.libraria-occitana.org\/all-products\/trobadors-libre-cd?lang=en"},"modified":"2026-04-02T22:22:02","modified_gmt":"2026-04-02T20:22:02","slug":"trobadors-libre-cd","status":"publish","type":"product","link":"https:\/\/www.libraria-occitana.org\/en\/product\/trobadors-libre-cd\/","title":{"rendered":"Trobadors (libre + CD)"},"content":{"rendered":"<p>C&#8217;est comme un souffle de vie. Un printemps qui vivifie. Entre XIIe et XIIIe si\u00e8cle, une respiration qui dure deux cents ans. Huit g\u00e9n\u00e9rations de cr\u00e9ations artistiques, musicales et litt\u00e9raires. En terre d&#8217;oc, l\u00e0, au centre de l&#8217;Europe, <em>los trobadors<\/em>. Ils inventent une civilisation que nous portons en nous et des valeurs toujours modernes : l&#8217;amour, la dignit\u00e9 de l&#8217;\u00eatre, la d\u00e9rision des pouvoirs et la clart\u00e9 de l&#8217;aube, la haine des jaloux&#8230; Pour la premi\u00e8re fois en Europe, dans une langue qui n&#8217;est pas le latin, la musique sacr\u00e9e devient profane.<\/p>\n<p>L&#8217;ouvrage propose un voyage au Moyen-\u00c2ge \u00e0 travers les textes des troubadours en pays d&#8217;oc entre le XIIe et le XIIIe si\u00e8cle. Huit g\u00e9n\u00e9rations de cr\u00e9ations artistiques, musicales et litt\u00e9raires. \u00c0\u00a0partir de ces textes, Martial Peyrouny fournit une lecture de leur \u00e9poque et des enjeux de la simple existence de la civilisation occitane ; avec une mise en perspective de l&#8217;histoire et de la g\u00e9ographie.<\/p>\n<p>Un CD audio reprend quelques textes de ces troubadours mis en musique et interpr\u00e9t\u00e9s par Joan-Pau Verdier.<\/p>\n","protected":false},"excerpt":{"rendered":"<p>C&#8217;est comme un souffle de vie. Un printemps qui vivifie. Entre XIIe et XIIIe si\u00e8cle, une respiration qui dure deux cents ans. Huit g\u00e9n\u00e9rations de cr\u00e9ations artistiques, musicales et litt\u00e9raires. En terre d&#8217;oc, l\u00e0, au centre de l&#8217;Europe, los trobadors. Ils inventent une civilisation que nous portons en nous et des valeurs toujours modernes : [&hellip;]<\/p>\n","protected":false},"featured_media":18622,"template":"","meta":{"_acf_changed":false,"_genesis_hide_title":false,"_genesis_hide_breadcrumbs":false,"_genesis_hide_singular_image":false,"_genesis_hide_footer_widgets":false,"_genesis_custom_body_class":"","_genesis_custom_post_class":"","_genesis_layout":""},"product_brand":[],"product_cat":[7132,7164,7166],"product_tag":[],"class_list":{"0":"post-18621","1":"product","2":"type-product","3":"status-publish","4":"has-post-thumbnail","6":"product_cat-books","7":"product_cat-juvenile-and-teen-comics-humour-en","8":"product_cat-teen-en","9":"pa_auteur-peyrouny-martial-fr-en","10":"pa_auteur-verdier-joan-pau-en","11":"pa_editeur-canope-editions-en","12":"pa_illustrateur-aussibal-luc-en","13":"pa_langue-francais-en","14":"pa_langue-occitan-en","15":"entry","17":"first","18":"outofstock","19":"shipping-taxable","20":"purchasable","21":"product-type-simple"},"acf":[],"_links":{"self":[{"href":"https:\/\/www.libraria-occitana.org\/en\/wp-json\/wp\/v2\/product\/18621","targetHints":{"allow":["GET"]}}],"collection":[{"href":"https:\/\/www.libraria-occitana.org\/en\/wp-json\/wp\/v2\/product"}],"about":[{"href":"https:\/\/www.libraria-occitana.org\/en\/wp-json\/wp\/v2\/types\/product"}],"wp:featuredmedia":[{"embeddable":true,"href":"https:\/\/www.libraria-occitana.org\/en\/wp-json\/wp\/v2\/media\/18622"}],"wp:attachment":[{"href":"https:\/\/www.libraria-occitana.org\/en\/wp-json\/wp\/v2\/media?parent=18621"}],"wp:term":[{"taxonomy":"product_brand","embeddable":true,"href":"https:\/\/www.libraria-occitana.org\/en\/wp-json\/wp\/v2\/product_brand?post=18621"},{"taxonomy":"product_cat","embeddable":true,"href":"https:\/\/www.libraria-occitana.org\/en\/wp-json\/wp\/v2\/product_cat?post=18621"},{"taxonomy":"product_tag","embeddable":true,"href":"https:\/\/www.libraria-occitana.org\/en\/wp-json\/wp\/v2\/product_tag?post=18621"}],"curies":[{"name":"wp","href":"https:\/\/api.w.org\/{rel}","templated":true}]}}