{"id":18639,"date":"2008-10-01T11:24:22","date_gmt":"2008-10-01T10:24:22","guid":{"rendered":"http:\/\/www.libraria-occitana.org\/all-products\/histoires-salees-du-moyen-age-26-fabliaux-irrespectueux?lang=en"},"modified":"2026-04-22T00:46:14","modified_gmt":"2026-04-21T22:46:14","slug":"histoires-salees-du-moyen-age-26-fabliaux-irrespectueux","status":"publish","type":"product","link":"https:\/\/www.libraria-occitana.org\/en\/product\/histoires-salees-du-moyen-age-26-fabliaux-irrespectueux\/","title":{"rendered":"Histoires sal\u00e9es du Moyen \u00c2ge : 26 fabliaux irrespectueux"},"content":{"rendered":"<p>Ce livre n&#8217;est au fond rien moins qu&#8217;un recueil d&#8217;histoires dr\u00f4les. Mais la particularit\u00e9 de ces histoires est de nous venir en droite ligne du Moyen \u00c2ge. Il s&#8217;agit en effet de po\u00e8mes des XIIe et XIIIe si\u00e8cles, originaires de la &#8220;France du nord&#8221;, de textes irr\u00e9v\u00e9rencieux, plut\u00f4t &#8220;sal\u00e9s&#8221;, fortement anticl\u00e9ricaux, parfois volontiers misogynes, mais toujours pleins d&#8217;humour et de d\u00e9rision, et au langage souvent tr\u00e8s cru. R\u00e9solument, il n&#8217;a pas \u00e9t\u00e9 question ici de donner de ces textes une \u00e9dition scientifique au sens strict, avec force notes de bas de page et glossaire : \u00e9diteur et traducteurs se sont plut\u00f4t joyeusement pass\u00e9 le mot pour offrir ces 26 po\u00e8mes satiriques traduits &#8220;dans l&#8217;esprit&#8221;, \u00e0 savoir de fa\u00e7on litt\u00e9raire et libre, le but avou\u00e9 \u00e9tant de permettre une lecture ais\u00e9e de textes peu ou mal connus, en leur conservant toute leur saveur, et parfois leur &#8220;actualit\u00e9&#8221;. Flirtant avec l&#8217;absurde et le burlesque, les po\u00e8tes raillent, d\u00e9chirent, font rire, retirant souvent de leurs histoires des morales dr\u00f4les ou abruptes, voire de temps en temps pour le moins douteuses.<\/p>\n<p>L&#8217;autre originalit\u00e9 de ce livre, et non la moindre, consiste en la r\u00e9union in\u00e9dite de deux langues qui, pr\u00e9cis\u00e9ment au XIIIe si\u00e8cle, s&#8217;opposaient par les armes \u00e0 l&#8217;occasion de la croisade contre les Albigeois.<\/p>\n<p>Voici pourquoi le lecteur trouvera dans ces pages trois versions successives de ces 26 fabliaux : l&#8217;une est le texte d&#8217;origine en ancien fran\u00e7ais, les deux suivantes sont en fran\u00e7ais et en occitan d&#8217;aujourd&#8217;hui.<br \/>\nPuisse un tel ouvrage apporter \u00e0 chacun enseignement et bonne humeur, \u00e0 travers cette immersion dans l&#8217;univers humoristique et irrespectueux de po\u00e8tes m\u00e9di\u00e9vaux \u00e0 la langue bien pendue.<\/p>\n","protected":false},"excerpt":{"rendered":"<p>Ce livre n&#8217;est au fond rien moins qu&#8217;un recueil d&#8217;histoires dr\u00f4les. Mais la particularit\u00e9 de ces histoires est de nous venir en droite ligne du Moyen \u00c2ge. Il s&#8217;agit en effet de po\u00e8mes des XIIe et XIIIe si\u00e8cles, originaires de la &#8220;France du nord&#8221;, de textes irr\u00e9v\u00e9rencieux, plut\u00f4t &#8220;sal\u00e9s&#8221;, fortement anticl\u00e9ricaux, parfois volontiers misogynes, mais [&hellip;]<\/p>\n","protected":false},"featured_media":18640,"template":"","meta":{"_acf_changed":false,"_genesis_hide_title":false,"_genesis_hide_breadcrumbs":false,"_genesis_hide_singular_image":false,"_genesis_hide_footer_widgets":false,"_genesis_custom_body_class":"","_genesis_custom_post_class":"","_genesis_layout":""},"product_brand":[],"product_cat":[7132,7174,7176],"product_tag":[],"class_list":{"0":"post-18639","1":"product","2":"type-product","3":"status-publish","4":"has-post-thumbnail","6":"product_cat-books","7":"product_cat-literature-en","8":"product_cat-tales-fables-en","9":"pa_auteur-anonime-en","10":"pa_editeur-la-louve-en","11":"pa_illustrateur-collectiu-illustrateur-en","12":"pa_langue-autras-lingas-en","13":"pa_langue-occitan-lengadocian-en","14":"pa_langue-occitan-francais-en","15":"entry","17":"first","18":"instock","19":"shipping-taxable","20":"purchasable","21":"product-type-simple"},"acf":[],"_links":{"self":[{"href":"https:\/\/www.libraria-occitana.org\/en\/wp-json\/wp\/v2\/product\/18639","targetHints":{"allow":["GET"]}}],"collection":[{"href":"https:\/\/www.libraria-occitana.org\/en\/wp-json\/wp\/v2\/product"}],"about":[{"href":"https:\/\/www.libraria-occitana.org\/en\/wp-json\/wp\/v2\/types\/product"}],"wp:featuredmedia":[{"embeddable":true,"href":"https:\/\/www.libraria-occitana.org\/en\/wp-json\/wp\/v2\/media\/18640"}],"wp:attachment":[{"href":"https:\/\/www.libraria-occitana.org\/en\/wp-json\/wp\/v2\/media?parent=18639"}],"wp:term":[{"taxonomy":"product_brand","embeddable":true,"href":"https:\/\/www.libraria-occitana.org\/en\/wp-json\/wp\/v2\/product_brand?post=18639"},{"taxonomy":"product_cat","embeddable":true,"href":"https:\/\/www.libraria-occitana.org\/en\/wp-json\/wp\/v2\/product_cat?post=18639"},{"taxonomy":"product_tag","embeddable":true,"href":"https:\/\/www.libraria-occitana.org\/en\/wp-json\/wp\/v2\/product_tag?post=18639"}],"curies":[{"name":"wp","href":"https:\/\/api.w.org\/{rel}","templated":true}]}}