{"id":18675,"date":"2009-09-01T12:40:53","date_gmt":"2009-09-01T10:40:53","guid":{"rendered":"http:\/\/www.libraria-occitana.org\/all-products\/les-guerriers-gaulois-de-tintignac?lang=en"},"modified":"2026-04-29T10:56:43","modified_gmt":"2026-04-29T08:56:43","slug":"les-guerriers-gaulois-de-tintignac","status":"publish","type":"product","link":"https:\/\/www.libraria-occitana.org\/en\/product\/les-guerriers-gaulois-de-tintignac\/","title":{"rendered":"Les guerriers gaulois de Tintignac"},"content":{"rendered":"<p>Cette publication a pour ambition de porter \u00e0 la connaissance du public un premier \u00e9tat des \u00e9tudes du d\u00e9p\u00f4t d&#8217;armes et d&#8217;objets gaulois d\u00e9couverts sur le sanctuaire de Tintignac en 2004. On ne saurait traduire ici l&#8217;intense \u00e9motion v\u00e9cue par les arch\u00e9ologues qui ont \u0153uvr\u00e9 au d\u00e9gagement minutieux de cet ensemble exceptionnel.<\/p>\n<p>L&#8217;\u00e9quipe pluridisciplinaire constitu\u00e9e associe arch\u00e9ologues, technologue, m\u00e9tallographe, restaurateurs, sp\u00e9cialistes des armes gauloises ou du scan 3D, socleurs pour la pr\u00e9sentation des objets, dinandier&#8230;<br \/>\nDeux \u00e9l\u00e9ments particuli\u00e8rement significatifs du d\u00e9p\u00f4t ont \u00e9t\u00e9 \u00e9tudi\u00e9s, restaur\u00e9s et pr\u00e9sent\u00e9s au public : le choix s&#8217;est port\u00e9 sur le carnyx le plus complet et sur le casque-oiseau. Cette premi\u00e8re \u00e9tape a permis de valider un protocole d&#8217;\u00e9tude et de restauration qui pourra \u00eatre reconduit pour la totalit\u00e9 des pi\u00e8ces.<\/p>\n<p>Au-del\u00e0 de l&#8217;analyse technologique de leur fabrication qui permet d&#8217;appr\u00e9hender le savoir-faire et la haute technicit\u00e9 des artisans gaulois, nombre de questions se posent. D&#8217;o\u00f9 viennent ces objets dont la chronologie s&#8217;\u00e9tend sur environ trois si\u00e8cles ? Comment \u00e9taient-ils conserv\u00e9s sur le sanctuaire gaulois ? Quels rituels ont pr\u00e9sid\u00e9 \u00e0 la mutilation et \u00e0 l&#8217;enfouissement de ces armes et de ces trompettes de guerre ?<\/p>\n<p style=\"text-align: right\">Martine Fabioux,<br \/>\nConservateur r\u00e9gional de l&#8217;Arch\u00e9ologie<\/p>\n","protected":false},"excerpt":{"rendered":"<p>Cette publication a pour ambition de porter \u00e0 la connaissance du public un premier \u00e9tat des \u00e9tudes du d\u00e9p\u00f4t d&#8217;armes et d&#8217;objets gaulois d\u00e9couverts sur le sanctuaire de Tintignac en 2004. On ne saurait traduire ici l&#8217;intense \u00e9motion v\u00e9cue par les arch\u00e9ologues qui ont \u0153uvr\u00e9 au d\u00e9gagement minutieux de cet ensemble exceptionnel. L&#8217;\u00e9quipe pluridisciplinaire constitu\u00e9e [&hellip;]<\/p>\n","protected":false},"featured_media":18676,"template":"","meta":{"_acf_changed":false,"_genesis_hide_title":false,"_genesis_hide_breadcrumbs":false,"_genesis_hide_singular_image":false,"_genesis_hide_footer_widgets":false,"_genesis_custom_body_class":"","_genesis_custom_post_class":"","_genesis_layout":""},"product_brand":[],"product_cat":[7154,7132,7148],"product_tag":[],"class_list":{"0":"post-18675","1":"product","2":"type-product","3":"status-publish","4":"has-post-thumbnail","6":"product_cat-ancient-history-en","7":"product_cat-books","8":"product_cat-history-geography-en","9":"pa_auteur-maniquet-christophe-en","10":"pa_editeur-culture-patrimoine-en-limousin-en","11":"pa_langue-francais-en","12":"entry","14":"first","15":"outofstock","16":"shipping-taxable","17":"purchasable","18":"product-type-simple"},"acf":[],"_links":{"self":[{"href":"https:\/\/www.libraria-occitana.org\/en\/wp-json\/wp\/v2\/product\/18675","targetHints":{"allow":["GET"]}}],"collection":[{"href":"https:\/\/www.libraria-occitana.org\/en\/wp-json\/wp\/v2\/product"}],"about":[{"href":"https:\/\/www.libraria-occitana.org\/en\/wp-json\/wp\/v2\/types\/product"}],"wp:featuredmedia":[{"embeddable":true,"href":"https:\/\/www.libraria-occitana.org\/en\/wp-json\/wp\/v2\/media\/18676"}],"wp:attachment":[{"href":"https:\/\/www.libraria-occitana.org\/en\/wp-json\/wp\/v2\/media?parent=18675"}],"wp:term":[{"taxonomy":"product_brand","embeddable":true,"href":"https:\/\/www.libraria-occitana.org\/en\/wp-json\/wp\/v2\/product_brand?post=18675"},{"taxonomy":"product_cat","embeddable":true,"href":"https:\/\/www.libraria-occitana.org\/en\/wp-json\/wp\/v2\/product_cat?post=18675"},{"taxonomy":"product_tag","embeddable":true,"href":"https:\/\/www.libraria-occitana.org\/en\/wp-json\/wp\/v2\/product_tag?post=18675"}],"curies":[{"name":"wp","href":"https:\/\/api.w.org\/{rel}","templated":true}]}}