{"id":18685,"date":"2009-06-01T18:39:07","date_gmt":"2009-06-01T17:39:07","guid":{"rendered":"http:\/\/www.libraria-occitana.org\/all-products\/bestiaire-ii-bestiari-ii?lang=en"},"modified":"2026-04-12T21:52:06","modified_gmt":"2026-04-12T19:52:06","slug":"bestiaire-ii-bestiari-ii","status":"publish","type":"product","link":"https:\/\/www.libraria-occitana.org\/en\/product\/bestiaire-ii-bestiari-ii\/","title":{"rendered":"Bestiaire II &#8211; Bestiari II"},"content":{"rendered":"<p style=\"text-align: left;\">Catalogues des peurs et de d\u00e9sirs, r\u00e9pertoires des r\u00e8gles morales ou esth\u00e9tiques d&#8217;une \u00e9poque, les bestiaires sont \u00e0 la fois un genre litt\u00e9raire et, par avance, l&#8217;aveu de leur contenu. C&#8217;est que les figures animales, r\u00e9ellement vues ou seulement entr&#8217;aper\u00e7ues en r\u00eave, hantent depuis les \u00e9poques lointaines de Lascaux ou de la grotte Chauvet, la m\u00e9moire humaine : repr\u00e9sentations r\u00e9alistes ou expressions religieuses, ces po\u00e8mes de couleurs, de formes ou de mots assembl\u00e9s expriment l&#8217;\u00e9nigme r\u00e9ciproque de l&#8217;homme et de la b\u00eate, de la plus humble \u00e0 la plus terrifiante.<\/p>\n<p>Les animaux de Max Rouquette ne sont pas pour lui des cr\u00e9atures marginales : on les trouve \u00e9parpill\u00e9s tout au long de son \u0153uvre, po\u00e9tique, romanesque et m\u00eame th\u00e9\u00e2trale. Son <em>Bestiaire<\/em>, dont on trouve ici le deuxi\u00e8me volet, en attendant les suivants, regroupe comme dans une \u00e9trange galerie de tableaux toutes ces pr\u00e9sences innombrables dont le regard, souvent ind\u00e9chiffrable, interpelle l&#8217;\u00e9crivain en lui tendant autant de miroirs de sa propre condition. Ces instants d&#8217;\u00e9motion intense y sont traduits en rythmes et en images souvent vertigineuses o\u00f9 l&#8217;humour, quand il vient \u00e0 s&#8217;y manifester, souligne la qualit\u00e9 du lien unissant le po\u00e8te \u00e0 tous ces autres soi-m\u00eame qui l&#8217;attirent au plus enfoui de son imaginaire, jusqu&#8217;aux ab\u00eemes du temps et de l&#8217;espace.<\/p>\n<p style=\"text-align: right;\">Philippe Gardy<\/p>\n","protected":false},"excerpt":{"rendered":"<p>Catalogues des peurs et de d\u00e9sirs, r\u00e9pertoires des r\u00e8gles morales ou esth\u00e9tiques d&#8217;une \u00e9poque, les bestiaires sont \u00e0 la fois un genre litt\u00e9raire et, par avance, l&#8217;aveu de leur contenu. C&#8217;est que les figures animales, r\u00e9ellement vues ou seulement entr&#8217;aper\u00e7ues en r\u00eave, hantent depuis les \u00e9poques lointaines de Lascaux ou de la grotte Chauvet, la [&hellip;]<\/p>\n","protected":false},"featured_media":36516,"template":"","meta":{"_acf_changed":false,"_genesis_hide_title":false,"_genesis_hide_breadcrumbs":false,"_genesis_hide_singular_image":false,"_genesis_hide_footer_widgets":false,"_genesis_custom_body_class":"","_genesis_custom_post_class":"","_genesis_layout":""},"product_brand":[],"product_cat":[7132,7174,7180],"product_tag":[],"class_list":{"0":"post-18685","1":"product","2":"type-product","3":"status-publish","4":"has-post-thumbnail","6":"product_cat-books","7":"product_cat-literature-en","8":"product_cat-poetry-en","9":"pa_auteur-roqueta-max-en","10":"pa_editeur-federop-en","11":"pa_langue-occitan-lengadocian-en","12":"pa_langue-occitan-francais-en","13":"entry","15":"first","16":"instock","17":"shipping-taxable","18":"purchasable","19":"product-type-simple"},"acf":[],"_links":{"self":[{"href":"https:\/\/www.libraria-occitana.org\/en\/wp-json\/wp\/v2\/product\/18685","targetHints":{"allow":["GET"]}}],"collection":[{"href":"https:\/\/www.libraria-occitana.org\/en\/wp-json\/wp\/v2\/product"}],"about":[{"href":"https:\/\/www.libraria-occitana.org\/en\/wp-json\/wp\/v2\/types\/product"}],"wp:featuredmedia":[{"embeddable":true,"href":"https:\/\/www.libraria-occitana.org\/en\/wp-json\/wp\/v2\/media\/36516"}],"wp:attachment":[{"href":"https:\/\/www.libraria-occitana.org\/en\/wp-json\/wp\/v2\/media?parent=18685"}],"wp:term":[{"taxonomy":"product_brand","embeddable":true,"href":"https:\/\/www.libraria-occitana.org\/en\/wp-json\/wp\/v2\/product_brand?post=18685"},{"taxonomy":"product_cat","embeddable":true,"href":"https:\/\/www.libraria-occitana.org\/en\/wp-json\/wp\/v2\/product_cat?post=18685"},{"taxonomy":"product_tag","embeddable":true,"href":"https:\/\/www.libraria-occitana.org\/en\/wp-json\/wp\/v2\/product_tag?post=18685"}],"curies":[{"name":"wp","href":"https:\/\/api.w.org\/{rel}","templated":true}]}}