{"id":18699,"date":"2009-05-01T18:28:41","date_gmt":"2009-05-01T16:28:41","guid":{"rendered":"http:\/\/www.libraria-occitana.org\/all-products\/le-secret-de-la-rouelle-vol-1-loeil-mauvais?lang=en"},"modified":"2026-04-29T11:06:57","modified_gmt":"2026-04-29T09:06:57","slug":"le-secret-de-la-rouelle-vol-1-loeil-mauvais","status":"publish","type":"product","link":"https:\/\/www.libraria-occitana.org\/en\/product\/le-secret-de-la-rouelle-vol-1-loeil-mauvais\/","title":{"rendered":"Le secret de la rouelle vol. 1 : L&#8217;\u0153il mauvais"},"content":{"rendered":"<p>\u00ab Et tant que vous n&#8217;aurez pas trouv\u00e9 le Secret, tant que vous n&#8217;aurez pas r\u00e9ussi \u00e0 lever la mal\u00e9diction, jamais vous ne pourrez retourner dans votre temps ! \u00bb<\/p>\n<p>S&#8217;ils avaient pu penser que la d\u00e9couverte d&#8217;un petit objet rond dans un ruisseau les entra\u00eenerait dans des aventures d&#8217;\u00e9tape en \u00e9tape plus incroyables&#8230;<\/p>\n<p>\u00ab Ils \u00bb ? Une fillette, Anna, habitant quelque part en Limousin. Et lui, L\u00e9o, son cousin de Paris. Tout les oppose. Et voil\u00e0 que cette petite chose, cette \u00e9trange rouelle va bouleverser leur vie.<\/p>\n<p>Sorci\u00e8re, Meneur de loups, Chasse volante, Dame blanche, sans oublier le fabuleux petit Chien blanc qui les guide, vont leur faire remonter les si\u00e8cles \u00e0 la d\u00e9couverte de la vie inimaginable men\u00e9e par leurs anc\u00eatres, sous le regard de cet \u0152il mauvais qui les harc\u00e8le sans rel\u00e2che. Parviendront-ils \u00e0 trouver le Secret de la rouelle et \u00e0 d\u00e9livrer le pays de la mal\u00e9diction qui l&#8217;oppresse ?<\/p>\n<p>Au-del\u00e0 de cette invraisemblable aventure, Marie-France Houdart nous entra\u00eene dans une fantastique mais v\u00e9ridique fresque d&#8217;histoire, l&#8217;histoire d&#8217;un village perdu du pays Limousin, o\u00f9 la survie \u00e9tait si difficile que partir semblait souvent n\u00e9cessit\u00e9. Sera-t-il sauv\u00e9 par ces deux enfants ?<\/p>\n<p><a title=\"Le secret de la rouelle vol. 2 : Le feu nouveau\" href=\"http:\/\/www.libraria-occitana.org\/all-products\/le-secret-de-la-rouelle-vol-2-le-feu-nouveau\"><em>Le secret de la rouelle<\/em> vol. 2 :<em> Le Feu nouveau<\/em><\/a><\/p>\n","protected":false},"excerpt":{"rendered":"<p>\u00ab Et tant que vous n&#8217;aurez pas trouv\u00e9 le Secret, tant que vous n&#8217;aurez pas r\u00e9ussi \u00e0 lever la mal\u00e9diction, jamais vous ne pourrez retourner dans votre temps ! \u00bb S&#8217;ils avaient pu penser que la d\u00e9couverte d&#8217;un petit objet rond dans un ruisseau les entra\u00eenerait dans des aventures d&#8217;\u00e9tape en \u00e9tape plus incroyables&#8230; \u00ab [&hellip;]<\/p>\n","protected":false},"featured_media":18700,"template":"","meta":{"_acf_changed":false,"_genesis_hide_title":false,"_genesis_hide_breadcrumbs":false,"_genesis_hide_singular_image":false,"_genesis_hide_footer_widgets":false,"_genesis_custom_body_class":"","_genesis_custom_post_class":"","_genesis_layout":""},"product_brand":[],"product_cat":[7132,7174,7182],"product_tag":[],"class_list":{"0":"post-18699","1":"product","2":"type-product","3":"status-publish","4":"has-post-thumbnail","6":"product_cat-books","7":"product_cat-literature-en","8":"product_cat-novels-short-stories-en","9":"pa_auteur-houdart-marie-france-en","10":"pa_editeur-maiade-en","11":"pa_illustrateur-bournazel-diane-de-en","12":"pa_langue-francais-en","13":"entry","15":"first","16":"instock","17":"shipping-taxable","18":"purchasable","19":"product-type-simple"},"acf":[],"_links":{"self":[{"href":"https:\/\/www.libraria-occitana.org\/en\/wp-json\/wp\/v2\/product\/18699","targetHints":{"allow":["GET"]}}],"collection":[{"href":"https:\/\/www.libraria-occitana.org\/en\/wp-json\/wp\/v2\/product"}],"about":[{"href":"https:\/\/www.libraria-occitana.org\/en\/wp-json\/wp\/v2\/types\/product"}],"wp:featuredmedia":[{"embeddable":true,"href":"https:\/\/www.libraria-occitana.org\/en\/wp-json\/wp\/v2\/media\/18700"}],"wp:attachment":[{"href":"https:\/\/www.libraria-occitana.org\/en\/wp-json\/wp\/v2\/media?parent=18699"}],"wp:term":[{"taxonomy":"product_brand","embeddable":true,"href":"https:\/\/www.libraria-occitana.org\/en\/wp-json\/wp\/v2\/product_brand?post=18699"},{"taxonomy":"product_cat","embeddable":true,"href":"https:\/\/www.libraria-occitana.org\/en\/wp-json\/wp\/v2\/product_cat?post=18699"},{"taxonomy":"product_tag","embeddable":true,"href":"https:\/\/www.libraria-occitana.org\/en\/wp-json\/wp\/v2\/product_tag?post=18699"}],"curies":[{"name":"wp","href":"https:\/\/api.w.org\/{rel}","templated":true}]}}