{"id":18701,"date":"2009-05-01T10:07:23","date_gmt":"2009-05-01T09:07:23","guid":{"rendered":"http:\/\/www.libraria-occitana.org\/all-products\/belina?lang=en"},"modified":"2026-04-29T10:54:34","modified_gmt":"2026-04-29T08:54:34","slug":"belina","status":"publish","type":"product","link":"https:\/\/www.libraria-occitana.org\/en\/product\/belina\/","title":{"rendered":"Belina"},"content":{"rendered":"<p>Premi\u00e8re grande \u0153uvre de Miqu\u00e8u de Camelat.<\/p>\n<p>Po\u00e8me en trois chants. Peu de temps apr\u00e8s son mariage avec Jacoulet, B\u00e9line, qui a pris froid en donnant le sein \u00e0 son b\u00e9b\u00e9, meurt au milieu des larmes des siens.<\/p>\n<p>Pr\u00e9face de Jean-Yves Casanova.<br \/>\nMise en graphie classique et annotations d&#8217;\u00c9ric Gonzal\u00e8s et Jean-Louis Lavit, d&#8217;apr\u00e8s l&#8217;\u00e9dition de Pierre Bec et Robert Lafont.<br \/>\nTraduction fran\u00e7aise de Pierre Bec et Robert Lafont, revue et corrig\u00e9e par Estela Comellas, \u00c9ric Gonzal\u00e8s et Serge Javaloy\u00e8s.<\/p>\n","protected":false},"excerpt":{"rendered":"<p>Premi\u00e8re grande \u0153uvre de Miqu\u00e8u de Camelat. Po\u00e8me en trois chants. Peu de temps apr\u00e8s son mariage avec Jacoulet, B\u00e9line, qui a pris froid en donnant le sein \u00e0 son b\u00e9b\u00e9, meurt au milieu des larmes des siens. Pr\u00e9face de Jean-Yves Casanova. Mise en graphie classique et annotations d&#8217;\u00c9ric Gonzal\u00e8s et Jean-Louis Lavit, d&#8217;apr\u00e8s l&#8217;\u00e9dition [&hellip;]<\/p>\n","protected":false},"featured_media":53734,"template":"","meta":{"_acf_changed":false,"_genesis_hide_title":false,"_genesis_hide_breadcrumbs":false,"_genesis_hide_singular_image":false,"_genesis_hide_footer_widgets":false,"_genesis_custom_body_class":"","_genesis_custom_post_class":"","_genesis_layout":""},"product_brand":[],"product_cat":[7132,7174,7180,7238],"product_tag":[],"class_list":{"0":"post-18701","1":"product","2":"type-product","3":"status-publish","4":"has-post-thumbnail","6":"product_cat-books","7":"product_cat-literature-en","8":"product_cat-poetry-en","9":"product_cat-promotions-en","10":"pa_auteur-camelat-miqueu-de-en","11":"pa_editeur-reclams-en","12":"pa_illustrateur-collectiu-illustrateur-en","13":"pa_langue-occitan-gascon-en","14":"pa_langue-occitan-francais-en","15":"entry","17":"first","18":"outofstock","19":"shipping-taxable","20":"purchasable","21":"product-type-simple"},"acf":[],"_links":{"self":[{"href":"https:\/\/www.libraria-occitana.org\/en\/wp-json\/wp\/v2\/product\/18701","targetHints":{"allow":["GET"]}}],"collection":[{"href":"https:\/\/www.libraria-occitana.org\/en\/wp-json\/wp\/v2\/product"}],"about":[{"href":"https:\/\/www.libraria-occitana.org\/en\/wp-json\/wp\/v2\/types\/product"}],"wp:featuredmedia":[{"embeddable":true,"href":"https:\/\/www.libraria-occitana.org\/en\/wp-json\/wp\/v2\/media\/53734"}],"wp:attachment":[{"href":"https:\/\/www.libraria-occitana.org\/en\/wp-json\/wp\/v2\/media?parent=18701"}],"wp:term":[{"taxonomy":"product_brand","embeddable":true,"href":"https:\/\/www.libraria-occitana.org\/en\/wp-json\/wp\/v2\/product_brand?post=18701"},{"taxonomy":"product_cat","embeddable":true,"href":"https:\/\/www.libraria-occitana.org\/en\/wp-json\/wp\/v2\/product_cat?post=18701"},{"taxonomy":"product_tag","embeddable":true,"href":"https:\/\/www.libraria-occitana.org\/en\/wp-json\/wp\/v2\/product_tag?post=18701"}],"curies":[{"name":"wp","href":"https:\/\/api.w.org\/{rel}","templated":true}]}}