{"id":18719,"date":"2010-04-01T16:10:13","date_gmt":"2010-04-01T14:10:13","guid":{"rendered":"http:\/\/www.libraria-occitana.org\/all-products\/avec-richard-coeur-de-lion-itineraire?lang=en"},"modified":"2020-06-12T14:12:14","modified_gmt":"2020-06-12T12:12:14","slug":"avec-richard-coeur-de-lion-itineraire","status":"publish","type":"product","link":"https:\/\/www.libraria-occitana.org\/en\/product\/avec-richard-coeur-de-lion-itineraire\/","title":{"rendered":"Avec Richard Coeur de Lion : Itin\u00e9raire"},"content":{"rendered":"<p>Ce <em>Vade mecum<\/em> met \u00e0 la port\u00e9e de tous les publics les connaissances les plus r\u00e9centes en mati\u00e8re de patrimoine. Proposant des cl\u00e9s historiques, arch\u00e9ologiques et techniques, il \u00e9claire les monuments et l&#8217;organisation des 18 sites de la Route Richard Coeur de Lion : ch\u00e2teaux et manoirs, \u00e9glises et abbayes, bourgs d&#8217;antan et villages bucoliques.<\/p>\n<p>S&#8217;adressant aux visiteurs exigeants et curieux, cet ouvrage novateur et attrayant est l&#8217;outil indispensable de promenades instructives et de visites \u00e9clairantes. Les textes sont \u00e9tay\u00e9s par pr\u00e8s de 200 illustrations et notamment par des plans et des dessins mettant en valeur les points essentiels et l&#8217;int\u00e9r\u00eat de chaque site.<\/p>\n<p>Le territoire travers\u00e9 offre au voyageur une r\u00e9elle vari\u00e9t\u00e9 de paysages. Des zones bois\u00e9es des Monts de Ch\u00e2lus \u00e0 la vall\u00e9e de l&#8217;Isle, des pr\u00e9s et champs des environs de Nexon aux vergers du pays ar\u00e9dien, la Route sillonne les confins du Limousin, du P\u00e9rigord et de la Charente. Traversant en grande partie le Parc Naturel R\u00e9gional P\u00e9rigord-Limousin, elle sillonne la terre des feuillardiers, de la Limousine et de la porcelaine sentant aussi la pomme et la madeleine.<\/p>\n","protected":false},"excerpt":{"rendered":"<p>Ce Vade mecum met \u00e0 la port\u00e9e de tous les publics les connaissances les plus r\u00e9centes en mati\u00e8re de patrimoine. Proposant des cl\u00e9s historiques, arch\u00e9ologiques et techniques, il \u00e9claire les monuments et l&#8217;organisation des 18 sites de la Route Richard Coeur de Lion : ch\u00e2teaux et manoirs, \u00e9glises et abbayes, bourgs d&#8217;antan et villages bucoliques. [&hellip;]<\/p>\n","protected":false},"featured_media":36396,"template":"","meta":{"_acf_changed":false,"_genesis_hide_title":false,"_genesis_hide_breadcrumbs":false,"_genesis_hide_singular_image":false,"_genesis_hide_footer_widgets":false,"_genesis_custom_body_class":"","_genesis_custom_post_class":"","_genesis_layout":""},"product_brand":[],"product_cat":[7132,7198,7196],"product_tag":[],"class_list":{"0":"post-18719","1":"product","2":"type-product","3":"status-publish","4":"has-post-thumbnail","6":"product_cat-books","7":"product_cat-guides-tourism-en","8":"product_cat-nature-tourism-en","9":"pa_auteur-remy-christian-en","10":"pa_editeur-culture-patrimoine-en-limousin-en","11":"pa_langue-francais-en","12":"entry","14":"first","15":"outofstock","16":"shipping-taxable","17":"purchasable","18":"product-type-simple"},"acf":[],"_links":{"self":[{"href":"https:\/\/www.libraria-occitana.org\/en\/wp-json\/wp\/v2\/product\/18719","targetHints":{"allow":["GET"]}}],"collection":[{"href":"https:\/\/www.libraria-occitana.org\/en\/wp-json\/wp\/v2\/product"}],"about":[{"href":"https:\/\/www.libraria-occitana.org\/en\/wp-json\/wp\/v2\/types\/product"}],"wp:featuredmedia":[{"embeddable":true,"href":"https:\/\/www.libraria-occitana.org\/en\/wp-json\/wp\/v2\/media\/36396"}],"wp:attachment":[{"href":"https:\/\/www.libraria-occitana.org\/en\/wp-json\/wp\/v2\/media?parent=18719"}],"wp:term":[{"taxonomy":"product_brand","embeddable":true,"href":"https:\/\/www.libraria-occitana.org\/en\/wp-json\/wp\/v2\/product_brand?post=18719"},{"taxonomy":"product_cat","embeddable":true,"href":"https:\/\/www.libraria-occitana.org\/en\/wp-json\/wp\/v2\/product_cat?post=18719"},{"taxonomy":"product_tag","embeddable":true,"href":"https:\/\/www.libraria-occitana.org\/en\/wp-json\/wp\/v2\/product_tag?post=18719"}],"curies":[{"name":"wp","href":"https:\/\/api.w.org\/{rel}","templated":true}]}}