{"id":18723,"date":"2010-04-01T12:44:59","date_gmt":"2010-04-01T10:44:59","guid":{"rendered":"http:\/\/www.libraria-occitana.org\/all-products\/les-moulins-a-papier-autour-de-saint-leonard-de-noblat?lang=en"},"modified":"2026-04-29T10:56:46","modified_gmt":"2026-04-29T08:56:46","slug":"les-moulins-a-papier-autour-de-saint-leonard-de-noblat","status":"publish","type":"product","link":"https:\/\/www.libraria-occitana.org\/en\/product\/les-moulins-a-papier-autour-de-saint-leonard-de-noblat\/","title":{"rendered":"Les moulins \u00e0 papier : Autour de Saint-L\u00e9onard-de-Noblat"},"content":{"rendered":"<p>Ce livre retrace cinq si\u00e8cles de l&#8217;histoire fabuleuse des moulins \u00e0 papier de Saint-L\u00e9onard, de Bujaleuf, et de leurs papetiers, dont la m\u00e9moire perdure dans le dernier moulin en activit\u00e9 de la r\u00e9gion, le Moulin du Got.<\/p>\n<p>D\u00e8s la fin de la guerre de Cent ans l&#8217;activit\u00e9 des moulins relance la production artisanale et les \u00e9changes commerciaux \u00e0 Saint-L\u00e9onard-de-Noblat. Aux c\u00f4t\u00e9s des tanneries, les papeteries s&#8217;installent sur la Vienne et ses affluents, le Tard et la Maulde, faisant de la cit\u00e9 m\u00e9di\u00e9vale le premier centre limousin de production de papier de chiffon \u00abcarr\u00e9 fin\u00bb, tr\u00e8s pris\u00e9 des imprimeurs parisiens.<\/p>\n<p>Ces 29 r\u00e9cits d\u00e9crivent \u00e0 grands traits les hauts et les bas d&#8217;une activit\u00e9 \u00e9conomique primordiale. Elles disent aussi la vie des hommes et des femmes qui ont \u00e9crit, par leur travail, les lettres de noblesse des savoir-faire papetiers.<\/p>\n","protected":false},"excerpt":{"rendered":"<p>Ce livre retrace cinq si\u00e8cles de l&#8217;histoire fabuleuse des moulins \u00e0 papier de Saint-L\u00e9onard, de Bujaleuf, et de leurs papetiers, dont la m\u00e9moire perdure dans le dernier moulin en activit\u00e9 de la r\u00e9gion, le Moulin du Got. D\u00e8s la fin de la guerre de Cent ans l&#8217;activit\u00e9 des moulins relance la production artisanale et les [&hellip;]<\/p>\n","protected":false},"featured_media":18724,"template":"","meta":{"_acf_changed":false,"_genesis_hide_title":false,"_genesis_hide_breadcrumbs":false,"_genesis_hide_singular_image":false,"_genesis_hide_footer_widgets":false,"_genesis_custom_body_class":"","_genesis_custom_post_class":"","_genesis_layout":""},"product_brand":[],"product_cat":[7132,7148,7158],"product_tag":[],"class_list":{"0":"post-18723","1":"product","2":"type-product","3":"status-publish","4":"has-post-thumbnail","6":"product_cat-books","7":"product_cat-history-geography-en","8":"product_cat-modern-and-contemporary-history-en","9":"pa_auteur-tandeau-de-marsac-martine-en","10":"pa_editeur-culture-patrimoine-en-limousin-en","11":"pa_langue-francais-en","12":"entry","14":"first","15":"outofstock","16":"shipping-taxable","17":"purchasable","18":"product-type-simple"},"acf":[],"_links":{"self":[{"href":"https:\/\/www.libraria-occitana.org\/en\/wp-json\/wp\/v2\/product\/18723","targetHints":{"allow":["GET"]}}],"collection":[{"href":"https:\/\/www.libraria-occitana.org\/en\/wp-json\/wp\/v2\/product"}],"about":[{"href":"https:\/\/www.libraria-occitana.org\/en\/wp-json\/wp\/v2\/types\/product"}],"wp:featuredmedia":[{"embeddable":true,"href":"https:\/\/www.libraria-occitana.org\/en\/wp-json\/wp\/v2\/media\/18724"}],"wp:attachment":[{"href":"https:\/\/www.libraria-occitana.org\/en\/wp-json\/wp\/v2\/media?parent=18723"}],"wp:term":[{"taxonomy":"product_brand","embeddable":true,"href":"https:\/\/www.libraria-occitana.org\/en\/wp-json\/wp\/v2\/product_brand?post=18723"},{"taxonomy":"product_cat","embeddable":true,"href":"https:\/\/www.libraria-occitana.org\/en\/wp-json\/wp\/v2\/product_cat?post=18723"},{"taxonomy":"product_tag","embeddable":true,"href":"https:\/\/www.libraria-occitana.org\/en\/wp-json\/wp\/v2\/product_tag?post=18723"}],"curies":[{"name":"wp","href":"https:\/\/api.w.org\/{rel}","templated":true}]}}