{"id":18779,"date":"2010-01-01T14:29:18","date_gmt":"2010-01-01T13:29:18","guid":{"rendered":"http:\/\/www.libraria-occitana.org\/all-products\/les-limousins-a-la-grande-guerre-lemouzi-n193?lang=en"},"modified":"2026-04-07T15:03:38","modified_gmt":"2026-04-07T13:03:38","slug":"les-limousins-a-la-grande-guerre-lemouzi-n193","status":"publish","type":"product","link":"https:\/\/www.libraria-occitana.org\/en\/product\/les-limousins-a-la-grande-guerre-lemouzi-n193\/","title":{"rendered":"Les Limousins \u00e0 la Grande Guerre \/ Lemouzi N\u00b0193"},"content":{"rendered":"<p>Jules Tintou (1902-1999), laur\u00e9at de l&#8217;Acad\u00e9mie fran\u00e7aise, historien des soldats limousins, nous dresse ici un m\u00e9morial aux sources vari\u00e9es : il nous d\u00e9roule \u00e0 la fresque l&#8217;aventure h\u00e9ro\u00efque et la terrible vie quotidienne de nos &#8220;poilus&#8221; de 14-18, non seulement gr\u00e2ce aux archives militaires relatant actions d&#8217;\u00e9clat et citations, mais aussi aux souvenirs familiaux, aux carnets de route, aux t\u00e9moignages divers, dont les histoires des r\u00e9giments. Un palmar\u00e8s peut-\u00eatre encore bien incomplet mais qui r\u00e9unit cependant plus de 600 noms de valeureux compatriotes (voir l&#8217;index)&#8230;<\/p>\n<p>L&#8217;expos\u00e9 est chronologique : la mobilisation, l&#8217;entr\u00e9e en campagne, la Marne, la d\u00e9fense de Reims, l&#8217;Artois, les Flandres, la Champagne et les tranch\u00e9es (1915 : l&#8217;ann\u00e9e sanglante), puis l&#8217;enfer de Verdun, la Somme, la &#8220;Voie sacr\u00e9e&#8221;, le Chemin-des-Dames, avec la crise de l&#8217;arm\u00e9e (1917 : l&#8217;ann\u00e9e &#8220;trouble&#8221;), les derniers coups de boutoirs allemands, la victoire de 1918&#8230; Jules Tintou n&#8217;oublie pas les fronts ext\u00e9rieurs (Dardanelles, Orient, Afrique), ni les corps sp\u00e9cialis\u00e9s (aviateurs, marins, services de sant\u00e9). Le 11-Novembre fut f\u00eat\u00e9 joyeusement \u00e0 Limoges, o\u00f9 les cloches sonn\u00e8rent \u00e0 toute vol\u00e9e ; et Ren\u00e9 Farnier entra, avec son r\u00e9giment, le 22 novembre suivant, dans Strasbourg en liesse&#8230;<\/p>\n","protected":false},"excerpt":{"rendered":"<p>Jules Tintou (1902-1999), laur\u00e9at de l&#8217;Acad\u00e9mie fran\u00e7aise, historien des soldats limousins, nous dresse ici un m\u00e9morial aux sources vari\u00e9es : il nous d\u00e9roule \u00e0 la fresque l&#8217;aventure h\u00e9ro\u00efque et la terrible vie quotidienne de nos &#8220;poilus&#8221; de 14-18, non seulement gr\u00e2ce aux archives militaires relatant actions d&#8217;\u00e9clat et citations, mais aussi aux souvenirs familiaux, aux [&hellip;]<\/p>\n","protected":false},"featured_media":18780,"template":"","meta":{"_acf_changed":false,"_genesis_hide_title":false,"_genesis_hide_breadcrumbs":false,"_genesis_hide_singular_image":false,"_genesis_hide_footer_widgets":false,"_genesis_custom_body_class":"","_genesis_custom_post_class":"","_genesis_layout":""},"product_brand":[],"product_cat":[7132,7148,7158],"product_tag":[],"class_list":{"0":"post-18779","1":"product","2":"type-product","3":"status-publish","4":"has-post-thumbnail","6":"product_cat-books","7":"product_cat-history-geography-en","8":"product_cat-modern-and-contemporary-history-en","9":"pa_auteur-tintou-jules-en","10":"pa_editeur-lemouzi-en","11":"pa_langue-francais-en","12":"entry","14":"first","15":"instock","16":"shipping-taxable","17":"purchasable","18":"product-type-simple"},"acf":[],"_links":{"self":[{"href":"https:\/\/www.libraria-occitana.org\/en\/wp-json\/wp\/v2\/product\/18779","targetHints":{"allow":["GET"]}}],"collection":[{"href":"https:\/\/www.libraria-occitana.org\/en\/wp-json\/wp\/v2\/product"}],"about":[{"href":"https:\/\/www.libraria-occitana.org\/en\/wp-json\/wp\/v2\/types\/product"}],"wp:featuredmedia":[{"embeddable":true,"href":"https:\/\/www.libraria-occitana.org\/en\/wp-json\/wp\/v2\/media\/18780"}],"wp:attachment":[{"href":"https:\/\/www.libraria-occitana.org\/en\/wp-json\/wp\/v2\/media?parent=18779"}],"wp:term":[{"taxonomy":"product_brand","embeddable":true,"href":"https:\/\/www.libraria-occitana.org\/en\/wp-json\/wp\/v2\/product_brand?post=18779"},{"taxonomy":"product_cat","embeddable":true,"href":"https:\/\/www.libraria-occitana.org\/en\/wp-json\/wp\/v2\/product_cat?post=18779"},{"taxonomy":"product_tag","embeddable":true,"href":"https:\/\/www.libraria-occitana.org\/en\/wp-json\/wp\/v2\/product_tag?post=18779"}],"curies":[{"name":"wp","href":"https:\/\/api.w.org\/{rel}","templated":true}]}}