{"id":18781,"date":"2010-01-01T12:58:31","date_gmt":"2010-01-01T11:58:31","guid":{"rendered":"http:\/\/www.libraria-occitana.org\/all-products\/au-cabanon?lang=en"},"modified":"2026-04-11T04:21:51","modified_gmt":"2026-04-11T02:21:51","slug":"au-cabanon","status":"publish","type":"product","link":"https:\/\/www.libraria-occitana.org\/en\/product\/au-cabanon\/","title":{"rendered":"Au cabanon"},"content":{"rendered":"<p><strong>[fr]<\/strong><br \/>\nChin Na Na poun est la traduction proven\u00e7ale de l\u2019onomatop\u00e9e \u00ab zim boum boum \u00bb r\u00e9f\u00e9rence \u00e0 la passion de Victor Gelu, po\u00e8te majeur de la culture populaire marseillaise, pour les fanfares, les flonflons et les musiques de cabaret. La d\u00e9finition s\u2019applique par \u00e9lasticit\u00e9 \u00e0 d\u2019autres formes musicales, telles que la <em>copla<\/em> andalouse ou la <em>canzone<\/em> napolitaine.<\/p>\n<p>Patrick Vaillant (mandoline, voix, m\u00e9lodica), Manu Th\u00e9ron (voix percussions), Daniel Malavergne (tuba, voix) revisitent ce panth\u00e9on amoureux imagin\u00e9 o\u00f9 figurent Rosa Balistreri, Bourvil, Imp\u00e9rio Argentina, Renato Carosone, Antonio Machin, Gabriel Faur\u00e9, Paul Verlaine et Boris Vian. Le trio se livre \u00e0 un jubilatoire troc de codes esth\u00e9tiques tout en restant fid\u00e8le \u00e0 l\u2019esprit de chaque th\u00e8me : sombre, grotesque, romantique ou frondeur, minimaliste, d\u00e9tourn\u00e9. En conclusion : le Chin Na Na Poun se dit d\u2019une musique que seuls un tuba, une mandoline et une voix peuvent l\u00e9gitimement interpr\u00e9ter.<\/p>\n<p><strong>[en]<\/strong><br \/>\nChi Na Na Poun is the Proven\u00e7al equivalent of oompah, representing the sound of brass instruments and referring, here, to the passion of one of Marseilles\u2019 major poets, Victor Gelu, for marching bands and the like. The flexibility of this expression has extended its application to other musical forms such as the Andalucian <em>copla<\/em> and the Napolitan <em>canzone<\/em>.<\/p>\n<p>Patrick Vaillant (mandolin, vocals, melodica), Manu Th\u00e9ron (vocals, percussion) and Daniel Malavergne (tuba, vocals) revisit an imaginary love pantheon that features Rosa Balistreri, Bourvil, Imp\u00e9rio Argentina, Renato Carosone, Antonio Machin, Gabriel Faur\u00e9, Paul Verlaine and Boris Vian. The trio has come up with an exhilarating barter of aesthetic codes while remaining faithful to the spirit of each song : dark, ludicrous, romantic, rebellious, minimalist, alternative.<\/p>\n<p><strong>Titres :<\/strong><br \/>\n1. Vurria fari un palazzu 4&#8217;41<br \/>\n2. C&#8217;\u00e9tait bien 4&#8217;03<br \/>\n3. Au cabanon 6&#8217;41<br \/>\n4. Rocio 4&#8217;46<br \/>\n5. Jan trespassa 6&#8217;23<br \/>\n6. Cannetella 4&#8217;24<br \/>\n7. Lunita nueva 3&#8217;55<br \/>\n8. Prison 2&#8217;34<br \/>\n9. La java des bombes atomiques 4&#8217;40<\/p>\n","protected":false},"excerpt":{"rendered":"<p>[fr] Chin Na Na poun est la traduction proven\u00e7ale de l\u2019onomatop\u00e9e \u00ab zim boum boum \u00bb r\u00e9f\u00e9rence \u00e0 la passion de Victor Gelu, po\u00e8te majeur de la culture populaire marseillaise, pour les fanfares, les flonflons et les musiques de cabaret. La d\u00e9finition s\u2019applique par \u00e9lasticit\u00e9 \u00e0 d\u2019autres formes musicales, telles que la copla andalouse ou [&hellip;]<\/p>\n","protected":false},"featured_media":18782,"template":"","meta":{"_acf_changed":false,"_genesis_hide_title":false,"_genesis_hide_breadcrumbs":false,"_genesis_hide_singular_image":false,"_genesis_hide_footer_widgets":false,"_genesis_custom_body_class":"","_genesis_custom_post_class":"","_genesis_layout":""},"product_brand":[],"product_cat":[7216,7218],"product_tag":[],"class_list":{"0":"post-18781","1":"product","2":"type-product","3":"status-publish","4":"has-post-thumbnail","6":"product_cat-music-en","7":"product_cat-voice-en","8":"pa_auteur-chin-na-na-poun-en","9":"pa_editeur-buda-en","10":"pa_langue-autras-lingas-en","11":"pa_langue-francais-en","12":"pa_langue-occitan-en","13":"pa_langue-occitan-provencau-en","14":"entry","16":"first","17":"instock","18":"shipping-taxable","19":"purchasable","20":"product-type-simple"},"acf":[],"_links":{"self":[{"href":"https:\/\/www.libraria-occitana.org\/en\/wp-json\/wp\/v2\/product\/18781","targetHints":{"allow":["GET"]}}],"collection":[{"href":"https:\/\/www.libraria-occitana.org\/en\/wp-json\/wp\/v2\/product"}],"about":[{"href":"https:\/\/www.libraria-occitana.org\/en\/wp-json\/wp\/v2\/types\/product"}],"wp:featuredmedia":[{"embeddable":true,"href":"https:\/\/www.libraria-occitana.org\/en\/wp-json\/wp\/v2\/media\/18782"}],"wp:attachment":[{"href":"https:\/\/www.libraria-occitana.org\/en\/wp-json\/wp\/v2\/media?parent=18781"}],"wp:term":[{"taxonomy":"product_brand","embeddable":true,"href":"https:\/\/www.libraria-occitana.org\/en\/wp-json\/wp\/v2\/product_brand?post=18781"},{"taxonomy":"product_cat","embeddable":true,"href":"https:\/\/www.libraria-occitana.org\/en\/wp-json\/wp\/v2\/product_cat?post=18781"},{"taxonomy":"product_tag","embeddable":true,"href":"https:\/\/www.libraria-occitana.org\/en\/wp-json\/wp\/v2\/product_tag?post=18781"}],"curies":[{"name":"wp","href":"https:\/\/api.w.org\/{rel}","templated":true}]}}