{"id":18962,"date":"2009-11-01T15:12:36","date_gmt":"2009-11-01T14:12:36","guid":{"rendered":"http:\/\/www.libraria-occitana.org\/all-products\/vivre-en-ville-au-temps-des-papes-davignon-montauban-1317-1378?lang=en"},"modified":"2026-04-29T00:26:48","modified_gmt":"2026-04-28T22:26:48","slug":"vivre-en-ville-au-temps-des-papes-davignon-montauban-1317-1378","status":"publish","type":"product","link":"https:\/\/www.libraria-occitana.org\/en\/product\/vivre-en-ville-au-temps-des-papes-davignon-montauban-1317-1378\/","title":{"rendered":"Vivre en ville au temps des papes d&#8217;Avignon : Montauban (1317-1378)"},"content":{"rendered":"<p>Vivre en ville&#8230;<\/p>\n<p>Consacr\u00e9e \u00e0 une p\u00e9riode historique pr\u00e9cise, celle de presque un si\u00e8cle durant lequel la papaut\u00e9 quitta Rome pour s&#8217;installer en Avignon, cette \u00e9tude de vie citadine va bien au-del\u00e0 des caract\u00e9ristiques plus ou moins particuli\u00e8res de telle ou telle ville au Moyen Age : la mani\u00e8re d&#8217;y vivre, ce qui s&#8217;y trame, les luttes d&#8217;influence et de pouvoir sont de toutes les grandes cit\u00e9s de l&#8217;\u00e9poque. On assiste ici \u00e0 la confrontation des puissances d\u00e9j\u00e0 existantes ou naissantes, et tr\u00e8s souvent le rapport \u00e0 notre \u00e9poque contemporaine est \u00e9vident et peut faire sourire : au XIVe si\u00e8cle comme aujourd&#8217;hui, on doit vivre ensemble, et c&#8217;est loin d&#8217;\u00eatre si \u00e9vident : ce livre est \u00e9maill\u00e9 de renseignements pr\u00e9cis, parfois (souvent) savoureux, d&#8217;histoires plus ou moins croustillantes, et on y apprendra entre autres choses que ce que nous appelons &#8220;abus de bien social&#8221; ne date pas d&#8217;hier, pas plus que les pressions, les faux en \u00e9criture, les malversations de toutes sortes, y compris financi\u00e8res ! Autour de cela, le peuple de la ville na\u00eet, vit et meurt en profitant autant que possible des joies de l&#8217;existence, subissant les al\u00e9as de l&#8217;Histoire.<\/p>\n<p>Ce livre est la riche &#8220;vie quotidienne&#8221; d&#8217;une grande cit\u00e9 au temps des papes d&#8217;Avignon, et il poss\u00e8de sans aucun doute valeur d&#8217;exemple.<\/p>\n","protected":false},"excerpt":{"rendered":"<p>Vivre en ville&#8230; Consacr\u00e9e \u00e0 une p\u00e9riode historique pr\u00e9cise, celle de presque un si\u00e8cle durant lequel la papaut\u00e9 quitta Rome pour s&#8217;installer en Avignon, cette \u00e9tude de vie citadine va bien au-del\u00e0 des caract\u00e9ristiques plus ou moins particuli\u00e8res de telle ou telle ville au Moyen Age : la mani\u00e8re d&#8217;y vivre, ce qui s&#8217;y trame, [&hellip;]<\/p>\n","protected":false},"featured_media":18963,"template":"","meta":{"_acf_changed":false,"_genesis_hide_title":false,"_genesis_hide_breadcrumbs":false,"_genesis_hide_singular_image":false,"_genesis_hide_footer_widgets":false,"_genesis_custom_body_class":"","_genesis_custom_post_class":"","_genesis_layout":""},"product_brand":[],"product_cat":[7132,7148,7160],"product_tag":[],"class_list":{"0":"post-18962","1":"product","2":"type-product","3":"status-publish","4":"has-post-thumbnail","6":"product_cat-books","7":"product_cat-history-geography-en","8":"product_cat-medieval-history-en","9":"pa_auteur-moureau-emmanuel-en","10":"pa_editeur-la-louve-en","11":"pa_langue-francais-en","12":"entry","14":"first","15":"outofstock","16":"shipping-taxable","17":"purchasable","18":"product-type-simple"},"acf":[],"_links":{"self":[{"href":"https:\/\/www.libraria-occitana.org\/en\/wp-json\/wp\/v2\/product\/18962","targetHints":{"allow":["GET"]}}],"collection":[{"href":"https:\/\/www.libraria-occitana.org\/en\/wp-json\/wp\/v2\/product"}],"about":[{"href":"https:\/\/www.libraria-occitana.org\/en\/wp-json\/wp\/v2\/types\/product"}],"wp:featuredmedia":[{"embeddable":true,"href":"https:\/\/www.libraria-occitana.org\/en\/wp-json\/wp\/v2\/media\/18963"}],"wp:attachment":[{"href":"https:\/\/www.libraria-occitana.org\/en\/wp-json\/wp\/v2\/media?parent=18962"}],"wp:term":[{"taxonomy":"product_brand","embeddable":true,"href":"https:\/\/www.libraria-occitana.org\/en\/wp-json\/wp\/v2\/product_brand?post=18962"},{"taxonomy":"product_cat","embeddable":true,"href":"https:\/\/www.libraria-occitana.org\/en\/wp-json\/wp\/v2\/product_cat?post=18962"},{"taxonomy":"product_tag","embeddable":true,"href":"https:\/\/www.libraria-occitana.org\/en\/wp-json\/wp\/v2\/product_tag?post=18962"}],"curies":[{"name":"wp","href":"https:\/\/api.w.org\/{rel}","templated":true}]}}