{"id":18968,"date":"2009-11-01T10:50:12","date_gmt":"2009-11-01T09:50:12","guid":{"rendered":"http:\/\/www.libraria-occitana.org\/all-products\/faulas?lang=en"},"modified":"2026-04-15T23:16:52","modified_gmt":"2026-04-15T21:16:52","slug":"faulas","status":"publish","type":"product","link":"https:\/\/www.libraria-occitana.org\/en\/product\/faulas\/","title":{"rendered":"Faulas"},"content":{"rendered":"<p>Texte occitan avec traduction fran\u00e7aise.<\/p>\n<p>Jan dau Melhau aura bien visit\u00e9 tous les genres litt\u00e9raires sans s\u2019y fixer et en les pervertissant. Il le fait ici avec treize fables superbement illustr\u00e9es par des eaux-fortes de Jan-Marc Simeonin, le vieux complice. On y surprendra le geai ne sachant plus son cri, on y entendra la b\u00fbche d\u00e9battre avec le fagot, le piquet avec la masse, la jambe avec le bras, le sel avec le poivre, on y verra deux chiens se disputer, en un dialogue tout juridique, une merde, le silence river leurs clous \u00e0 ces deux bavards de grammaire et de dictionnaire\u2026<\/p>\n<p>On y est bien loin du bon La Fontaine ou de Florian, mais les vers y mirlitonnent sur tous leurs pieds, et les parenth\u00e8ses y m\u00e8nent belle diversion.<\/p>\n","protected":false},"excerpt":{"rendered":"<p>Texte occitan avec traduction fran\u00e7aise. Jan dau Melhau aura bien visit\u00e9 tous les genres litt\u00e9raires sans s\u2019y fixer et en les pervertissant. Il le fait ici avec treize fables superbement illustr\u00e9es par des eaux-fortes de Jan-Marc Simeonin, le vieux complice. On y surprendra le geai ne sachant plus son cri, on y entendra la b\u00fbche [&hellip;]<\/p>\n","protected":false},"featured_media":18969,"template":"","meta":{"_acf_changed":false,"_genesis_hide_title":false,"_genesis_hide_breadcrumbs":false,"_genesis_hide_singular_image":false,"_genesis_hide_footer_widgets":false,"_genesis_custom_body_class":"","_genesis_custom_post_class":"","_genesis_layout":""},"product_brand":[],"product_cat":[7132,7174,7176],"product_tag":[],"class_list":{"0":"post-18968","1":"product","2":"type-product","3":"status-publish","4":"has-post-thumbnail","6":"product_cat-books","7":"product_cat-literature-en","8":"product_cat-tales-fables-en","9":"pa_auteur-melhau-jan-dau-fr-en","10":"pa_editeur-lo-chamin-de-sent-jaume-en","11":"pa_illustrateur-simeonin-jan-marc-en","12":"pa_langue-occitan-lemosin-en","13":"pa_langue-occitan-francais-en","14":"entry","16":"first","17":"instock","18":"shipping-taxable","19":"purchasable","20":"product-type-simple"},"acf":[],"_links":{"self":[{"href":"https:\/\/www.libraria-occitana.org\/en\/wp-json\/wp\/v2\/product\/18968","targetHints":{"allow":["GET"]}}],"collection":[{"href":"https:\/\/www.libraria-occitana.org\/en\/wp-json\/wp\/v2\/product"}],"about":[{"href":"https:\/\/www.libraria-occitana.org\/en\/wp-json\/wp\/v2\/types\/product"}],"wp:featuredmedia":[{"embeddable":true,"href":"https:\/\/www.libraria-occitana.org\/en\/wp-json\/wp\/v2\/media\/18969"}],"wp:attachment":[{"href":"https:\/\/www.libraria-occitana.org\/en\/wp-json\/wp\/v2\/media?parent=18968"}],"wp:term":[{"taxonomy":"product_brand","embeddable":true,"href":"https:\/\/www.libraria-occitana.org\/en\/wp-json\/wp\/v2\/product_brand?post=18968"},{"taxonomy":"product_cat","embeddable":true,"href":"https:\/\/www.libraria-occitana.org\/en\/wp-json\/wp\/v2\/product_cat?post=18968"},{"taxonomy":"product_tag","embeddable":true,"href":"https:\/\/www.libraria-occitana.org\/en\/wp-json\/wp\/v2\/product_tag?post=18968"}],"curies":[{"name":"wp","href":"https:\/\/api.w.org\/{rel}","templated":true}]}}