{"id":18972,"date":"2009-11-01T09:14:27","date_gmt":"2009-11-01T08:14:27","guid":{"rendered":"http:\/\/www.libraria-occitana.org\/all-products\/abrege-dhistoire-des-terres-catalanes-du-nord?lang=en"},"modified":"2026-04-14T23:06:21","modified_gmt":"2026-04-14T21:06:21","slug":"abrege-dhistoire-des-terres-catalanes-du-nord","status":"publish","type":"product","link":"https:\/\/www.libraria-occitana.org\/en\/product\/abrege-dhistoire-des-terres-catalanes-du-nord\/","title":{"rendered":"Abr\u00e9g\u00e9 d&#8217;histoire des terres catalanes du nord"},"content":{"rendered":"<p>Utilisant \u00e0 la fois les m\u00e9thodes les plus scientifiques de la recherche historique et les m\u00e9thodes les plus modernes de la recherche g\u00e9opolitique, l&#8217;auteure nous livre une extraordinaire vision d&#8217;ensemble de l&#8217;histoire des terres catalanes du Nord des origines \u00e0 la fin du XXe si\u00e8cle.<\/p>\n<p>Elle y voit trois grandes p\u00e9riodes : Les origines &#8211; De l&#8217;int\u00e9gration \u00e0 la s\u00e9paration (1172-1659) &#8211; Depuis l&#8217;annexion.<\/p>\n<p>C&#8217;est l&#8217;histoire d&#8217;un pays ouvert \u00e0 toutes les invasions, mais \u00e9galement tourn\u00e9 vers l&#8217;int\u00e9rieur, vers ses propres lieux de passage, vers les zones les plus enracin\u00e9es des relations intracommunautaires.<\/p>\n<p>C&#8217;est l&#8217;histoire d&#8217;un peuple capable de supporter les pires \u00e9preuves et de d\u00e9montrer de formidables aptitudes \u00e0 la r\u00e9sistance et \u00e0 la r\u00e9cup\u00e9ration collectives.<\/p>\n<p>C&#8217;est l&#8217;histoire d&#8217;une terre qui a toujours particip\u00e9 aux \u00e9v\u00e9nements au niveau europ\u00e9en &#8211; en \u00e9tant trop souvent au coeur m\u00eame des conflits -, en luttant pour imposer sa sp\u00e9cificit\u00e9.<\/p>\n<p>Voil\u00e0 un livre qui nous permet, en tant que catalans, d&#8217;envisager l&#8217;avenir avec confiance et fiert\u00e9.<\/p>\n","protected":false},"excerpt":{"rendered":"<p>Utilisant \u00e0 la fois les m\u00e9thodes les plus scientifiques de la recherche historique et les m\u00e9thodes les plus modernes de la recherche g\u00e9opolitique, l&#8217;auteure nous livre une extraordinaire vision d&#8217;ensemble de l&#8217;histoire des terres catalanes du Nord des origines \u00e0 la fin du XXe si\u00e8cle. Elle y voit trois grandes p\u00e9riodes : Les origines &#8211; [&hellip;]<\/p>\n","protected":false},"featured_media":36408,"template":"","meta":{"_acf_changed":false,"_genesis_hide_title":false,"_genesis_hide_breadcrumbs":false,"_genesis_hide_singular_image":false,"_genesis_hide_footer_widgets":false,"_genesis_custom_body_class":"","_genesis_custom_post_class":"","_genesis_layout":""},"product_brand":[],"product_cat":[7132,7156,7148],"product_tag":[],"class_list":{"0":"post-18972","1":"product","2":"type-product","3":"status-publish","4":"has-post-thumbnail","6":"product_cat-books","7":"product_cat-general-history-en","8":"product_cat-history-geography-en","9":"pa_auteur-marcet-i-juncosa-alicia-en","10":"pa_editeur-trabucaire-en","11":"pa_langue-francais-en","12":"entry","14":"first","15":"outofstock","16":"shipping-taxable","17":"purchasable","18":"product-type-simple"},"acf":[],"_links":{"self":[{"href":"https:\/\/www.libraria-occitana.org\/en\/wp-json\/wp\/v2\/product\/18972","targetHints":{"allow":["GET"]}}],"collection":[{"href":"https:\/\/www.libraria-occitana.org\/en\/wp-json\/wp\/v2\/product"}],"about":[{"href":"https:\/\/www.libraria-occitana.org\/en\/wp-json\/wp\/v2\/types\/product"}],"wp:featuredmedia":[{"embeddable":true,"href":"https:\/\/www.libraria-occitana.org\/en\/wp-json\/wp\/v2\/media\/36408"}],"wp:attachment":[{"href":"https:\/\/www.libraria-occitana.org\/en\/wp-json\/wp\/v2\/media?parent=18972"}],"wp:term":[{"taxonomy":"product_brand","embeddable":true,"href":"https:\/\/www.libraria-occitana.org\/en\/wp-json\/wp\/v2\/product_brand?post=18972"},{"taxonomy":"product_cat","embeddable":true,"href":"https:\/\/www.libraria-occitana.org\/en\/wp-json\/wp\/v2\/product_cat?post=18972"},{"taxonomy":"product_tag","embeddable":true,"href":"https:\/\/www.libraria-occitana.org\/en\/wp-json\/wp\/v2\/product_tag?post=18972"}],"curies":[{"name":"wp","href":"https:\/\/api.w.org\/{rel}","templated":true}]}}