{"id":18976,"date":"2009-10-01T17:46:07","date_gmt":"2009-10-01T16:46:07","guid":{"rendered":"http:\/\/www.libraria-occitana.org\/all-products\/de-bruja-a-ciau-de-bruyere-a-ciel?lang=en"},"modified":"2026-04-18T06:51:35","modified_gmt":"2026-04-18T04:51:35","slug":"de-bruja-a-ciau-de-bruyere-a-ciel","status":"publish","type":"product","link":"https:\/\/www.libraria-occitana.org\/en\/product\/de-bruja-a-ciau-de-bruyere-a-ciel\/","title":{"rendered":"De bruja a ciau &#8211; De bruy\u00e8re \u00e0 ciel"},"content":{"rendered":"<p>N\u00e9e le 30 janvier 1964 \u00e0 Saint-Yrieix-la-Perche (Haute-Vienne), issue de ce pays ar\u00e9dien de ch\u00e2taigniers et de sources claires, de collines et de pr\u00e9s, Benedicta Bonnet, dans sa sinc\u00e9rit\u00e9 et sa simplicit\u00e9, chante son enracinement dans son pays.<\/p>\n","protected":false},"excerpt":{"rendered":"<p>N\u00e9e le 30 janvier 1964 \u00e0 Saint-Yrieix-la-Perche (Haute-Vienne), issue de ce pays ar\u00e9dien de ch\u00e2taigniers et de sources claires, de collines et de pr\u00e9s, Benedicta Bonnet, dans sa sinc\u00e9rit\u00e9 et sa simplicit\u00e9, chante son enracinement dans son pays.<\/p>\n","protected":false},"featured_media":36411,"template":"","meta":{"_acf_changed":false,"_genesis_hide_title":false,"_genesis_hide_breadcrumbs":false,"_genesis_hide_singular_image":false,"_genesis_hide_footer_widgets":false,"_genesis_custom_body_class":"","_genesis_custom_post_class":"","_genesis_layout":""},"product_brand":[],"product_cat":[7132,7174,7180],"product_tag":[],"class_list":{"0":"post-18976","1":"product","2":"type-product","3":"status-publish","4":"has-post-thumbnail","6":"product_cat-books","7":"product_cat-literature-en","8":"product_cat-poetry-en","9":"pa_auteur-bonnet-benedicta-en","10":"pa_editeur-ieo-perigord-novelum-en","11":"pa_langue-occitan-lemosin-en","12":"pa_langue-occitan-francais-en","13":"entry","15":"first","16":"instock","17":"shipping-taxable","18":"purchasable","19":"product-type-simple"},"acf":[],"_links":{"self":[{"href":"https:\/\/www.libraria-occitana.org\/en\/wp-json\/wp\/v2\/product\/18976","targetHints":{"allow":["GET"]}}],"collection":[{"href":"https:\/\/www.libraria-occitana.org\/en\/wp-json\/wp\/v2\/product"}],"about":[{"href":"https:\/\/www.libraria-occitana.org\/en\/wp-json\/wp\/v2\/types\/product"}],"wp:featuredmedia":[{"embeddable":true,"href":"https:\/\/www.libraria-occitana.org\/en\/wp-json\/wp\/v2\/media\/36411"}],"wp:attachment":[{"href":"https:\/\/www.libraria-occitana.org\/en\/wp-json\/wp\/v2\/media?parent=18976"}],"wp:term":[{"taxonomy":"product_brand","embeddable":true,"href":"https:\/\/www.libraria-occitana.org\/en\/wp-json\/wp\/v2\/product_brand?post=18976"},{"taxonomy":"product_cat","embeddable":true,"href":"https:\/\/www.libraria-occitana.org\/en\/wp-json\/wp\/v2\/product_cat?post=18976"},{"taxonomy":"product_tag","embeddable":true,"href":"https:\/\/www.libraria-occitana.org\/en\/wp-json\/wp\/v2\/product_tag?post=18976"}],"curies":[{"name":"wp","href":"https:\/\/api.w.org\/{rel}","templated":true}]}}