{"id":18986,"date":"2009-10-01T16:02:33","date_gmt":"2009-10-01T15:02:33","guid":{"rendered":"http:\/\/www.libraria-occitana.org\/all-products\/le-grand-livre-des-ostensions-limousines?lang=en"},"modified":"2026-04-26T01:51:18","modified_gmt":"2026-04-25T23:51:18","slug":"le-grand-livre-des-ostensions-limousines","status":"publish","type":"product","link":"https:\/\/www.libraria-occitana.org\/en\/product\/le-grand-livre-des-ostensions-limousines\/","title":{"rendered":"Le grand livre des Ostensions limousines"},"content":{"rendered":"<p><strong>Faire ostension de quelque chose, c&#8217;est le montrer.<\/strong><br \/>\nExposer, exhiber, mettre en avant les reliques (restes humains et mat\u00e9riels) des saints qui ont v\u00e9cu ou qui sont originaires du Limousin, tel est le fondement des Ostensions limousines ; les soixante-et-onzi\u00e8mes en 2009, les premi\u00e8res s&#8217;\u00e9tant d\u00e9roul\u00e9es en 994. Les Ostensions puisent leurs racines dans une \u00e9pid\u00e9mie d&#8217;ergotisme appel\u00e9e mal des ardents ou feu de saint Antoine. Le champignon parasite responsable, l&#8217;ergot du seigle, se retrouvait dans les farines utilis\u00e9es pour la fabrication du pain. Les cons\u00e9quences de l&#8217;ergot du seigle sur la sant\u00e9 sont similaires \u00e0 celles du LSD, le plus puissant hallucinog\u00e8ne connu. \u00c0 cette \u00e9poque, les sympt\u00f4mes de cette maladie \u00e9taient assimil\u00e9s \u00e0 des actes de sorcellerie ou \u00e0 l&#8217;\u0153uvre du d\u00e9mon. Alors, pour conjurer le mal, on exhuma les restes des saints du Limousin dont saint Martial, pour les montrer et implorer leur intercession aupr\u00e8s de Dieu. Ainsi est n\u00e9e cette tradition s\u00e9culaire. Les Ostensions limousines sont r\u00e9guli\u00e8res depuis le XVIe si\u00e8cle.<\/p>\n<p><strong>Un certain regard sur le Limousin<\/strong><br \/>\nCe livre de photographies pr\u00e9sente deux regards ind\u00e9pendants. Du c\u0153ur des processions et des c\u00e9l\u00e9brations, Jean-Christophe Dupuy et Christophe Gatineau t\u00e9moignent de la diversit\u00e9 de ces manifestations patrimoniales. Ils relatent, par l&#8217;image, les faits et les ambiances. Un travail unique et premier du genre.<\/p>\n<p>Pr\u00e9face Daniel Rondeau.<\/p>\n","protected":false},"excerpt":{"rendered":"<p>Faire ostension de quelque chose, c&#8217;est le montrer. Exposer, exhiber, mettre en avant les reliques (restes humains et mat\u00e9riels) des saints qui ont v\u00e9cu ou qui sont originaires du Limousin, tel est le fondement des Ostensions limousines ; les soixante-et-onzi\u00e8mes en 2009, les premi\u00e8res s&#8217;\u00e9tant d\u00e9roul\u00e9es en 994. Les Ostensions puisent leurs racines dans une [&hellip;]<\/p>\n","protected":false},"featured_media":57700,"template":"","meta":{"_acf_changed":false,"_genesis_hide_title":false,"_genesis_hide_breadcrumbs":false,"_genesis_hide_singular_image":false,"_genesis_hide_footer_widgets":false,"_genesis_custom_body_class":"","_genesis_custom_post_class":"","_genesis_layout":""},"product_brand":[],"product_cat":[7132,7208,7206],"product_tag":[],"class_list":{"0":"post-18986","1":"product","2":"type-product","3":"status-publish","4":"has-post-thumbnail","6":"product_cat-books","7":"product_cat-customs-rites-and-beliefs-en","8":"product_cat-traditions-heritage-en","9":"pa_auteur-dupuy-jean-christophe-en","10":"pa_auteur-gatineau-christophe-en","11":"pa_editeur-les-editions-du-sable-fin-en","12":"pa_langue-francais-en","13":"entry","15":"first","16":"outofstock","17":"shipping-taxable","18":"purchasable","19":"product-type-simple"},"acf":[],"_links":{"self":[{"href":"https:\/\/www.libraria-occitana.org\/en\/wp-json\/wp\/v2\/product\/18986","targetHints":{"allow":["GET"]}}],"collection":[{"href":"https:\/\/www.libraria-occitana.org\/en\/wp-json\/wp\/v2\/product"}],"about":[{"href":"https:\/\/www.libraria-occitana.org\/en\/wp-json\/wp\/v2\/types\/product"}],"wp:featuredmedia":[{"embeddable":true,"href":"https:\/\/www.libraria-occitana.org\/en\/wp-json\/wp\/v2\/media\/57700"}],"wp:attachment":[{"href":"https:\/\/www.libraria-occitana.org\/en\/wp-json\/wp\/v2\/media?parent=18986"}],"wp:term":[{"taxonomy":"product_brand","embeddable":true,"href":"https:\/\/www.libraria-occitana.org\/en\/wp-json\/wp\/v2\/product_brand?post=18986"},{"taxonomy":"product_cat","embeddable":true,"href":"https:\/\/www.libraria-occitana.org\/en\/wp-json\/wp\/v2\/product_cat?post=18986"},{"taxonomy":"product_tag","embeddable":true,"href":"https:\/\/www.libraria-occitana.org\/en\/wp-json\/wp\/v2\/product_tag?post=18986"}],"curies":[{"name":"wp","href":"https:\/\/api.w.org\/{rel}","templated":true}]}}