{"id":19000,"date":"2010-12-01T11:21:51","date_gmt":"2010-12-01T10:21:51","guid":{"rendered":"http:\/\/www.libraria-occitana.org\/all-products\/dictionnaire-francaisoccitan-limousin-marche-perigord?lang=en"},"modified":"2026-04-29T01:26:29","modified_gmt":"2026-04-28T23:26:29","slug":"dictionnaire-francaisoccitan-limousin-marche-perigord","status":"publish","type":"product","link":"https:\/\/www.libraria-occitana.org\/en\/product\/dictionnaire-francaisoccitan-limousin-marche-perigord\/","title":{"rendered":"Dictionnaire fran\u00e7ais\/occitan : Limousin, Marche, P\u00e9rigord"},"content":{"rendered":"<p>Voici un ouvrage de r\u00e9f\u00e9rence par la richesse du vocabulaire qu\u2019il pr\u00e9sente ; enracin\u00e9 et o\u00f9 la diversit\u00e9 g\u00e9ographique de la langue du Limousin est scrupuleusement not\u00e9e. Aussi gr\u00e2ce \u00e0 la ma\u00eetrise et \u00e0 la clart\u00e9 par lesquelles sont r\u00e9gl\u00e9es avec souplesse les questions d\u2019\u00e9criture du nord-occitan, en harmonie avec l\u2019ensemble de la Langue d\u2019Oc ; un h\u00e9ritage multis\u00e9culaire. Se retrouvent donc, dans une masse qui avoisine les 80.000 mots, tournures et expressions imag\u00e9es, le Limousin officiel de Corr\u00e8ze, de Creuse et de Haute-Vienne, les parties limousines de Charente et de la moiti\u00e9 nord de la Dordogne. Leurs parlers s\u2019interp\u00e9n\u00e8trent dans cette unit\u00e9 culturelle. De nouveaux apports de 3.000 termes environ, pour la plupart des n\u00e9ologismes contemporains, ancrent l\u2019ouvrage dans notre univers linguistique actuel.<\/p>\n<p>Livre unique et essentiel des retrouvailles, certes ; mais aussi de l\u2019apprentissage et de la r\u00e9flexion. Capital pour qui veut parler, lire et pourquoi pas \u00e9crire dans la langue d\u2019ici ; comme beaucoup l\u2019ont fait et le font encore, depuis mille ans.<\/p>\n","protected":false},"excerpt":{"rendered":"<p>Voici un ouvrage de r\u00e9f\u00e9rence par la richesse du vocabulaire qu\u2019il pr\u00e9sente ; enracin\u00e9 et o\u00f9 la diversit\u00e9 g\u00e9ographique de la langue du Limousin est scrupuleusement not\u00e9e. Aussi gr\u00e2ce \u00e0 la ma\u00eetrise et \u00e0 la clart\u00e9 par lesquelles sont r\u00e9gl\u00e9es avec souplesse les questions d\u2019\u00e9criture du nord-occitan, en harmonie avec l\u2019ensemble de la Langue d\u2019Oc [&hellip;]<\/p>\n","protected":false},"featured_media":28823,"template":"","meta":{"_acf_changed":false,"_genesis_hide_title":false,"_genesis_hide_breadcrumbs":false,"_genesis_hide_singular_image":false,"_genesis_hide_footer_widgets":false,"_genesis_custom_body_class":"","_genesis_custom_post_class":"","_genesis_layout":""},"product_brand":[],"product_cat":[7132,7138,7136],"product_tag":[],"class_list":{"0":"post-19000","1":"product","2":"type-product","3":"status-publish","4":"has-post-thumbnail","6":"product_cat-books","7":"product_cat-dictionaries-grammars-en","8":"product_cat-dictionaries-language-educational-en","9":"pa_auteur-lavalada-ives-en","10":"pa_editeur-ieo-lemosin-en-2","11":"pa_langue-occitan-lemosin-en","12":"pa_langue-occitan-francais-en","13":"entry","15":"first","16":"outofstock","17":"shipping-taxable","18":"purchasable","19":"product-type-simple"},"acf":[],"_links":{"self":[{"href":"https:\/\/www.libraria-occitana.org\/en\/wp-json\/wp\/v2\/product\/19000","targetHints":{"allow":["GET"]}}],"collection":[{"href":"https:\/\/www.libraria-occitana.org\/en\/wp-json\/wp\/v2\/product"}],"about":[{"href":"https:\/\/www.libraria-occitana.org\/en\/wp-json\/wp\/v2\/types\/product"}],"wp:featuredmedia":[{"embeddable":true,"href":"https:\/\/www.libraria-occitana.org\/en\/wp-json\/wp\/v2\/media\/28823"}],"wp:attachment":[{"href":"https:\/\/www.libraria-occitana.org\/en\/wp-json\/wp\/v2\/media?parent=19000"}],"wp:term":[{"taxonomy":"product_brand","embeddable":true,"href":"https:\/\/www.libraria-occitana.org\/en\/wp-json\/wp\/v2\/product_brand?post=19000"},{"taxonomy":"product_cat","embeddable":true,"href":"https:\/\/www.libraria-occitana.org\/en\/wp-json\/wp\/v2\/product_cat?post=19000"},{"taxonomy":"product_tag","embeddable":true,"href":"https:\/\/www.libraria-occitana.org\/en\/wp-json\/wp\/v2\/product_tag?post=19000"}],"curies":[{"name":"wp","href":"https:\/\/api.w.org\/{rel}","templated":true}]}}