{"id":19014,"date":"2010-10-01T11:21:50","date_gmt":"2010-10-01T10:21:50","guid":{"rendered":"http:\/\/www.libraria-occitana.org\/all-products\/contes-de-leschalier-contes-de-lechalier-libre-2-cd?lang=en"},"modified":"2026-04-14T00:52:01","modified_gmt":"2026-04-13T22:52:01","slug":"contes-de-leschalier-contes-de-lechalier-libre-2-cd","status":"publish","type":"product","link":"https:\/\/www.libraria-occitana.org\/en\/product\/contes-de-leschalier-contes-de-lechalier-libre-2-cd\/","title":{"rendered":"Contes de l&#8217;eschalier &#8211; Contes de l&#8217;\u00e9chalier (libre + 2 CD)"},"content":{"rendered":"<p>Dans les ann\u00e9es soixante, Colette Vialle-Mariotat avait tenu un carnet d\u2019anecdotes et d\u2019ou\u00ef-dire, en fran\u00e7ais et en occitan, qu\u2019elle destinait \u00e0 ses proches. Ce sont ses enfants qui l\u2019ont pouss\u00e9e \u00e0 mettre par \u00e9crit les souvenirs familiaux et villageois dont elle tenait la chronique.<\/p>\n<p>Cet ouvrage regroupe 34 chroniques de village : des souvenirs d\u2019enfance, des portraits de la communaut\u00e9 paysanne, du village de Teillet (commune de Saint Dizier-Leyrenne), dont est originaire l\u2019auteur, et du nord de la Creuse. Les textes vifs, pr\u00e9cis, fac\u00e9tieux, au vocabulaire riche, sont illustr\u00e9s de dessins na\u00effs au crayon.<\/p>\n<p>Contes lus par l\u2019auteur en occitan.<\/p>\n","protected":false},"excerpt":{"rendered":"<p>Dans les ann\u00e9es soixante, Colette Vialle-Mariotat avait tenu un carnet d\u2019anecdotes et d\u2019ou\u00ef-dire, en fran\u00e7ais et en occitan, qu\u2019elle destinait \u00e0 ses proches. Ce sont ses enfants qui l\u2019ont pouss\u00e9e \u00e0 mettre par \u00e9crit les souvenirs familiaux et villageois dont elle tenait la chronique. Cet ouvrage regroupe 34 chroniques de village : des souvenirs d\u2019enfance, [&hellip;]<\/p>\n","protected":false},"featured_media":36384,"template":"","meta":{"_acf_changed":false,"_genesis_hide_title":false,"_genesis_hide_breadcrumbs":false,"_genesis_hide_singular_image":false,"_genesis_hide_footer_widgets":false,"_genesis_custom_body_class":"","_genesis_custom_post_class":"","_genesis_layout":""},"product_brand":[],"product_cat":[7132,7174,7176],"product_tag":[],"class_list":{"0":"post-19014","1":"product","2":"type-product","3":"status-publish","4":"has-post-thumbnail","6":"product_cat-books","7":"product_cat-literature-en","8":"product_cat-tales-fables-en","9":"pa_auteur-vialle-mariotat-colette-fr-en","10":"pa_editeur-ieo-lemosin-en-2","11":"pa_langue-occitan-lemosin-en","12":"pa_langue-occitan-francais-en","13":"entry","15":"first","16":"instock","17":"shipping-taxable","18":"purchasable","19":"product-type-simple"},"acf":[],"_links":{"self":[{"href":"https:\/\/www.libraria-occitana.org\/en\/wp-json\/wp\/v2\/product\/19014","targetHints":{"allow":["GET"]}}],"collection":[{"href":"https:\/\/www.libraria-occitana.org\/en\/wp-json\/wp\/v2\/product"}],"about":[{"href":"https:\/\/www.libraria-occitana.org\/en\/wp-json\/wp\/v2\/types\/product"}],"wp:featuredmedia":[{"embeddable":true,"href":"https:\/\/www.libraria-occitana.org\/en\/wp-json\/wp\/v2\/media\/36384"}],"wp:attachment":[{"href":"https:\/\/www.libraria-occitana.org\/en\/wp-json\/wp\/v2\/media?parent=19014"}],"wp:term":[{"taxonomy":"product_brand","embeddable":true,"href":"https:\/\/www.libraria-occitana.org\/en\/wp-json\/wp\/v2\/product_brand?post=19014"},{"taxonomy":"product_cat","embeddable":true,"href":"https:\/\/www.libraria-occitana.org\/en\/wp-json\/wp\/v2\/product_cat?post=19014"},{"taxonomy":"product_tag","embeddable":true,"href":"https:\/\/www.libraria-occitana.org\/en\/wp-json\/wp\/v2\/product_tag?post=19014"}],"curies":[{"name":"wp","href":"https:\/\/api.w.org\/{rel}","templated":true}]}}