{"id":19046,"date":"2010-07-01T17:45:31","date_gmt":"2010-07-01T15:45:31","guid":{"rendered":"http:\/\/www.libraria-occitana.org\/all-products\/las-tornas-de-giraudon?lang=en"},"modified":"2026-04-18T22:36:34","modified_gmt":"2026-04-18T20:36:34","slug":"las-tornas-de-giraudon","status":"publish","type":"product","link":"https:\/\/www.libraria-occitana.org\/en\/product\/las-tornas-de-giraudon\/","title":{"rendered":"Las t\u00f2rnas de Giraudon"},"content":{"rendered":"<p>L&#8217;exumacion daus c\u00f2rs de sodards alamands tuats per los maquisards en 1944 mena a una curiosa suspresa. Aus m\u00f2rts de la guerra entre resistents e tropas alamandas venen s&#8217;apondre de noveus cadabres. Per esclarzir lo misteri, lo comissari Darnauguilhem deur\u00e1 pacientament desbotjar lo fiau de vielhas ist\u00f2rias e de dramas ancians que menen a la veritat d&#8217;auei, e far parlar los darrier tesmonhs aprep mai de mieg segle de silenci.<\/p>\n","protected":false},"excerpt":{"rendered":"<p>L&#8217;exumacion daus c\u00f2rs de sodards alamands tuats per los maquisards en 1944 mena a una curiosa suspresa. Aus m\u00f2rts de la guerra entre resistents e tropas alamandas venen s&#8217;apondre de noveus cadabres. Per esclarzir lo misteri, lo comissari Darnauguilhem deur\u00e1 pacientament desbotjar lo fiau de vielhas ist\u00f2rias e de dramas ancians que menen a la [&hellip;]<\/p>\n","protected":false},"featured_media":19047,"template":"","meta":{"_acf_changed":false,"_genesis_hide_title":false,"_genesis_hide_breadcrumbs":false,"_genesis_hide_singular_image":false,"_genesis_hide_footer_widgets":false,"_genesis_custom_body_class":"","_genesis_custom_post_class":"","_genesis_layout":""},"product_brand":[],"product_cat":[7132,7174,7182],"product_tag":[],"class_list":{"0":"post-19046","1":"product","2":"type-product","3":"status-publish","4":"has-post-thumbnail","6":"product_cat-books","7":"product_cat-literature-en","8":"product_cat-novels-short-stories-en","9":"pa_auteur-ganhaire-joan-en","10":"pa_editeur-ieo-fr-en","11":"pa_langue-occitan-en","12":"pa_langue-occitan-lemosin-en","13":"entry","15":"first","16":"instock","17":"shipping-taxable","18":"purchasable","19":"product-type-simple"},"acf":[],"_links":{"self":[{"href":"https:\/\/www.libraria-occitana.org\/en\/wp-json\/wp\/v2\/product\/19046","targetHints":{"allow":["GET"]}}],"collection":[{"href":"https:\/\/www.libraria-occitana.org\/en\/wp-json\/wp\/v2\/product"}],"about":[{"href":"https:\/\/www.libraria-occitana.org\/en\/wp-json\/wp\/v2\/types\/product"}],"wp:featuredmedia":[{"embeddable":true,"href":"https:\/\/www.libraria-occitana.org\/en\/wp-json\/wp\/v2\/media\/19047"}],"wp:attachment":[{"href":"https:\/\/www.libraria-occitana.org\/en\/wp-json\/wp\/v2\/media?parent=19046"}],"wp:term":[{"taxonomy":"product_brand","embeddable":true,"href":"https:\/\/www.libraria-occitana.org\/en\/wp-json\/wp\/v2\/product_brand?post=19046"},{"taxonomy":"product_cat","embeddable":true,"href":"https:\/\/www.libraria-occitana.org\/en\/wp-json\/wp\/v2\/product_cat?post=19046"},{"taxonomy":"product_tag","embeddable":true,"href":"https:\/\/www.libraria-occitana.org\/en\/wp-json\/wp\/v2\/product_tag?post=19046"}],"curies":[{"name":"wp","href":"https:\/\/api.w.org\/{rel}","templated":true}]}}