{"id":19061,"date":"2010-05-01T11:54:28","date_gmt":"2010-05-01T09:54:28","guid":{"rendered":"http:\/\/www.libraria-occitana.org\/all-products\/lo-libre-de-lerba-e-daus-aubres?lang=en"},"modified":"2026-04-08T03:21:34","modified_gmt":"2026-04-08T01:21:34","slug":"lo-libre-de-lerba-e-daus-aubres","status":"publish","type":"product","link":"https:\/\/www.libraria-occitana.org\/en\/product\/lo-libre-de-lerba-e-daus-aubres\/","title":{"rendered":"Lo libre de l&#8217;erba e daus aubres"},"content":{"rendered":"<p>Sous une couverture \u00e0 rabats qu\u2019un beau dessin de Jan-Marc Simeonin tient toute.<\/p>\n<p>C\u2019est le second volet du grand livre du savoir paysan dont le <a title=\"Bestiari lemosin\" href=\"http:\/\/www.libraria-occitana.org\/all-products\/bestiari-lemosin\"><em>Bestiari<\/em><\/a> \u00e9tait le premier. L\u2019auteur, comme \u00e0 son habitude, nous restitue la parole de son monde, ce qu\u2019elle a entendu et appris autour d\u2019elle, de la famille et des voisins : son \u00e8re d\u2019enqu\u00eate\u2026 Une premi\u00e8re partie parle des herbes sauvages, des champignons et des arbres, fussent-ils ou non sauvages, la seconde des plantes cultiv\u00e9es, tout ce que les gens \u00ab font venir \u00bb pour se nourrir eux et leurs b\u00eates.<\/p>\n<p>Ce livre, commenc\u00e9 dans les ann\u00e9es 1970, fut repris et achev\u00e9 par Marcelle Delpastre quelques mois avant sa mort, alors qu\u2019elle \u00e9tait tr\u00e8s malade. C\u2019est sa derni\u00e8re oeuvre, et l\u2019on en sent l\u2019urgence, le ton \u00e9tant tr\u00e8s diff\u00e9rent de celui du <em>Bestiari<\/em>.<\/p>\n","protected":false},"excerpt":{"rendered":"<p>Sous une couverture \u00e0 rabats qu\u2019un beau dessin de Jan-Marc Simeonin tient toute. C\u2019est le second volet du grand livre du savoir paysan dont le Bestiari \u00e9tait le premier. L\u2019auteur, comme \u00e0 son habitude, nous restitue la parole de son monde, ce qu\u2019elle a entendu et appris autour d\u2019elle, de la famille et des voisins [&hellip;]<\/p>\n","protected":false},"featured_media":19063,"template":"","meta":{"_acf_changed":false,"_genesis_hide_title":false,"_genesis_hide_breadcrumbs":false,"_genesis_hide_singular_image":false,"_genesis_hide_footer_widgets":false,"_genesis_custom_body_class":"","_genesis_custom_post_class":"","_genesis_layout":""},"product_brand":[],"product_cat":[7132,7208,7206],"product_tag":[],"class_list":{"0":"post-19061","1":"product","2":"type-product","3":"status-publish","4":"has-post-thumbnail","6":"product_cat-books","7":"product_cat-customs-rites-and-beliefs-en","8":"product_cat-traditions-heritage-en","9":"pa_auteur-delpastre-marcela-en","10":"pa_editeur-lo-chamin-de-sent-jaume-en","11":"pa_illustrateur-simeonin-jan-marc-en","12":"pa_langue-occitan-en","13":"pa_langue-occitan-lemosin-en","14":"entry","16":"first","17":"instock","18":"shipping-taxable","19":"purchasable","20":"product-type-simple"},"acf":[],"_links":{"self":[{"href":"https:\/\/www.libraria-occitana.org\/en\/wp-json\/wp\/v2\/product\/19061","targetHints":{"allow":["GET"]}}],"collection":[{"href":"https:\/\/www.libraria-occitana.org\/en\/wp-json\/wp\/v2\/product"}],"about":[{"href":"https:\/\/www.libraria-occitana.org\/en\/wp-json\/wp\/v2\/types\/product"}],"wp:featuredmedia":[{"embeddable":true,"href":"https:\/\/www.libraria-occitana.org\/en\/wp-json\/wp\/v2\/media\/19063"}],"wp:attachment":[{"href":"https:\/\/www.libraria-occitana.org\/en\/wp-json\/wp\/v2\/media?parent=19061"}],"wp:term":[{"taxonomy":"product_brand","embeddable":true,"href":"https:\/\/www.libraria-occitana.org\/en\/wp-json\/wp\/v2\/product_brand?post=19061"},{"taxonomy":"product_cat","embeddable":true,"href":"https:\/\/www.libraria-occitana.org\/en\/wp-json\/wp\/v2\/product_cat?post=19061"},{"taxonomy":"product_tag","embeddable":true,"href":"https:\/\/www.libraria-occitana.org\/en\/wp-json\/wp\/v2\/product_tag?post=19061"}],"curies":[{"name":"wp","href":"https:\/\/api.w.org\/{rel}","templated":true}]}}