{"id":19068,"date":"2011-05-01T15:25:54","date_gmt":"2011-05-01T14:25:54","guid":{"rendered":"http:\/\/www.libraria-occitana.org\/all-products\/pour-ne-pas-disparaitre-pourquoi-nous-avons-besoin-de-la-sagesse-ancestrale?lang=en"},"modified":"2026-04-26T20:41:27","modified_gmt":"2026-04-26T18:41:27","slug":"pour-ne-pas-disparaitre-pourquoi-nous-avons-besoin-de-la-sagesse-ancestrale","status":"publish","type":"product","link":"https:\/\/www.libraria-occitana.org\/en\/product\/pour-ne-pas-disparaitre-pourquoi-nous-avons-besoin-de-la-sagesse-ancestrale\/","title":{"rendered":"Pour ne pas dispara\u00eetre : Pourquoi nous avons besoin de la sagesse ancestrale"},"content":{"rendered":"<p>\u00ab\u00a0Avant de mourir, l\u2019anthropologue Margaret Mead a exprim\u00e9 la crainte qu\u2019en glissant vers un monde plus homog\u00e8ne, nous ne soyons en train de jeter les bases d\u2019une culture moderne g\u00e9n\u00e9rique et informe, qui n\u2019aurait pas de concurrente. Elle redoutait que toute l\u2019imagination humaine ne soit contenue \u00e0 l\u2019int\u00e9rieur des limites d\u2019une unique modalit\u00e9 intellectuelle et spirituelle. Son pire cauchemar, c\u2019\u00e9tait que nous nous r\u00e9veillions un jour sans m\u00eame nous souvenir de ce que nous avons perdu. \u00bb<\/p>\n<p>Ainsi s\u2019exprime l\u2019anthropologue canadien Wade Davis qui, apr\u00e8s avoir sillonn\u00e9 la plan\u00e8te pendant plus de quarante ans, confirme dans ce livre la r\u00e9alit\u00e9 des menaces qui p\u00e8sent aujourd\u2019hui non seulement sur la biodiversit\u00e9 mais aussi sur la diversit\u00e9 humaine et culturelle. Dans un avenir proche, de nombreuses cultures, parmi les plus fragiles, sont vou\u00e9es \u00e0 dispara\u00eetre. Et avec elles, des connaissances, des modes de pens\u00e9e, des arts et des spiritualit\u00e9s : toute une m\u00e9moire ancienne qui repr\u00e9senterait une perte consid\u00e9rable pour la plan\u00e8te.<\/p>\n<p>De la Polyn\u00e9sie aux Andes, du Mali au Gro\u00ebnland, du Tibet \u00e0 l\u2019Australie, Wade Davis nous entra\u00eene dans un voyage qui est tout autant un plaidoyer en faveur des cultures anciennes qu\u2019une invitation \u00e0 repenser notre monde avant qu\u2019il ne soit trop tard.<\/p>\n","protected":false},"excerpt":{"rendered":"<p>\u00ab\u00a0Avant de mourir, l\u2019anthropologue Margaret Mead a exprim\u00e9 la crainte qu\u2019en glissant vers un monde plus homog\u00e8ne, nous ne soyons en train de jeter les bases d\u2019une culture moderne g\u00e9n\u00e9rique et informe, qui n\u2019aurait pas de concurrente. Elle redoutait que toute l\u2019imagination humaine ne soit contenue \u00e0 l\u2019int\u00e9rieur des limites d\u2019une unique modalit\u00e9 intellectuelle et [&hellip;]<\/p>\n","protected":false},"featured_media":19069,"template":"","meta":{"_acf_changed":false,"_genesis_hide_title":false,"_genesis_hide_breadcrumbs":false,"_genesis_hide_singular_image":false,"_genesis_hide_footer_widgets":false,"_genesis_custom_body_class":"","_genesis_custom_post_class":"","_genesis_layout":""},"product_brand":[],"product_cat":[7132,7202],"product_tag":[],"class_list":{"0":"post-19068","1":"product","2":"type-product","3":"status-publish","4":"has-post-thumbnail","6":"product_cat-books","7":"product_cat-politics-sociology-current-affairs-en","8":"pa_auteur-davis-wade-en","9":"pa_editeur-albin-michel-en","10":"pa_illustrateur-girod-marie-france-en","11":"pa_langue-francais-en","12":"entry","14":"first","15":"instock","16":"shipping-taxable","17":"purchasable","18":"product-type-simple"},"acf":[],"_links":{"self":[{"href":"https:\/\/www.libraria-occitana.org\/en\/wp-json\/wp\/v2\/product\/19068","targetHints":{"allow":["GET"]}}],"collection":[{"href":"https:\/\/www.libraria-occitana.org\/en\/wp-json\/wp\/v2\/product"}],"about":[{"href":"https:\/\/www.libraria-occitana.org\/en\/wp-json\/wp\/v2\/types\/product"}],"wp:featuredmedia":[{"embeddable":true,"href":"https:\/\/www.libraria-occitana.org\/en\/wp-json\/wp\/v2\/media\/19069"}],"wp:attachment":[{"href":"https:\/\/www.libraria-occitana.org\/en\/wp-json\/wp\/v2\/media?parent=19068"}],"wp:term":[{"taxonomy":"product_brand","embeddable":true,"href":"https:\/\/www.libraria-occitana.org\/en\/wp-json\/wp\/v2\/product_brand?post=19068"},{"taxonomy":"product_cat","embeddable":true,"href":"https:\/\/www.libraria-occitana.org\/en\/wp-json\/wp\/v2\/product_cat?post=19068"},{"taxonomy":"product_tag","embeddable":true,"href":"https:\/\/www.libraria-occitana.org\/en\/wp-json\/wp\/v2\/product_tag?post=19068"}],"curies":[{"name":"wp","href":"https:\/\/api.w.org\/{rel}","templated":true}]}}