{"id":19082,"date":"2011-04-01T17:22:48","date_gmt":"2011-04-01T16:22:48","guid":{"rendered":"http:\/\/www.libraria-occitana.org\/all-products\/anthologie-des-troubadours-du-puy-de-dome?lang=en"},"modified":"2026-04-29T11:04:54","modified_gmt":"2026-04-29T09:04:54","slug":"anthologie-des-troubadours-du-puy-de-dome","status":"publish","type":"product","link":"https:\/\/www.libraria-occitana.org\/en\/product\/anthologie-des-troubadours-du-puy-de-dome\/","title":{"rendered":"Anthologie des troubadours du Puy-de-D\u00f4me"},"content":{"rendered":"<p>On l\u2019ignore trop souvent : bien avant Blaise Pascal, la grande p\u00e9riode litt\u00e9raire de cette r\u00e9gion du nord de l\u2019Auvergne qui, depuis la R\u00e9volution fran\u00e7aise, a pris le nom de \u00ab Puy-de-D\u00f4me \u00bb, c\u2019est celle des troubadours.<\/p>\n<p>Voici de quoi la d\u00e9couvrir, resitu\u00e9e dans son contexte historique, avec les grands personnages des XIIe et XIIIe si\u00e8cles et les relations qu\u2019ils entretenaient : toute une atmosph\u00e8re sociale et culturelle !<\/p>\n<p>Destin\u00e9 \u00e0 tout public int\u00e9ress\u00e9 par la litt\u00e9rature, l\u2019ouvrage pr\u00e9sente vingt-deux textes originaux en occitan accompagn\u00e9s de leur traduction, de pr\u00e9sentations et de commentaires en fran\u00e7ais, pour faire connaissance avec Peire d\u2019Auvergne, Peire Rogier, Peirol, Dauphin d\u2019Auvergne, Uc de Maensac, Perdigon, Bertran de La Tour et l\u2019\u00e9v\u00eaque de Clermont, tous n\u00e9s dans le pays, ainsi qu\u2019avec Gui d\u2019Ussel, chanoine de Brioude et de Monferrand. D\u2019autres troubadours dont les textes ne nous sont pas parvenus sont \u00e9voqu\u00e9s par les <em>Vidas<\/em> et <em>Razons<\/em>.<\/p>\n<p>On notera que ce livre fournit pour la premi\u00e8re fois l\u2019\u00e9dition compl\u00e8te des textes de Dauphin d\u2019Auvergne.<\/p>\n","protected":false},"excerpt":{"rendered":"<p>On l\u2019ignore trop souvent : bien avant Blaise Pascal, la grande p\u00e9riode litt\u00e9raire de cette r\u00e9gion du nord de l\u2019Auvergne qui, depuis la R\u00e9volution fran\u00e7aise, a pris le nom de \u00ab Puy-de-D\u00f4me \u00bb, c\u2019est celle des troubadours. Voici de quoi la d\u00e9couvrir, resitu\u00e9e dans son contexte historique, avec les grands personnages des XIIe et XIIIe [&hellip;]<\/p>\n","protected":false},"featured_media":36366,"template":"","meta":{"_acf_changed":false,"_genesis_hide_title":false,"_genesis_hide_breadcrumbs":false,"_genesis_hide_singular_image":false,"_genesis_hide_footer_widgets":false,"_genesis_custom_body_class":"","_genesis_custom_post_class":"","_genesis_layout":""},"product_brand":[],"product_cat":[7132,7174,7180],"product_tag":[],"class_list":{"0":"post-19082","1":"product","2":"type-product","3":"status-publish","4":"has-post-thumbnail","6":"product_cat-books","7":"product_cat-literature-en","8":"product_cat-poetry-en","9":"pa_auteur-teulat-roger-en","10":"pa_editeur-ieo-puei-de-doma-en","11":"pa_editeur-lostal-del-libre-en","12":"pa_langue-occitan-medievau-en","13":"pa_langue-occitan-francais-en","14":"entry","16":"first","17":"instock","18":"shipping-taxable","19":"purchasable","20":"product-type-simple"},"acf":[],"_links":{"self":[{"href":"https:\/\/www.libraria-occitana.org\/en\/wp-json\/wp\/v2\/product\/19082","targetHints":{"allow":["GET"]}}],"collection":[{"href":"https:\/\/www.libraria-occitana.org\/en\/wp-json\/wp\/v2\/product"}],"about":[{"href":"https:\/\/www.libraria-occitana.org\/en\/wp-json\/wp\/v2\/types\/product"}],"wp:featuredmedia":[{"embeddable":true,"href":"https:\/\/www.libraria-occitana.org\/en\/wp-json\/wp\/v2\/media\/36366"}],"wp:attachment":[{"href":"https:\/\/www.libraria-occitana.org\/en\/wp-json\/wp\/v2\/media?parent=19082"}],"wp:term":[{"taxonomy":"product_brand","embeddable":true,"href":"https:\/\/www.libraria-occitana.org\/en\/wp-json\/wp\/v2\/product_brand?post=19082"},{"taxonomy":"product_cat","embeddable":true,"href":"https:\/\/www.libraria-occitana.org\/en\/wp-json\/wp\/v2\/product_cat?post=19082"},{"taxonomy":"product_tag","embeddable":true,"href":"https:\/\/www.libraria-occitana.org\/en\/wp-json\/wp\/v2\/product_tag?post=19082"}],"curies":[{"name":"wp","href":"https:\/\/api.w.org\/{rel}","templated":true}]}}