{"id":19116,"date":"2011-02-01T11:05:55","date_gmt":"2011-02-01T10:05:55","guid":{"rendered":"http:\/\/www.libraria-occitana.org\/all-products\/les-valeurs-de-la-societe-de-cortesia-en-pays-doc-aux-xiie-et-xiiie-siecles-2?lang=en"},"modified":"2026-04-29T11:00:36","modified_gmt":"2026-04-29T09:00:36","slug":"les-valeurs-de-la-societe-de-cortesia-en-pays-doc-aux-xiie-et-xiiie-siecles-2","status":"publish","type":"product","link":"https:\/\/www.libraria-occitana.org\/en\/product\/les-valeurs-de-la-societe-de-cortesia-en-pays-doc-aux-xiie-et-xiiie-siecles-2\/","title":{"rendered":"Les valeurs de la soci\u00e9t\u00e9 de cortesia en pays d&#8217;Oc aux XIIe et XIIIe si\u00e8cles"},"content":{"rendered":"<p>Le petit livre pour les non sp\u00e9cialistes, les curieux tout simplement, qui manquait \u00e0 ce sujet.<\/p>\n<p>On y d\u00e9finit <em>Cortesia<\/em> et <em>Fin\u2019amor<\/em> et tout ce qui les rendit possibles : <em>larguesa<\/em>, <em>pr\u00e8tz<\/em>, <em>merc\u00e9<\/em>, <em>paratge<\/em>, <em>conviv\u00e9ncia<\/em>. On en parle simplement, n\u00e9anmoins avec tout le s\u00e9rieux scientifique voulu. Tout y est remis en son contexte historique et social, de l\u2019origine de cette soci\u00e9t\u00e9 du <em>trobar<\/em> \u00e0 sa destruction par la Croisade dite contre les Albigeois.<\/p>\n<p>Un livre clair et comp\u00e9tent, \u00e9tay\u00e9 de nombreuses citations puis\u00e9es au meilleur de la cr\u00e9ation troubadouresque.<\/p>\n","protected":false},"excerpt":{"rendered":"<p>Le petit livre pour les non sp\u00e9cialistes, les curieux tout simplement, qui manquait \u00e0 ce sujet. On y d\u00e9finit Cortesia et Fin\u2019amor et tout ce qui les rendit possibles : larguesa, pr\u00e8tz, merc\u00e9, paratge, conviv\u00e9ncia. On en parle simplement, n\u00e9anmoins avec tout le s\u00e9rieux scientifique voulu. Tout y est remis en son contexte historique et [&hellip;]<\/p>\n","protected":false},"featured_media":19113,"template":"","meta":{"_acf_changed":false,"_genesis_hide_title":false,"_genesis_hide_breadcrumbs":false,"_genesis_hide_singular_image":false,"_genesis_hide_footer_widgets":false,"_genesis_custom_body_class":"","_genesis_custom_post_class":"","_genesis_layout":""},"product_brand":[],"product_cat":[7188,7132,7174],"product_tag":[],"class_list":{"0":"post-19116","1":"product","2":"type-product","3":"status-publish","4":"has-post-thumbnail","6":"product_cat-arts-studies-en","7":"product_cat-books","8":"product_cat-literature-en","9":"pa_auteur-stenta-miquela-en","10":"pa_editeur-lo-chamin-de-sent-jaume-en","11":"pa_langue-francais-en","12":"entry","14":"first","15":"outofstock","16":"shipping-taxable","17":"purchasable","18":"product-type-simple"},"acf":[],"_links":{"self":[{"href":"https:\/\/www.libraria-occitana.org\/en\/wp-json\/wp\/v2\/product\/19116","targetHints":{"allow":["GET"]}}],"collection":[{"href":"https:\/\/www.libraria-occitana.org\/en\/wp-json\/wp\/v2\/product"}],"about":[{"href":"https:\/\/www.libraria-occitana.org\/en\/wp-json\/wp\/v2\/types\/product"}],"wp:featuredmedia":[{"embeddable":true,"href":"https:\/\/www.libraria-occitana.org\/en\/wp-json\/wp\/v2\/media\/19113"}],"wp:attachment":[{"href":"https:\/\/www.libraria-occitana.org\/en\/wp-json\/wp\/v2\/media?parent=19116"}],"wp:term":[{"taxonomy":"product_brand","embeddable":true,"href":"https:\/\/www.libraria-occitana.org\/en\/wp-json\/wp\/v2\/product_brand?post=19116"},{"taxonomy":"product_cat","embeddable":true,"href":"https:\/\/www.libraria-occitana.org\/en\/wp-json\/wp\/v2\/product_cat?post=19116"},{"taxonomy":"product_tag","embeddable":true,"href":"https:\/\/www.libraria-occitana.org\/en\/wp-json\/wp\/v2\/product_tag?post=19116"}],"curies":[{"name":"wp","href":"https:\/\/api.w.org\/{rel}","templated":true}]}}