{"id":19126,"date":"2011-01-01T11:21:55","date_gmt":"2011-01-01T10:21:55","guid":{"rendered":"http:\/\/www.libraria-occitana.org\/all-products\/marcel-dins-son-vargier-en-lemosin-2?lang=en"},"modified":"2026-04-11T03:57:02","modified_gmt":"2026-04-11T01:57:02","slug":"marcel-dins-son-vargier-en-lemosin-2","status":"publish","type":"product","link":"https:\/\/www.libraria-occitana.org\/en\/product\/marcel-dins-son-vargier-en-lemosin-2\/","title":{"rendered":"Marcel dins son vargier &#8211; Marcel en son jardin (En Lemosin 2)"},"content":{"rendered":"<p><strong>Dins lu pitit borg de Sent Aforian (Saint-Symphorien sur Couze, 87), Marcel \u2013 que los pus vielhs apelen \u201cGazi\u201d \u2013 apres \u2018na vita de trabalh, fai valer son vargier.<\/strong><\/p>\n<p>Marcel Laplagne, aujourd\u2019hui retrait\u00e9, est n\u00e9 \u00e0 Thouron, \u00e0 quelques kilom\u00e8tres de Saint-Symphorien. Il \u00e9voque pour nous la vie active, entre l\u2019agriculture et un emploi dans une coop\u00e9rative de vente de mat\u00e9riel agricole et nous livre quelques uns de ses secrets de jardinier et de fumeur de gris. Il nous fait part aussi de son affection pour sa langue de pr\u00e9dilection.<\/p>\n<p>Un documentaire de 12 minutes en occitan (sous-titr\u00e9 en fran\u00e7ais) r\u00e9alis\u00e9 en 2011 par Jean-Pierre Cavaill\u00e9, Jean-Paul Faure et Jean-Fran\u00e7ois Vignaud.<\/p>\n","protected":false},"excerpt":{"rendered":"<p>Dins lu pitit borg de Sent Aforian (Saint-Symphorien sur Couze, 87), Marcel \u2013 que los pus vielhs apelen \u201cGazi\u201d \u2013 apres \u2018na vita de trabalh, fai valer son vargier. Marcel Laplagne, aujourd\u2019hui retrait\u00e9, est n\u00e9 \u00e0 Thouron, \u00e0 quelques kilom\u00e8tres de Saint-Symphorien. Il \u00e9voque pour nous la vie active, entre l\u2019agriculture et un emploi dans [&hellip;]<\/p>\n","protected":false},"featured_media":36372,"template":"","meta":{"_acf_changed":false,"_genesis_hide_title":false,"_genesis_hide_breadcrumbs":false,"_genesis_hide_singular_image":false,"_genesis_hide_footer_widgets":false,"_genesis_custom_body_class":"","_genesis_custom_post_class":"","_genesis_layout":""},"product_brand":[],"product_cat":[7241,7249],"product_tag":[],"class_list":{"0":"post-19126","1":"product","2":"type-product","3":"status-publish","4":"has-post-thumbnail","6":"product_cat-documentary-en","7":"product_cat-videos-3-en","8":"pa_auteur-cavaille-jean-pierre-en","9":"pa_auteur-faure-jean-paul-en","10":"pa_auteur-vignaud-j-f-en","11":"pa_editeur-ieo-lemosin-en-2","12":"pa_langue-occitan-lemosin-en","13":"pa_langue-occitan-francais-en","14":"entry","16":"first","17":"outofstock","18":"shipping-taxable","19":"purchasable","20":"product-type-simple"},"acf":[],"_links":{"self":[{"href":"https:\/\/www.libraria-occitana.org\/en\/wp-json\/wp\/v2\/product\/19126","targetHints":{"allow":["GET"]}}],"collection":[{"href":"https:\/\/www.libraria-occitana.org\/en\/wp-json\/wp\/v2\/product"}],"about":[{"href":"https:\/\/www.libraria-occitana.org\/en\/wp-json\/wp\/v2\/types\/product"}],"wp:featuredmedia":[{"embeddable":true,"href":"https:\/\/www.libraria-occitana.org\/en\/wp-json\/wp\/v2\/media\/36372"}],"wp:attachment":[{"href":"https:\/\/www.libraria-occitana.org\/en\/wp-json\/wp\/v2\/media?parent=19126"}],"wp:term":[{"taxonomy":"product_brand","embeddable":true,"href":"https:\/\/www.libraria-occitana.org\/en\/wp-json\/wp\/v2\/product_brand?post=19126"},{"taxonomy":"product_cat","embeddable":true,"href":"https:\/\/www.libraria-occitana.org\/en\/wp-json\/wp\/v2\/product_cat?post=19126"},{"taxonomy":"product_tag","embeddable":true,"href":"https:\/\/www.libraria-occitana.org\/en\/wp-json\/wp\/v2\/product_tag?post=19126"}],"curies":[{"name":"wp","href":"https:\/\/api.w.org\/{rel}","templated":true}]}}