{"id":19132,"date":"2011-01-01T10:57:20","date_gmt":"2011-01-01T09:57:20","guid":{"rendered":"http:\/\/www.libraria-occitana.org\/all-products\/lo-princonet?lang=en"},"modified":"2026-04-29T07:11:43","modified_gmt":"2026-04-29T05:11:43","slug":"lo-princonet","status":"publish","type":"product","link":"https:\/\/www.libraria-occitana.org\/en\/product\/lo-princonet\/","title":{"rendered":"Lo Prin\u00e7onet"},"content":{"rendered":"<blockquote>\n<p>&#8211; Adiussiatz, diguet lo rainard. Vaqu\u00ed mon secret. Es plan simple : Vesem ben mas coma lo cuer. L&#8217;essencial se p\u00f2t pas veire per los uelhs.<br \/>\n&#8211; L&#8217;essencial se p\u00f2t pas veire per los uelhs, tornet dire lo prin\u00e7onet, per fin de se suvenir.<\/p>\n<\/blockquote>\n<p>Une version en occitan limousin du <em>Petit Prince<\/em> de Saint-Exup\u00e9ry.<\/p>\n","protected":false},"excerpt":{"rendered":"<p>&#8211; Adiussiatz, diguet lo rainard. Vaqu\u00ed mon secret. Es plan simple : Vesem ben mas coma lo cuer. L&#8217;essencial se p\u00f2t pas veire per los uelhs. &#8211; L&#8217;essencial se p\u00f2t pas veire per los uelhs, tornet dire lo prin\u00e7onet, per fin de se suvenir. Une version en occitan limousin du Petit Prince de Saint-Exup\u00e9ry.<\/p>\n","protected":false},"featured_media":19133,"template":"","meta":{"_acf_changed":false,"_genesis_hide_title":false,"_genesis_hide_breadcrumbs":false,"_genesis_hide_singular_image":false,"_genesis_hide_footer_widgets":false,"_genesis_custom_body_class":"","_genesis_custom_post_class":"","_genesis_layout":""},"product_brand":[],"product_cat":[7132,7164,7166],"product_tag":[],"class_list":{"0":"post-19132","1":"product","2":"type-product","3":"status-publish","4":"has-post-thumbnail","6":"product_cat-books","7":"product_cat-juvenile-and-teen-comics-humour-en","8":"product_cat-teen-en","9":"pa_auteur-saint-exupery-antoine-de-fr-en","10":"pa_editeur-tintenfass-en","11":"pa_illustrateur-rainal-paul-raynal-paul-en","12":"pa_langue-occitan-en","13":"pa_langue-occitan-lemosin-en","14":"entry","16":"first","17":"instock","18":"shipping-taxable","19":"purchasable","20":"product-type-simple"},"acf":[],"_links":{"self":[{"href":"https:\/\/www.libraria-occitana.org\/en\/wp-json\/wp\/v2\/product\/19132","targetHints":{"allow":["GET"]}}],"collection":[{"href":"https:\/\/www.libraria-occitana.org\/en\/wp-json\/wp\/v2\/product"}],"about":[{"href":"https:\/\/www.libraria-occitana.org\/en\/wp-json\/wp\/v2\/types\/product"}],"wp:featuredmedia":[{"embeddable":true,"href":"https:\/\/www.libraria-occitana.org\/en\/wp-json\/wp\/v2\/media\/19133"}],"wp:attachment":[{"href":"https:\/\/www.libraria-occitana.org\/en\/wp-json\/wp\/v2\/media?parent=19132"}],"wp:term":[{"taxonomy":"product_brand","embeddable":true,"href":"https:\/\/www.libraria-occitana.org\/en\/wp-json\/wp\/v2\/product_brand?post=19132"},{"taxonomy":"product_cat","embeddable":true,"href":"https:\/\/www.libraria-occitana.org\/en\/wp-json\/wp\/v2\/product_cat?post=19132"},{"taxonomy":"product_tag","embeddable":true,"href":"https:\/\/www.libraria-occitana.org\/en\/wp-json\/wp\/v2\/product_tag?post=19132"}],"curies":[{"name":"wp","href":"https:\/\/api.w.org\/{rel}","templated":true}]}}