{"id":19146,"date":"2010-12-01T16:10:42","date_gmt":"2010-12-01T15:10:42","guid":{"rendered":"http:\/\/www.libraria-occitana.org\/all-products\/lo-leberaubre-n31-32?lang=en"},"modified":"2026-04-25T04:36:10","modified_gmt":"2026-04-25T02:36:10","slug":"lo-leberaubre-n31-32","status":"publish","type":"product","link":"https:\/\/www.libraria-occitana.org\/en\/product\/lo-leberaubre-n31-32\/","title":{"rendered":"Lo Leberaubre N\u00b031-32"},"content":{"rendered":"<p>\u00ab\u00a0Per balhar de las rai\u00e7 au leberon e far corre l&#8217;aubre la nuech\u00a0\u00bb<\/p>\n<p>Revue de litt\u00e9rature occitane c\u00e9l\u00e9brant les noces du mythe et de l&#8217;absurde au chevet d&#8217;une bonne fontaine sans d\u00e9dicace. Vit le jour en 1975.<\/p>\n<p><strong>Taula :<\/strong><br \/>\n&#8211; Joan-Peire Lacomba :<br \/>\nTr\u00f2bas<br \/>\n&#8211; Micheu Chapduelh :<br \/>\nMomentons (Prosemas deris\u00f2ris)<br \/>\n. Mara<br \/>\n. Bois d&#8217;ausana<br \/>\n&#8211; Joan-Crist\u00f2u Dordet :<br \/>\nLa gent<br \/>\nNon-\u00e8sser<br \/>\nComa la luna<br \/>\nEslifrauds d&#8217;inconsci\u00e9ncia<br \/>\nVita esbudelada d&#8217;un non-\u00e8sser<br \/>\n&#8211; Jan dau Melhau :<br \/>\nDau regret<br \/>\n&#8211; Estudi : Estela Lame, Lo planh de Madalena<br \/>\n&#8211; Frederic Fijac :<br \/>\nPlanh d&#8217;una soca<br \/>\n&#8211; Jan dau Melhau :<br \/>\nDires<br \/>\n&#8211; Micheu Chapduelh :<br \/>\nLos petits chamins dau fantastic<br \/>\n&#8211; Josep Mig\u00f2t :<br \/>\nJosterral<br \/>\n&#8211; Jan dau Melhau :<br \/>\nCalendier lemosin<\/p>\n","protected":false},"excerpt":{"rendered":"<p>\u00ab\u00a0Per balhar de las rai\u00e7 au leberon e far corre l&#8217;aubre la nuech\u00a0\u00bb Revue de litt\u00e9rature occitane c\u00e9l\u00e9brant les noces du mythe et de l&#8217;absurde au chevet d&#8217;une bonne fontaine sans d\u00e9dicace. Vit le jour en 1975. Taula : &#8211; Joan-Peire Lacomba : Tr\u00f2bas &#8211; Micheu Chapduelh : Momentons (Prosemas deris\u00f2ris) . Mara . Bois [&hellip;]<\/p>\n","protected":false},"featured_media":19147,"template":"","meta":{"_acf_changed":false,"_genesis_hide_title":false,"_genesis_hide_breadcrumbs":false,"_genesis_hide_singular_image":false,"_genesis_hide_footer_widgets":false,"_genesis_custom_body_class":"","_genesis_custom_post_class":"","_genesis_layout":""},"product_brand":[],"product_cat":[7132,7174],"product_tag":[],"class_list":{"0":"post-19146","1":"product","2":"type-product","3":"status-publish","4":"has-post-thumbnail","6":"product_cat-books","7":"product_cat-literature-en","8":"pa_auteur-collectiu-en-2","9":"pa_editeur-literatura-e-cultura-populara-lemosinas-en","10":"pa_langue-occitan-en","11":"pa_langue-occitan-lemosin-en","12":"entry","14":"first","15":"instock","16":"shipping-taxable","17":"purchasable","18":"product-type-simple"},"acf":[],"_links":{"self":[{"href":"https:\/\/www.libraria-occitana.org\/en\/wp-json\/wp\/v2\/product\/19146","targetHints":{"allow":["GET"]}}],"collection":[{"href":"https:\/\/www.libraria-occitana.org\/en\/wp-json\/wp\/v2\/product"}],"about":[{"href":"https:\/\/www.libraria-occitana.org\/en\/wp-json\/wp\/v2\/types\/product"}],"wp:featuredmedia":[{"embeddable":true,"href":"https:\/\/www.libraria-occitana.org\/en\/wp-json\/wp\/v2\/media\/19147"}],"wp:attachment":[{"href":"https:\/\/www.libraria-occitana.org\/en\/wp-json\/wp\/v2\/media?parent=19146"}],"wp:term":[{"taxonomy":"product_brand","embeddable":true,"href":"https:\/\/www.libraria-occitana.org\/en\/wp-json\/wp\/v2\/product_brand?post=19146"},{"taxonomy":"product_cat","embeddable":true,"href":"https:\/\/www.libraria-occitana.org\/en\/wp-json\/wp\/v2\/product_cat?post=19146"},{"taxonomy":"product_tag","embeddable":true,"href":"https:\/\/www.libraria-occitana.org\/en\/wp-json\/wp\/v2\/product_tag?post=19146"}],"curies":[{"name":"wp","href":"https:\/\/api.w.org\/{rel}","templated":true}]}}