{"id":19152,"date":"2014-01-01T10:16:38","date_gmt":"2014-01-01T09:16:38","guid":{"rendered":"http:\/\/www.libraria-occitana.org\/all-products\/belles-chansons-du-sud-de-la-france-vol-1-libre-cd?lang=en"},"modified":"2026-04-18T07:31:07","modified_gmt":"2026-04-18T05:31:07","slug":"belles-chansons-du-sud-de-la-france-vol-1-libre-cd","status":"publish","type":"product","link":"https:\/\/www.libraria-occitana.org\/en\/product\/belles-chansons-du-sud-de-la-france-vol-1-libre-cd\/","title":{"rendered":"Belles chansons de la Tradition Occitane Vol. 1 (libre + CD)"},"content":{"rendered":"<p>Du Languedoc au B\u00e9arn, de la Provence au Roussillon, les chansons traditionnelles, qu\u2019elles soient interpr\u00e9t\u00e9es en occitan ou en langue fran\u00e7aise, sont assur\u00e9ment enracin\u00e9es dans le patrimoine r\u00e9gional. Que l\u2019on soit enfant ou grand-parent, ces airs se transmettent de g\u00e9n\u00e9ration en g\u00e9n\u00e9ration t\u00e9moignant ainsi d\u2019une culture o\u00f9 le partage de valeurs ancestrales reste essentiel.<br \/>\nDans le respect de sa d\u00e9marche visant \u00e0 perp\u00e9tuer ces h\u00e9ritages initialement consacr\u00e9s par la tradition orale, le groupe OC propose de red\u00e9couvrir un r\u00e9pertoire de 19 chansons, pioch\u00e9es en Catalogne ou en B\u00e9arn, dans les Hautes Pyr\u00e9n\u00e9es ou en Languedoc. Pour l&#8217;occasion, la Cobla Tres vents a \u00e9t\u00e9 invit\u00e9e \u00e0 apporter son concours d\u00e9montrant ainsi que sur de multiples points Catalogne et Occitanie peuvent se retrouver autour d&#8217;un univers sonore certes diff\u00e9rent mais tellement proche culturellement. Retrouvez en livre richement illustr\u00e9 et sur CD de v\u00e9ritables p\u00e9pites musicales \u00e0 chanter en famille&#8230;<\/p>\n<p>&gt; Inclus les textes complets et les partitions musicales<br \/>\n&gt; Illustrations originales en double-pages<br \/>\n&gt; CD 19 titres chant\u00e9s en fran\u00e7ais, occitan et catalan<br \/>\n&gt; MP3 Karaok\u00e9 \u00e0 t\u00e9l\u00e9charger avec un code pour chanter sur les versions instrumentales.<\/p>\n<p><strong>Titres :<\/strong><br \/>\n1. Se Canta 3&#8217;00&#8221;<br \/>\n2. Jean Petit 2&#8217;00&#8221;<br \/>\n3. Le coucou 2&#8217;06&#8221;<br \/>\n4. Les sabots 1&#8217;30&#8221;<br \/>\n5. La laine des moutons 2&#8217;06&#8221;<br \/>\n6. Pauvre cigale 1&#8217;40&#8221;<br \/>\n7. Nadal Tindaire 2&#8217;59&#8221;<br \/>\n8. Pauvre Carnaval 3&#8217;18&#8221;<br \/>\n9. La gigue 1&#8217;12&#8221;<br \/>\n10. Lo Boi\u00e8r 1&#8217;58&#8221;<br \/>\n11. Coupo Santo 2&#8217;38&#8221;<br \/>\n12. Las Treilhas 2&#8217;10&#8221;<br \/>\n13. Joan del riu 2&#8217;13&#8221;<br \/>\n14. La Lauseta 3&#8217;44&#8221;<br \/>\n15. Rossignol 2&#8217;21&#8221;<br \/>\n16. Los esclops 1&#8217;30&#8221;<br \/>\n17. Diga Joaneta 1&#8217;45&#8221;<br \/>\n18. La giga 1&#8217;11&#8221;<br \/>\n19. Au pont de Mirabel 3&#8217;35&#8221;<\/p>\n","protected":false},"excerpt":{"rendered":"<p>Du Languedoc au B\u00e9arn, de la Provence au Roussillon, les chansons traditionnelles, qu\u2019elles soient interpr\u00e9t\u00e9es en occitan ou en langue fran\u00e7aise, sont assur\u00e9ment enracin\u00e9es dans le patrimoine r\u00e9gional. Que l\u2019on soit enfant ou grand-parent, ces airs se transmettent de g\u00e9n\u00e9ration en g\u00e9n\u00e9ration t\u00e9moignant ainsi d\u2019une culture o\u00f9 le partage de valeurs ancestrales reste essentiel. Dans [&hellip;]<\/p>\n","protected":false},"featured_media":29677,"template":"","meta":{"_acf_changed":false,"_genesis_hide_title":false,"_genesis_hide_breadcrumbs":false,"_genesis_hide_singular_image":false,"_genesis_hide_footer_widgets":false,"_genesis_custom_body_class":"","_genesis_custom_post_class":"","_genesis_layout":""},"product_brand":[],"product_cat":[7132,7190,7192],"product_tag":[],"class_list":{"0":"post-19152","1":"product","2":"type-product","3":"status-publish","4":"has-post-thumbnail","6":"product_cat-books","7":"product_cat-music-dances-en","8":"product_cat-scores-lyrics-en","9":"pa_auteur-oc-2-en","10":"pa_auteur-tres-vents-en","11":"pa_editeur-christian-sales-en","12":"pa_illustrateur-roncin-sebastien-en","13":"pa_langue-autras-lingas-en","14":"pa_langue-francais-en","15":"pa_langue-occitan-en","16":"pa_langue-occitan-lengadocian-en","17":"entry","19":"first","20":"outofstock","21":"shipping-taxable","22":"purchasable","23":"product-type-simple"},"acf":[],"_links":{"self":[{"href":"https:\/\/www.libraria-occitana.org\/en\/wp-json\/wp\/v2\/product\/19152","targetHints":{"allow":["GET"]}}],"collection":[{"href":"https:\/\/www.libraria-occitana.org\/en\/wp-json\/wp\/v2\/product"}],"about":[{"href":"https:\/\/www.libraria-occitana.org\/en\/wp-json\/wp\/v2\/types\/product"}],"wp:featuredmedia":[{"embeddable":true,"href":"https:\/\/www.libraria-occitana.org\/en\/wp-json\/wp\/v2\/media\/29677"}],"wp:attachment":[{"href":"https:\/\/www.libraria-occitana.org\/en\/wp-json\/wp\/v2\/media?parent=19152"}],"wp:term":[{"taxonomy":"product_brand","embeddable":true,"href":"https:\/\/www.libraria-occitana.org\/en\/wp-json\/wp\/v2\/product_brand?post=19152"},{"taxonomy":"product_cat","embeddable":true,"href":"https:\/\/www.libraria-occitana.org\/en\/wp-json\/wp\/v2\/product_cat?post=19152"},{"taxonomy":"product_tag","embeddable":true,"href":"https:\/\/www.libraria-occitana.org\/en\/wp-json\/wp\/v2\/product_tag?post=19152"}],"curies":[{"name":"wp","href":"https:\/\/api.w.org\/{rel}","templated":true}]}}