{"id":19156,"date":"2012-01-01T10:11:30","date_gmt":"2012-01-01T09:11:30","guid":{"rendered":"http:\/\/www.libraria-occitana.org\/all-products\/belles-chansons-du-sud-de-la-france-2-cd?lang=en"},"modified":"2024-07-05T00:04:25","modified_gmt":"2024-07-04T22:04:25","slug":"belles-chansons-du-sud-de-la-france-2-cd","status":"publish","type":"product","link":"https:\/\/www.libraria-occitana.org\/en\/product\/belles-chansons-du-sud-de-la-france-2-cd\/","title":{"rendered":"Belles chansons du Sud de la France (2 CD)"},"content":{"rendered":"<p>Double CD Karaok\u00e9<\/p>\n<p>Qu&#8217;elles soient interpr\u00e9t\u00e9es en occitan ou en langue fran\u00e7aise, les chansons du sud de la France sont assur\u00e9ment enracin\u00e9es dans le patrimoine r\u00e9gional. Que l\u2019on soit enfant ou grand-parent, ces airs traditionnels se transmettent de g\u00e9n\u00e9ration en g\u00e9n\u00e9ration t\u00e9moignant ainsi d\u2019une culture o\u00f9 le partage de valeurs ancestrales reste essentiel. Dans le respect de sa d\u00e9marche visant \u00e0 perp\u00e9tuer ces h\u00e9ritages initialement consacr\u00e9s par la tradition orale, le groupe OC propose de red\u00e9couvrir un r\u00e9pertoire de 19 chansons, pioch\u00e9es en Catalogne ou en B\u00e9arn, dans les Hautes Pyr\u00e9n\u00e9es ou en Languedoc. Pour l\u2019occasion, la Cobla Tres vents a \u00e9t\u00e9 invit\u00e9e \u00e0 apporter son concours d\u00e9montrant ainsi que sur de multiples points Catalogne et Occitanie peuvent se retrouver autour d\u2019un univers sonore certes diff\u00e9rent mais tellement proche culturellement.<\/p>\n<p>Du \u00ab Se Canto \u00bb, v\u00e9ritable hymne occitan \u00e0 la \u00ab Coupo santo \u00bb, chant de paix et d\u2019unification des peuples, retrouvez en Double CD version chant\u00e9e et version Karaok\u00e9 avec livret couleur 20 pages avec tous les textes, de v\u00e9ritables p\u00e9pites musicales \u00e0 chanter en famille\u2026<\/p>\n<p><strong>Titres :<\/strong><br \/>\n1. Se Canta 3&#8217;00&#8221;<br \/>\n2. Jean Petit 2&#8217;00&#8221;<br \/>\n3. Le coucou 2&#8217;06&#8221;<br \/>\n4. Les sabots 1&#8217;30&#8221;<br \/>\n5. La laine des moutons 2&#8217;06&#8221;<br \/>\n6. Pauvre cigale 1&#8217;40&#8221;<br \/>\n7. Nadal Tindaire 2&#8217;59&#8221;<br \/>\n8. Pauvre Carnaval 3&#8217;18&#8221;<br \/>\n9. La gigue 1&#8217;12&#8221;<br \/>\n10. Lo Boi\u00e8r 1&#8217;58&#8221;<br \/>\n11. Coupo Santo 2&#8217;38&#8221;<br \/>\n12. Las Treilhas 2&#8217;10&#8221;<br \/>\n13. Joan del riu 2&#8217;13&#8221;<br \/>\n14. La Lauseta 3&#8217;44&#8221;<br \/>\n15. Rossignol 2&#8217;21&#8221;<br \/>\n16. Los esclops 1&#8217;30&#8221;<br \/>\n17. Diga Joaneta 1&#8217;45&#8221;<br \/>\n18. La giga 1&#8217;11&#8221;<br \/>\n19. Au pont de Mirabel 3&#8217;35&#8221;<\/p>\n<p>&gt; 19 titres versions chant\u00e9es CD 1 et versions Karaok\u00e9 CD 2 (43 minutes x 2)<br \/>\n&gt; Livret 20 pages avec textes, illustrations originales<br \/>\n&gt; Chansons chant\u00e9es en fran\u00e7ais, occitan et catalan<\/p>\n","protected":false},"excerpt":{"rendered":"<p>Double CD Karaok\u00e9 Qu&#8217;elles soient interpr\u00e9t\u00e9es en occitan ou en langue fran\u00e7aise, les chansons du sud de la France sont assur\u00e9ment enracin\u00e9es dans le patrimoine r\u00e9gional. Que l\u2019on soit enfant ou grand-parent, ces airs traditionnels se transmettent de g\u00e9n\u00e9ration en g\u00e9n\u00e9ration t\u00e9moignant ainsi d\u2019une culture o\u00f9 le partage de valeurs ancestrales reste essentiel. Dans le [&hellip;]<\/p>\n","protected":false},"featured_media":36338,"template":"","meta":{"_acf_changed":false,"_genesis_hide_title":false,"_genesis_hide_breadcrumbs":false,"_genesis_hide_singular_image":false,"_genesis_hide_footer_widgets":false,"_genesis_custom_body_class":"","_genesis_custom_post_class":"","_genesis_layout":""},"product_brand":[],"product_cat":[7222,7216,7192],"product_tag":[],"class_list":{"0":"post-19156","1":"product","2":"type-product","3":"status-publish","4":"has-post-thumbnail","6":"product_cat-juvenile-and-teen-en","7":"product_cat-music-en","8":"product_cat-scores-lyrics-en","9":"pa_auteur-oc-2-en","10":"pa_auteur-tres-vents-en","11":"pa_editeur-christian-sales-en","12":"pa_langue-autras-lingas-en","13":"pa_langue-francais-en","14":"pa_langue-occitan-en","15":"pa_langue-occitan-lengadocian-en","16":"entry","18":"first","19":"outofstock","20":"shipping-taxable","21":"purchasable","22":"product-type-simple"},"acf":[],"_links":{"self":[{"href":"https:\/\/www.libraria-occitana.org\/en\/wp-json\/wp\/v2\/product\/19156","targetHints":{"allow":["GET"]}}],"collection":[{"href":"https:\/\/www.libraria-occitana.org\/en\/wp-json\/wp\/v2\/product"}],"about":[{"href":"https:\/\/www.libraria-occitana.org\/en\/wp-json\/wp\/v2\/types\/product"}],"wp:featuredmedia":[{"embeddable":true,"href":"https:\/\/www.libraria-occitana.org\/en\/wp-json\/wp\/v2\/media\/36338"}],"wp:attachment":[{"href":"https:\/\/www.libraria-occitana.org\/en\/wp-json\/wp\/v2\/media?parent=19156"}],"wp:term":[{"taxonomy":"product_brand","embeddable":true,"href":"https:\/\/www.libraria-occitana.org\/en\/wp-json\/wp\/v2\/product_brand?post=19156"},{"taxonomy":"product_cat","embeddable":true,"href":"https:\/\/www.libraria-occitana.org\/en\/wp-json\/wp\/v2\/product_cat?post=19156"},{"taxonomy":"product_tag","embeddable":true,"href":"https:\/\/www.libraria-occitana.org\/en\/wp-json\/wp\/v2\/product_tag?post=19156"}],"curies":[{"name":"wp","href":"https:\/\/api.w.org\/{rel}","templated":true}]}}