{"id":22977,"date":"2012-03-01T17:43:48","date_gmt":"2012-03-01T16:43:48","guid":{"rendered":"http:\/\/www.libraria-occitana.org\/all-products\/retour-a-la-terre-patrimoine-funeraire-en-limousin?lang=en"},"modified":"2026-04-29T11:07:09","modified_gmt":"2026-04-29T09:07:09","slug":"retour-a-la-terre-patrimoine-funeraire-en-limousin","status":"publish","type":"product","link":"https:\/\/www.libraria-occitana.org\/en\/product\/retour-a-la-terre-patrimoine-funeraire-en-limousin\/","title":{"rendered":"Retour \u00e0 la terre&#8230; : Patrimoine fun\u00e9raire en Limousin"},"content":{"rendered":"<p>De tombe en tombe et de cimeti\u00e8re en monument, Maurice Robert a parcouru tout le Limousin pour \u00e9couter les tr\u00e9pass\u00e9s lui parler de la vie quotidienne, de toutes les angoisses anciennes qui, sous des formes diverses, sont toujours celles d\u2019aujourd\u2019hui ; lui parler aussi de politique, de libert\u00e9 et des combats qui ont pris la vie de tant d\u2019hommes d\u2019ici.<\/p>\n<p>C\u2019est une histoire du Limousin, avec son identit\u00e9, ses convictions et ses valeurs que nos pauvres d\u00e9funts lui ont livr\u00e9e, pour qu\u2019il la transmette aux vivants.<\/p>\n<p>240 pages en couleurs. Plus de 600 illustrations.<\/p>\n","protected":false},"excerpt":{"rendered":"<p>De tombe en tombe et de cimeti\u00e8re en monument, Maurice Robert a parcouru tout le Limousin pour \u00e9couter les tr\u00e9pass\u00e9s lui parler de la vie quotidienne, de toutes les angoisses anciennes qui, sous des formes diverses, sont toujours celles d\u2019aujourd\u2019hui ; lui parler aussi de politique, de libert\u00e9 et des combats qui ont pris la [&hellip;]<\/p>\n","protected":false},"featured_media":22978,"template":"","meta":{"_acf_changed":false,"_genesis_hide_title":false,"_genesis_hide_breadcrumbs":false,"_genesis_hide_singular_image":false,"_genesis_hide_footer_widgets":false,"_genesis_custom_body_class":"","_genesis_custom_post_class":"","_genesis_layout":""},"product_brand":[],"product_cat":[7132,7212,7206],"product_tag":[],"class_list":{"0":"post-22977","1":"product","2":"type-product","3":"status-publish","4":"has-post-thumbnail","6":"product_cat-books","7":"product_cat-traditional-skills-savoirs-faire-en","8":"product_cat-traditions-heritage-en","9":"pa_auteur-robert-maurice-en","10":"pa_editeur-maiade-en","11":"pa_langue-francais-en","12":"entry","14":"first","15":"instock","16":"shipping-taxable","17":"purchasable","18":"product-type-simple"},"acf":[],"_links":{"self":[{"href":"https:\/\/www.libraria-occitana.org\/en\/wp-json\/wp\/v2\/product\/22977","targetHints":{"allow":["GET"]}}],"collection":[{"href":"https:\/\/www.libraria-occitana.org\/en\/wp-json\/wp\/v2\/product"}],"about":[{"href":"https:\/\/www.libraria-occitana.org\/en\/wp-json\/wp\/v2\/types\/product"}],"wp:featuredmedia":[{"embeddable":true,"href":"https:\/\/www.libraria-occitana.org\/en\/wp-json\/wp\/v2\/media\/22978"}],"wp:attachment":[{"href":"https:\/\/www.libraria-occitana.org\/en\/wp-json\/wp\/v2\/media?parent=22977"}],"wp:term":[{"taxonomy":"product_brand","embeddable":true,"href":"https:\/\/www.libraria-occitana.org\/en\/wp-json\/wp\/v2\/product_brand?post=22977"},{"taxonomy":"product_cat","embeddable":true,"href":"https:\/\/www.libraria-occitana.org\/en\/wp-json\/wp\/v2\/product_cat?post=22977"},{"taxonomy":"product_tag","embeddable":true,"href":"https:\/\/www.libraria-occitana.org\/en\/wp-json\/wp\/v2\/product_tag?post=22977"}],"curies":[{"name":"wp","href":"https:\/\/api.w.org\/{rel}","templated":true}]}}