{"id":22987,"date":"2012-02-01T11:38:53","date_gmt":"2012-02-01T10:38:53","guid":{"rendered":"http:\/\/www.libraria-occitana.org\/all-products\/femnas-e-domnas-occitanes-des-xiie-et-xiiie-siecles?lang=en"},"modified":"2026-04-07T14:01:35","modified_gmt":"2026-04-07T12:01:35","slug":"femnas-e-domnas-occitanes-des-xiie-et-xiiie-siecles","status":"publish","type":"product","link":"https:\/\/www.libraria-occitana.org\/en\/product\/femnas-e-domnas-occitanes-des-xiie-et-xiiie-siecles\/","title":{"rendered":"Femnas e d\u00f2mnas occitanes des XIIe et XIIIe si\u00e8cles"},"content":{"rendered":"<p>Apr\u00e8s ce beau petit livre d\u2019introduction sur <a title=\"Les valeurs de la soci\u00e9t\u00e9 de cortesia en pays d\u2019Oc aux XIIe et XIIIe si\u00e8cles\" href=\"http:\/\/www.libraria-occitana.org\/all-products\/les-valeurs-de-la-societe-de-cortesia-en-pays-doc-aux-xiie-et-xiiie-siecles-2\"><em>Les Valeurs de la soci\u00e9t\u00e9 de Cortesia<\/em><\/a> paru \u00e0 notre enseigne, apr\u00e8s plusieurs monographies consacr\u00e9es justement aux plus essentielles de ces valeurs : <em>larguesa<\/em>, <em>paratge<\/em>, <em>merc\u00e8<\/em>&#8230;, l\u2019auteur poursuit ici sa recherche et son \u0153uvre tellement utile de vulgarisation.<\/p>\n<p><em>Femnas e d\u00f2mnas<\/em> nous dit de la femme occitane des XIIe et XIIIe si\u00e8cles ce que les textes de toute sorte nous en livrent, privil\u00e9giant bien s\u00fbr les gens d\u2019avoir et de pouvoir, de culture savante et lettr\u00e9e. Mais il arrive que le peuple force la porte de l\u2019\u00e9crit. De toute fa\u00e7on, on ne peut que prendre acte des silences de l\u2019Histoire ou des pr\u00e9jug\u00e9s des scribes et traquer le moindre signe permettant d\u2019y \u00e9chapper. Ce que fait l\u2019auteur dans un livre, en sa taille modeste aussi complet que possible et adress\u00e9 \u00e0 tous.<\/p>\n","protected":false},"excerpt":{"rendered":"<p>Apr\u00e8s ce beau petit livre d\u2019introduction sur Les Valeurs de la soci\u00e9t\u00e9 de Cortesia paru \u00e0 notre enseigne, apr\u00e8s plusieurs monographies consacr\u00e9es justement aux plus essentielles de ces valeurs : larguesa, paratge, merc\u00e8&#8230;, l\u2019auteur poursuit ici sa recherche et son \u0153uvre tellement utile de vulgarisation. Femnas e d\u00f2mnas nous dit de la femme occitane des [&hellip;]<\/p>\n","protected":false},"featured_media":22988,"template":"","meta":{"_acf_changed":false,"_genesis_hide_title":false,"_genesis_hide_breadcrumbs":false,"_genesis_hide_singular_image":false,"_genesis_hide_footer_widgets":false,"_genesis_custom_body_class":"","_genesis_custom_post_class":"","_genesis_layout":""},"product_brand":[],"product_cat":[7132,7148,7160],"product_tag":[],"class_list":{"0":"post-22987","1":"product","2":"type-product","3":"status-publish","4":"has-post-thumbnail","6":"product_cat-books","7":"product_cat-history-geography-en","8":"product_cat-medieval-history-en","9":"pa_auteur-stenta-miquela-en","10":"pa_editeur-lo-chamin-de-sent-jaume-en","11":"pa_langue-francais-en","12":"entry","14":"first","15":"outofstock","16":"shipping-taxable","17":"purchasable","18":"product-type-simple"},"acf":[],"_links":{"self":[{"href":"https:\/\/www.libraria-occitana.org\/en\/wp-json\/wp\/v2\/product\/22987","targetHints":{"allow":["GET"]}}],"collection":[{"href":"https:\/\/www.libraria-occitana.org\/en\/wp-json\/wp\/v2\/product"}],"about":[{"href":"https:\/\/www.libraria-occitana.org\/en\/wp-json\/wp\/v2\/types\/product"}],"wp:featuredmedia":[{"embeddable":true,"href":"https:\/\/www.libraria-occitana.org\/en\/wp-json\/wp\/v2\/media\/22988"}],"wp:attachment":[{"href":"https:\/\/www.libraria-occitana.org\/en\/wp-json\/wp\/v2\/media?parent=22987"}],"wp:term":[{"taxonomy":"product_brand","embeddable":true,"href":"https:\/\/www.libraria-occitana.org\/en\/wp-json\/wp\/v2\/product_brand?post=22987"},{"taxonomy":"product_cat","embeddable":true,"href":"https:\/\/www.libraria-occitana.org\/en\/wp-json\/wp\/v2\/product_cat?post=22987"},{"taxonomy":"product_tag","embeddable":true,"href":"https:\/\/www.libraria-occitana.org\/en\/wp-json\/wp\/v2\/product_tag?post=22987"}],"curies":[{"name":"wp","href":"https:\/\/api.w.org\/{rel}","templated":true}]}}