{"id":23005,"date":"2012-01-01T11:21:54","date_gmt":"2012-01-01T10:21:54","guid":{"rendered":"http:\/\/www.libraria-occitana.org\/all-products\/lu-doien-de-sent-aforian-en-lemosin-7?lang=en"},"modified":"2026-04-09T04:21:40","modified_gmt":"2026-04-09T02:21:40","slug":"lu-doien-de-sent-aforian-en-lemosin-7","status":"publish","type":"product","link":"https:\/\/www.libraria-occitana.org\/en\/product\/lu-doien-de-sent-aforian-en-lemosin-7\/","title":{"rendered":"Lu doien de Sent Aforian &#8211; Le doyen de Saint-Symphorien-sur-Couze (En Lemosin 7)"},"content":{"rendered":"<p><strong>Andr\u00e9 Mounier, nascut en 1916, nos fai partatjar belament un segle de vita e nos conta la rencontra de son ist\u00f2ria personala emb la granda ist\u00f2ria tragica dau XXe segle.<\/strong><\/p>\n<p>Fils d\u2019un agriculteur et sabotier de Saint-Symphorien sur Couze, Andr\u00e9 Mounier, \u00e0 l\u2019issue de son service militaire pensait rentrer dans son bourg natal. Mais il fut pris dans la tourmente de la deuxi\u00e8me guerre mondiale et resta cinq ans prisonnier \u00e0 la fronti\u00e8re de la Lituanie.<\/p>\n<p>Son \u00e9vocation a la force et les accents d\u2019une \u00e9pop\u00e9e priv\u00e9e. Il nous d\u00e9crit aussi la vie d\u2019un bourg limousin d\u2019avant guerre, du temps du tram, nous fait visiter son potager et nous r\u00e9cite une savoureuse niorle de Lingamiau, m\u00e9moris\u00e9e de longue date.<\/p>\n<p>Un documentaire de 20 minutes en occitan (sous-titr\u00e9 en fran\u00e7ais) r\u00e9alis\u00e9 en 2012 par Jean-Pierre Cavaill\u00e9, Jean-Paul Faure et Jean-Fran\u00e7ois Vignaud.<\/p>\n","protected":false},"excerpt":{"rendered":"<p>Andr\u00e9 Mounier, nascut en 1916, nos fai partatjar belament un segle de vita e nos conta la rencontra de son ist\u00f2ria personala emb la granda ist\u00f2ria tragica dau XXe segle. Fils d\u2019un agriculteur et sabotier de Saint-Symphorien sur Couze, Andr\u00e9 Mounier, \u00e0 l\u2019issue de son service militaire pensait rentrer dans son bourg natal. Mais il [&hellip;]<\/p>\n","protected":false},"featured_media":36326,"template":"","meta":{"_acf_changed":false,"_genesis_hide_title":false,"_genesis_hide_breadcrumbs":false,"_genesis_hide_singular_image":false,"_genesis_hide_footer_widgets":false,"_genesis_custom_body_class":"","_genesis_custom_post_class":"","_genesis_layout":""},"product_brand":[],"product_cat":[7241,7249],"product_tag":[],"class_list":{"0":"post-23005","1":"product","2":"type-product","3":"status-publish","4":"has-post-thumbnail","6":"product_cat-documentary-en","7":"product_cat-videos-3-en","8":"pa_auteur-cavaille-jean-pierre-en","9":"pa_auteur-faure-jean-paul-en","10":"pa_auteur-vignaud-j-f-en","11":"pa_editeur-ieo-lemosin-en-2","12":"pa_langue-occitan-lemosin-en","13":"pa_langue-occitan-francais-en","14":"entry","16":"first","17":"instock","18":"shipping-taxable","19":"purchasable","20":"product-type-simple"},"acf":[],"_links":{"self":[{"href":"https:\/\/www.libraria-occitana.org\/en\/wp-json\/wp\/v2\/product\/23005","targetHints":{"allow":["GET"]}}],"collection":[{"href":"https:\/\/www.libraria-occitana.org\/en\/wp-json\/wp\/v2\/product"}],"about":[{"href":"https:\/\/www.libraria-occitana.org\/en\/wp-json\/wp\/v2\/types\/product"}],"wp:featuredmedia":[{"embeddable":true,"href":"https:\/\/www.libraria-occitana.org\/en\/wp-json\/wp\/v2\/media\/36326"}],"wp:attachment":[{"href":"https:\/\/www.libraria-occitana.org\/en\/wp-json\/wp\/v2\/media?parent=23005"}],"wp:term":[{"taxonomy":"product_brand","embeddable":true,"href":"https:\/\/www.libraria-occitana.org\/en\/wp-json\/wp\/v2\/product_brand?post=23005"},{"taxonomy":"product_cat","embeddable":true,"href":"https:\/\/www.libraria-occitana.org\/en\/wp-json\/wp\/v2\/product_cat?post=23005"},{"taxonomy":"product_tag","embeddable":true,"href":"https:\/\/www.libraria-occitana.org\/en\/wp-json\/wp\/v2\/product_tag?post=23005"}],"curies":[{"name":"wp","href":"https:\/\/api.w.org\/{rel}","templated":true}]}}