{"id":23045,"date":"2012-11-01T10:23:21","date_gmt":"2012-11-01T09:23:21","guid":{"rendered":"http:\/\/www.libraria-occitana.org\/all-products\/vert-paradis-livres-i-et-ii?lang=en"},"modified":"2026-04-29T10:08:13","modified_gmt":"2026-04-29T08:08:13","slug":"vert-paradis-livres-i-et-ii","status":"publish","type":"product","link":"https:\/\/www.libraria-occitana.org\/en\/product\/vert-paradis-livres-i-et-ii\/","title":{"rendered":"Vert paradis (Livres I et II)"},"content":{"rendered":"<p><em>Vert paradis<\/em> trouve sa source dans l\u2019aust\u00e9rit\u00e9 lumineuse des arri\u00e8re-pays languedociens, ce \u201cpays au reflet de l\u00e9gende\u201d. En puisant dans les r\u00e9miniscences d\u2019une enfance profond\u00e9ment marqu\u00e9e par le contact avec la nature sauvage et en se r\u00e9appropriant le mat\u00e9riau bruissant des contes issus de la tradition orale occitane, Max Rouquette chante la beaut\u00e9 universelle et tragique du monde et \u00e9l\u00e8ve au rang du mythe les personnages les plus humbles de la vie quotidienne.<\/p>\n<p>Ainsi, sous sa plume, le chasseur bless\u00e9 qui agonise, la tr\u00e8s jeune prostitu\u00e9e d\u2019Arles qui va s\u2019offrir aux gardians dans un mas de Camargue, le musicien prodige qui fait danser le diable, le vagabond sans autre attache que \u201cla bont\u00e9 de la nuit\u201d ou encore le renard qui meurt de soif dans un bassin ass\u00e9ch\u00e9 deviennent les symboles vivants de l\u2019humaine condition.<\/p>\n<p>Port\u00e9e par une langue charnelle et \u00e9blouie, l\u2019\u0153uvre majeure de Max Rouquette s\u2019impose par son rythme et sa puissance po\u00e9tique.<\/p>\n<p><strong>En occitan :<\/strong><br \/>\n<em><a title=\"Verd parad\u00eds (I)\" href=\"http:\/\/www.libraria-occitana.org\/all-products\/verd-paradis-i\">Verd Parad\u00eds I<\/a><\/em><br \/>\n<em>Verd Parad\u00eds II<\/em> (agostat &#8211; \u00e9puis\u00e9 &#8211; out of print)<br \/>\n<em>Verd Parad\u00eds III &#8211; Lo grand teatre de Dieu <\/em>(agostat &#8211; \u00e9puis\u00e9 &#8211; out of print)<br \/>\n<em>Verd Parad\u00eds IV &#8211; L&#8217;u\u00f2lh dau cat\u00a0<\/em>(agostat &#8211; \u00e9puis\u00e9 &#8211; out of print)<br \/>\n<em><a title=\"Las Canas de Mid\u00e0s (Verd Parad\u00eds V)\" href=\"http:\/\/www.libraria-occitana.org\/all-products\/las-canas-de-midas-verd-paradis-v\">Verd Parad\u00eds V &#8211; Las Canas de Mid\u00e0s<\/a><\/em><br \/>\n<a title=\"Lo corbat\u00e0s roge (Verd Parad\u00eds VI)\" href=\"http:\/\/www.libraria-occitana.org\/all-products\/lo-corbatas-roge-verd-paradis-vi2\"><em>Verd Parad\u00eds VI &#8211; Lo corbat\u00e0s roge<\/em><\/a><\/p>\n","protected":false},"excerpt":{"rendered":"<p>Vert paradis trouve sa source dans l\u2019aust\u00e9rit\u00e9 lumineuse des arri\u00e8re-pays languedociens, ce \u201cpays au reflet de l\u00e9gende\u201d. En puisant dans les r\u00e9miniscences d\u2019une enfance profond\u00e9ment marqu\u00e9e par le contact avec la nature sauvage et en se r\u00e9appropriant le mat\u00e9riau bruissant des contes issus de la tradition orale occitane, Max Rouquette chante la beaut\u00e9 universelle et [&hellip;]<\/p>\n","protected":false},"featured_media":23046,"template":"","meta":{"_acf_changed":false,"_genesis_hide_title":false,"_genesis_hide_breadcrumbs":false,"_genesis_hide_singular_image":false,"_genesis_hide_footer_widgets":false,"_genesis_custom_body_class":"","_genesis_custom_post_class":"","_genesis_layout":""},"product_brand":[],"product_cat":[7132,7174,7182,7178],"product_tag":[],"class_list":{"0":"post-23045","1":"product","2":"type-product","3":"status-publish","4":"has-post-thumbnail","6":"product_cat-books","7":"product_cat-literature-en","8":"product_cat-novels-short-stories-en","9":"product_cat-occitan-literature-in-french-en","10":"pa_auteur-roqueta-max-en","11":"pa_editeur-actes-sud-en","12":"pa_langue-francais-en","13":"entry","15":"first","16":"instock","17":"shipping-taxable","18":"purchasable","19":"product-type-simple"},"acf":[],"_links":{"self":[{"href":"https:\/\/www.libraria-occitana.org\/en\/wp-json\/wp\/v2\/product\/23045","targetHints":{"allow":["GET"]}}],"collection":[{"href":"https:\/\/www.libraria-occitana.org\/en\/wp-json\/wp\/v2\/product"}],"about":[{"href":"https:\/\/www.libraria-occitana.org\/en\/wp-json\/wp\/v2\/types\/product"}],"wp:featuredmedia":[{"embeddable":true,"href":"https:\/\/www.libraria-occitana.org\/en\/wp-json\/wp\/v2\/media\/23046"}],"wp:attachment":[{"href":"https:\/\/www.libraria-occitana.org\/en\/wp-json\/wp\/v2\/media?parent=23045"}],"wp:term":[{"taxonomy":"product_brand","embeddable":true,"href":"https:\/\/www.libraria-occitana.org\/en\/wp-json\/wp\/v2\/product_brand?post=23045"},{"taxonomy":"product_cat","embeddable":true,"href":"https:\/\/www.libraria-occitana.org\/en\/wp-json\/wp\/v2\/product_cat?post=23045"},{"taxonomy":"product_tag","embeddable":true,"href":"https:\/\/www.libraria-occitana.org\/en\/wp-json\/wp\/v2\/product_tag?post=23045"}],"curies":[{"name":"wp","href":"https:\/\/api.w.org\/{rel}","templated":true}]}}