{"id":23049,"date":"2012-11-01T09:03:07","date_gmt":"2012-11-01T08:03:07","guid":{"rendered":"http:\/\/www.libraria-occitana.org\/all-products\/voyages-en-millevaches-sites-et-sentiers-de-decouverte-et-dinterpretation?lang=en"},"modified":"2026-04-27T06:57:03","modified_gmt":"2026-04-27T04:57:03","slug":"voyages-en-millevaches-sites-et-sentiers-de-decouverte-et-dinterpretation","status":"publish","type":"product","link":"https:\/\/www.libraria-occitana.org\/en\/product\/voyages-en-millevaches-sites-et-sentiers-de-decouverte-et-dinterpretation\/","title":{"rendered":"Voyage(s) en Millevaches&#8230; Sites et sentiers de d\u00e9couverte et d&#8217;interpr\u00e9tation"},"content":{"rendered":"<p>\u00c0 la d\u00e9couverte du r\u00e9seau de sites et sentiers du territoire du Parc.<\/p>\n<p>Un territoire de plus de 3000 km\u00b2 pour 113 communes, au patrimoine naturel et culturel riche et vari\u00e9 : de quelle mani\u00e8re l&#8217;approcher et dans quel sens commencer sa d\u00e9couverte ? Un nouvel outil, initi\u00e9 par le PNR, est l\u00e0 pour guider le visiteur. Le PNR de Millevaches est pr\u00e9sent\u00e9 \u00ab au fil de l&#8217;eau et du temps \u00bb, \u00e0 partir de 34 sites et sentiers, qui ouvrent un \u00e0 un leur porte, pour proposer chacun une cl\u00e9 de lecture du territoire. L&#8217;objectif est d&#8217;inviter \u00e0 la d\u00e9couverte ou re-d\u00e9couverte, aussi bien les visiteurs de passage que les habitants, tout en racontant le territoire. <em>Voyage(s) en Millevaches<\/em> est un outil pratique, mais aussi un document illustr\u00e9, riche en photographies et croquis, dans une forme proche de celle d&#8217;un carnet de voyage.<\/p>\n","protected":false},"excerpt":{"rendered":"<p>\u00c0 la d\u00e9couverte du r\u00e9seau de sites et sentiers du territoire du Parc. Un territoire de plus de 3000 km\u00b2 pour 113 communes, au patrimoine naturel et culturel riche et vari\u00e9 : de quelle mani\u00e8re l&#8217;approcher et dans quel sens commencer sa d\u00e9couverte ? Un nouvel outil, initi\u00e9 par le PNR, est l\u00e0 pour guider [&hellip;]<\/p>\n","protected":false},"featured_media":23050,"template":"","meta":{"_acf_changed":false,"_genesis_hide_title":false,"_genesis_hide_breadcrumbs":false,"_genesis_hide_singular_image":false,"_genesis_hide_footer_widgets":false,"_genesis_custom_body_class":"","_genesis_custom_post_class":"","_genesis_layout":""},"product_brand":[],"product_cat":[7132,7198,7196],"product_tag":[],"class_list":{"0":"post-23049","1":"product","2":"type-product","3":"status-publish","4":"has-post-thumbnail","6":"product_cat-books","7":"product_cat-guides-tourism-en","8":"product_cat-nature-tourism-en","9":"pa_auteur-joly-helene-en","10":"pa_auteur-kohut-cecile-en","11":"pa_auteur-moreau-delphine-en","12":"pa_editeur-pnr-de-millevaches-en-limousin-en","13":"pa_illustrateur-gady-philippe-en","14":"pa_langue-francais-en","15":"entry","17":"first","18":"outofstock","19":"shipping-taxable","20":"purchasable","21":"product-type-simple"},"acf":[],"_links":{"self":[{"href":"https:\/\/www.libraria-occitana.org\/en\/wp-json\/wp\/v2\/product\/23049","targetHints":{"allow":["GET"]}}],"collection":[{"href":"https:\/\/www.libraria-occitana.org\/en\/wp-json\/wp\/v2\/product"}],"about":[{"href":"https:\/\/www.libraria-occitana.org\/en\/wp-json\/wp\/v2\/types\/product"}],"wp:featuredmedia":[{"embeddable":true,"href":"https:\/\/www.libraria-occitana.org\/en\/wp-json\/wp\/v2\/media\/23050"}],"wp:attachment":[{"href":"https:\/\/www.libraria-occitana.org\/en\/wp-json\/wp\/v2\/media?parent=23049"}],"wp:term":[{"taxonomy":"product_brand","embeddable":true,"href":"https:\/\/www.libraria-occitana.org\/en\/wp-json\/wp\/v2\/product_brand?post=23049"},{"taxonomy":"product_cat","embeddable":true,"href":"https:\/\/www.libraria-occitana.org\/en\/wp-json\/wp\/v2\/product_cat?post=23049"},{"taxonomy":"product_tag","embeddable":true,"href":"https:\/\/www.libraria-occitana.org\/en\/wp-json\/wp\/v2\/product_tag?post=23049"}],"curies":[{"name":"wp","href":"https:\/\/api.w.org\/{rel}","templated":true}]}}