{"id":23061,"date":"2012-10-01T14:40:58","date_gmt":"2012-10-01T13:40:58","guid":{"rendered":"http:\/\/www.libraria-occitana.org\/all-products\/los-contes-dau-papagai-les-contes-du-perroquet?lang=en"},"modified":"2026-04-29T03:31:55","modified_gmt":"2026-04-29T01:31:55","slug":"los-contes-dau-papagai-les-contes-du-perroquet","status":"publish","type":"product","link":"https:\/\/www.libraria-occitana.org\/en\/product\/los-contes-dau-papagai-les-contes-du-perroquet\/","title":{"rendered":"Los contes dau papagai &#8211; Les contes du perroquet"},"content":{"rendered":"<p>D\u2019un r\u00e9cit m\u00e9di\u00e9val plein de modernit\u00e9 et de th\u00e9\u00e2tralit\u00e9 adapt\u00e9 dans un occitan limousin d\u00e9bordant de vitalit\u00e9 et d\u2019\u00e0 propos \u00e0 un conte sud-am\u00e9ricain contemporain, voil\u00e0 un cheminement o\u00f9 merveilleux et r\u00e9alisme s\u2019entrelacent dans la joie et le frisson. Un compagnonnage animal et humain que seuls la parole et le c\u0153ur peuvent faciliter.<\/p>\n<p>Adaptation en occitan limousin du texte m\u00e9di\u00e9val d&#8217;Arnaud de Carcass\u00e8s, <em>Las N\u00f2vas del Papagay<\/em>, suivie d&#8217;une traduction en occitan limousin de Horacio Quiroga, <em>El loro pelado ; Cuentos de la Selva<\/em>.<\/p>\n","protected":false},"excerpt":{"rendered":"<p>D\u2019un r\u00e9cit m\u00e9di\u00e9val plein de modernit\u00e9 et de th\u00e9\u00e2tralit\u00e9 adapt\u00e9 dans un occitan limousin d\u00e9bordant de vitalit\u00e9 et d\u2019\u00e0 propos \u00e0 un conte sud-am\u00e9ricain contemporain, voil\u00e0 un cheminement o\u00f9 merveilleux et r\u00e9alisme s\u2019entrelacent dans la joie et le frisson. Un compagnonnage animal et humain que seuls la parole et le c\u0153ur peuvent faciliter. Adaptation en [&hellip;]<\/p>\n","protected":false},"featured_media":23062,"template":"","meta":{"_acf_changed":false,"_genesis_hide_title":false,"_genesis_hide_breadcrumbs":false,"_genesis_hide_singular_image":false,"_genesis_hide_footer_widgets":false,"_genesis_custom_body_class":"","_genesis_custom_post_class":"","_genesis_layout":""},"product_brand":[],"product_cat":[7132,7174,7176],"product_tag":[],"class_list":{"0":"post-23061","1":"product","2":"type-product","3":"status-publish","4":"has-post-thumbnail","6":"product_cat-books","7":"product_cat-literature-en","8":"product_cat-tales-fables-en","9":"pa_auteur-lavalada-ives-en","10":"pa_editeur-yves-lavalade-en","11":"pa_langue-occitan-lemosin-en","12":"pa_langue-occitan-francais-en","13":"entry","15":"first","16":"outofstock","17":"shipping-taxable","18":"purchasable","19":"product-type-simple"},"acf":[],"_links":{"self":[{"href":"https:\/\/www.libraria-occitana.org\/en\/wp-json\/wp\/v2\/product\/23061","targetHints":{"allow":["GET"]}}],"collection":[{"href":"https:\/\/www.libraria-occitana.org\/en\/wp-json\/wp\/v2\/product"}],"about":[{"href":"https:\/\/www.libraria-occitana.org\/en\/wp-json\/wp\/v2\/types\/product"}],"wp:featuredmedia":[{"embeddable":true,"href":"https:\/\/www.libraria-occitana.org\/en\/wp-json\/wp\/v2\/media\/23062"}],"wp:attachment":[{"href":"https:\/\/www.libraria-occitana.org\/en\/wp-json\/wp\/v2\/media?parent=23061"}],"wp:term":[{"taxonomy":"product_brand","embeddable":true,"href":"https:\/\/www.libraria-occitana.org\/en\/wp-json\/wp\/v2\/product_brand?post=23061"},{"taxonomy":"product_cat","embeddable":true,"href":"https:\/\/www.libraria-occitana.org\/en\/wp-json\/wp\/v2\/product_cat?post=23061"},{"taxonomy":"product_tag","embeddable":true,"href":"https:\/\/www.libraria-occitana.org\/en\/wp-json\/wp\/v2\/product_tag?post=23061"}],"curies":[{"name":"wp","href":"https:\/\/api.w.org\/{rel}","templated":true}]}}