{"id":23065,"date":"2012-10-01T13:24:04","date_gmt":"2012-10-01T12:24:04","guid":{"rendered":"http:\/\/www.libraria-occitana.org\/all-products\/au-virar-de-laura-au-tournant-du-vent?lang=en"},"modified":"2026-04-29T11:13:53","modified_gmt":"2026-04-29T09:13:53","slug":"au-virar-de-laura-au-tournant-du-vent","status":"publish","type":"product","link":"https:\/\/www.libraria-occitana.org\/en\/product\/au-virar-de-laura-au-tournant-du-vent\/","title":{"rendered":"Au virar de l&#8217;aura &#8211; Au tournant du vent"},"content":{"rendered":"<p>Douze sextines, forme po\u00e9tique invent\u00e9e au Moyen-\u00c2ge par le troubadour Arnaut Daniel, forg\u00e9es par Pierre Bec dans l&#8217;occitan gascon d&#8217;aujourd&#8217;hui.<\/p>\n<p>Quand la contrainte de la forme, loin d&#8217;\u00eatre un carcan r\u00e9ducteur, permet de lib\u00e9rer l&#8217;inspiration.<\/p>\n","protected":false},"excerpt":{"rendered":"<p>Douze sextines, forme po\u00e9tique invent\u00e9e au Moyen-\u00c2ge par le troubadour Arnaut Daniel, forg\u00e9es par Pierre Bec dans l&#8217;occitan gascon d&#8217;aujourd&#8217;hui. Quand la contrainte de la forme, loin d&#8217;\u00eatre un carcan r\u00e9ducteur, permet de lib\u00e9rer l&#8217;inspiration.<\/p>\n","protected":false},"featured_media":23066,"template":"","meta":{"_acf_changed":false,"_genesis_hide_title":false,"_genesis_hide_breadcrumbs":false,"_genesis_hide_singular_image":false,"_genesis_hide_footer_widgets":false,"_genesis_custom_body_class":"","_genesis_custom_post_class":"","_genesis_layout":""},"product_brand":[],"product_cat":[7132,7174,7180],"product_tag":[],"class_list":{"0":"post-23065","1":"product","2":"type-product","3":"status-publish","4":"has-post-thumbnail","6":"product_cat-books","7":"product_cat-literature-en","8":"product_cat-poetry-en","9":"pa_auteur-bec-peire-en","10":"pa_editeur-letras-doc-en","11":"pa_langue-occitan-gascon-en","12":"pa_langue-occitan-francais-en","13":"entry","15":"first","16":"instock","17":"shipping-taxable","18":"purchasable","19":"product-type-simple"},"acf":[],"_links":{"self":[{"href":"https:\/\/www.libraria-occitana.org\/en\/wp-json\/wp\/v2\/product\/23065","targetHints":{"allow":["GET"]}}],"collection":[{"href":"https:\/\/www.libraria-occitana.org\/en\/wp-json\/wp\/v2\/product"}],"about":[{"href":"https:\/\/www.libraria-occitana.org\/en\/wp-json\/wp\/v2\/types\/product"}],"wp:featuredmedia":[{"embeddable":true,"href":"https:\/\/www.libraria-occitana.org\/en\/wp-json\/wp\/v2\/media\/23066"}],"wp:attachment":[{"href":"https:\/\/www.libraria-occitana.org\/en\/wp-json\/wp\/v2\/media?parent=23065"}],"wp:term":[{"taxonomy":"product_brand","embeddable":true,"href":"https:\/\/www.libraria-occitana.org\/en\/wp-json\/wp\/v2\/product_brand?post=23065"},{"taxonomy":"product_cat","embeddable":true,"href":"https:\/\/www.libraria-occitana.org\/en\/wp-json\/wp\/v2\/product_cat?post=23065"},{"taxonomy":"product_tag","embeddable":true,"href":"https:\/\/www.libraria-occitana.org\/en\/wp-json\/wp\/v2\/product_tag?post=23065"}],"curies":[{"name":"wp","href":"https:\/\/api.w.org\/{rel}","templated":true}]}}