{"id":23069,"date":"2012-10-01T13:14:40","date_gmt":"2012-10-01T11:14:40","guid":{"rendered":"http:\/\/www.libraria-occitana.org\/all-products\/la-religion-carnavalesque?lang=en"},"modified":"2026-04-20T00:06:07","modified_gmt":"2026-04-19T22:06:07","slug":"la-religion-carnavalesque","status":"publish","type":"product","link":"https:\/\/www.libraria-occitana.org\/en\/product\/la-religion-carnavalesque\/","title":{"rendered":"La religion carnavalesque"},"content":{"rendered":"<p>\u00c0 vous qui ne voyiez sa majest\u00e9 Carnaval que comme un aimable roi du divertissement d&#8217;un jour &#8211; un certain mardi gras -, au mieux, en une vision sociologique singuli\u00e8rement r\u00e9ductrice et finalement rassurante, comme ma\u00eetre du grand d\u00e9fouloir et de l&#8217;inversion aidant \u00e0 la digestion de toutes les couleuvres aval\u00e9es au long de l&#8217;an, ce livre n&#8217;a pas fini d&#8217;ouvrir de grandes et belles perspectives, tant il en envahit le calendrier, d\u00e9bordant bien m\u00eame des jours sombres et froids.<\/p>\n<p>Et si l&#8217;auteur parle de religion carnavalesque, ce n&#8217;est pas pure provocation, c&#8217;est \u00e0 bon droit, ces pratiques pagano-chamaniques se passassent-elles de livre sacr\u00e9, de dogme, de clerg\u00e9 institu\u00e9 en \u00c9glise&#8230; et d&#8217;Inquisition, n&#8217;en ayant pas moins une parole, plus ancienne que l&#8217;\u00e9criture, une vision du monde voire de l&#8217;Autre Monde, une spiritualit\u00e9, une symbolique, des rituels, de curieux pr\u00eatres \u00e0 l&#8217;autorit\u00e9 \u00e9ph\u00e9m\u00e8re, des dieux, fussent-ils oubli\u00e9s.<\/p>\n<p><em>\u00d2m l-i p\u00f2rta las banas sens vergonha, \u00f2m l-i renega pas son cu\u00f2l per &#8216;na petada, \u00f2m sap que tota bufada p\u00f2rta sa part d&#8217;esperit.<\/em> &#8211; On y porte les cornes sans honte, on n&#8217;y remie pas son cul pour un pet, on sait que tout souffle porte sa part d&#8217;esprit.<\/p>\n<p>N&#8217;en disons pas plus&#8230;<\/p>\n<p>\u00c0 Dominique Pauvert, mythologue \u00e9minent, l&#8217;\u00e9diteur, apr\u00e8s avoir lu sa magistrale th\u00e8se &#8220;J\u00e9r\u00f4me Bosch et Peter Bruegel l&#8217;Ancien, peintres de la religion carnavalesque&#8221; et y avoir d\u00e9couvert avec \u00e9merveillement ce qu&#8217;il soup\u00e7onnait depuis longtemps, a demand\u00e9 d&#8217;\u00e9crire un ouvrage plus g\u00e9n\u00e9ral sur la question.<\/p>\n<p>Il prolonge et enrichit les travaux pionniers du grand Claude Gaignebet et remet \u00e0 jour de fortes racines de la culture populaire, racines nourries d&#8217;humus mais aussi de vent.<\/p>\n<p><strong>Colleccion \u00ab De temps pacan \u00bb :<\/strong><br \/>\nLe sous-titre de la collection dit : \u00ab ethno-mythologie populaire \u00bb ce qui en fixe les limites dans un grand angle de vue, toute la culture traditionnelle \u00e9tant finalement concern\u00e9e.<\/p>\n","protected":false},"excerpt":{"rendered":"<p>\u00c0 vous qui ne voyiez sa majest\u00e9 Carnaval que comme un aimable roi du divertissement d&#8217;un jour &#8211; un certain mardi gras -, au mieux, en une vision sociologique singuli\u00e8rement r\u00e9ductrice et finalement rassurante, comme ma\u00eetre du grand d\u00e9fouloir et de l&#8217;inversion aidant \u00e0 la digestion de toutes les couleuvres aval\u00e9es au long de l&#8217;an, [&hellip;]<\/p>\n","protected":false},"featured_media":23070,"template":"","meta":{"_acf_changed":false,"_genesis_hide_title":false,"_genesis_hide_breadcrumbs":false,"_genesis_hide_singular_image":false,"_genesis_hide_footer_widgets":false,"_genesis_custom_body_class":"","_genesis_custom_post_class":"","_genesis_layout":""},"product_brand":[],"product_cat":[7132,7208,7206],"product_tag":[],"class_list":{"0":"post-23069","1":"product","2":"type-product","3":"status-publish","4":"has-post-thumbnail","6":"product_cat-books","7":"product_cat-customs-rites-and-beliefs-en","8":"product_cat-traditions-heritage-en","9":"pa_auteur-pauvert-dominique-en","10":"pa_editeur-lo-chamin-de-sent-jaume-en","11":"pa_langue-francais-en","12":"entry","14":"first","15":"outofstock","16":"shipping-taxable","17":"purchasable","18":"product-type-simple"},"acf":[],"_links":{"self":[{"href":"https:\/\/www.libraria-occitana.org\/en\/wp-json\/wp\/v2\/product\/23069","targetHints":{"allow":["GET"]}}],"collection":[{"href":"https:\/\/www.libraria-occitana.org\/en\/wp-json\/wp\/v2\/product"}],"about":[{"href":"https:\/\/www.libraria-occitana.org\/en\/wp-json\/wp\/v2\/types\/product"}],"wp:featuredmedia":[{"embeddable":true,"href":"https:\/\/www.libraria-occitana.org\/en\/wp-json\/wp\/v2\/media\/23070"}],"wp:attachment":[{"href":"https:\/\/www.libraria-occitana.org\/en\/wp-json\/wp\/v2\/media?parent=23069"}],"wp:term":[{"taxonomy":"product_brand","embeddable":true,"href":"https:\/\/www.libraria-occitana.org\/en\/wp-json\/wp\/v2\/product_brand?post=23069"},{"taxonomy":"product_cat","embeddable":true,"href":"https:\/\/www.libraria-occitana.org\/en\/wp-json\/wp\/v2\/product_cat?post=23069"},{"taxonomy":"product_tag","embeddable":true,"href":"https:\/\/www.libraria-occitana.org\/en\/wp-json\/wp\/v2\/product_tag?post=23069"}],"curies":[{"name":"wp","href":"https:\/\/api.w.org\/{rel}","templated":true}]}}