{"id":23074,"date":"2012-10-01T11:12:00","date_gmt":"2012-10-01T09:12:00","guid":{"rendered":"http:\/\/www.libraria-occitana.org\/all-products\/donte-ses-dou-es-tu-histoire-et-genealogie-des-limousins-n6?lang=en"},"modified":"2026-04-22T03:41:14","modified_gmt":"2026-04-22T01:41:14","slug":"donte-ses-dou-es-tu-histoire-et-genealogie-des-limousins-n6","status":"publish","type":"product","link":"https:\/\/www.libraria-occitana.org\/en\/product\/donte-ses-dou-es-tu-histoire-et-genealogie-des-limousins-n6\/","title":{"rendered":"D&#8217;onte ses ? &#8211; D&#8217;o\u00f9 es-tu ? N\u00b06 : Histoire et g\u00e9n\u00e9alogie des Limousins"},"content":{"rendered":"<p>D&#8217;onte ses ? &#8211; D&#8217;o\u00f9 es-tu ?\u00a0N\u00b06 : Histoire et g\u00e9n\u00e9alogie des Limousins<\/p>\n","protected":false},"excerpt":{"rendered":"<p>D&#8217;onte ses ? &#8211; D&#8217;o\u00f9 es-tu ?\u00a0N\u00b06 : Histoire et g\u00e9n\u00e9alogie des Limousins<\/p>\n","protected":false},"featured_media":36305,"template":"","meta":{"_acf_changed":false,"_genesis_hide_title":false,"_genesis_hide_breadcrumbs":false,"_genesis_hide_singular_image":false,"_genesis_hide_footer_widgets":false,"_genesis_custom_body_class":"","_genesis_custom_post_class":"","_genesis_layout":""},"product_brand":[],"product_cat":[7132,7150,7148,7238],"product_tag":[],"class_list":{"0":"post-23074","1":"product","2":"type-product","3":"status-publish","4":"has-post-thumbnail","6":"product_cat-books","7":"product_cat-genealogy-heraldry-en","8":"product_cat-history-geography-en","9":"product_cat-promotions-en","10":"pa_auteur-collectiu-en-2","11":"pa_editeur-cghhml-en","12":"pa_langue-francais-en","13":"entry","15":"first","16":"instock","17":"shipping-taxable","18":"purchasable","19":"product-type-simple"},"acf":[],"_links":{"self":[{"href":"https:\/\/www.libraria-occitana.org\/en\/wp-json\/wp\/v2\/product\/23074","targetHints":{"allow":["GET"]}}],"collection":[{"href":"https:\/\/www.libraria-occitana.org\/en\/wp-json\/wp\/v2\/product"}],"about":[{"href":"https:\/\/www.libraria-occitana.org\/en\/wp-json\/wp\/v2\/types\/product"}],"wp:featuredmedia":[{"embeddable":true,"href":"https:\/\/www.libraria-occitana.org\/en\/wp-json\/wp\/v2\/media\/36305"}],"wp:attachment":[{"href":"https:\/\/www.libraria-occitana.org\/en\/wp-json\/wp\/v2\/media?parent=23074"}],"wp:term":[{"taxonomy":"product_brand","embeddable":true,"href":"https:\/\/www.libraria-occitana.org\/en\/wp-json\/wp\/v2\/product_brand?post=23074"},{"taxonomy":"product_cat","embeddable":true,"href":"https:\/\/www.libraria-occitana.org\/en\/wp-json\/wp\/v2\/product_cat?post=23074"},{"taxonomy":"product_tag","embeddable":true,"href":"https:\/\/www.libraria-occitana.org\/en\/wp-json\/wp\/v2\/product_tag?post=23074"}],"curies":[{"name":"wp","href":"https:\/\/api.w.org\/{rel}","templated":true}]}}