{"id":23077,"date":"2012-10-01T10:28:21","date_gmt":"2012-10-01T09:28:21","guid":{"rendered":"http:\/\/www.libraria-occitana.org\/all-products\/lor-sous-la-cendre?lang=en"},"modified":"2026-04-08T20:41:48","modified_gmt":"2026-04-08T18:41:48","slug":"lor-sous-la-cendre","status":"publish","type":"product","link":"https:\/\/www.libraria-occitana.org\/en\/product\/lor-sous-la-cendre\/","title":{"rendered":"L&#8217;or sous la cendre"},"content":{"rendered":"<p>Jacques Cluzanges est un original, une force de la nature, un de ceux qui laissent \u00e0 jamais une trace dans les m\u00e9moires.<br \/>\nDe retour au pays apr\u00e8s vingt ans de labeur, il devient, \u00e0 la surprise g\u00e9n\u00e9rale, le propri\u00e9taire du domaine de Vervialle.<\/p>\n<p>Celui que l&#8217;on surnomme \u00e0 pr\u00e9sent \u00ab Le Taill\u00e9rou \u00bb est une \u00e9nigme. Il \u00e9tonne, il intrigue, tout autant qu&#8217;il fascine.<br \/>\nEt chacun s&#8217;interroge. Est-il vrai qu&#8217;il d\u00e9tient une \u00ab montagne \u00bb d&#8217;or ? Que ce tr\u00e9sor est frapp\u00e9 de mal\u00e9diction ? Et son obsession du feu, s&#8217;en lib\u00e9rera-t-il jamais ? Enfin, comment expliquer que parvenu \u00e0 la cinquantaine, le ma\u00eetre de Vervialle se soit soudain montr\u00e9 d\u00e9sireux d&#8217;en finir avec le c\u00e9libat ?<\/p>\n<p>\u00ab Sous les regards \u00e9bahis, Le Taill\u00e9rou commen\u00e7a de d\u00e9lier le b\u0153uf qu&#8217;il venait de vendre. Prenant la place de l&#8217;animal lib\u00e9r\u00e9, il posa l&#8217;extr\u00e9mit\u00e9 du joug sur son \u00e9paule. Et de confirmer :<br \/>\n&#8211; Vous voyez ! Rien de plus simple ! Dame ! Je vais ramener la charrette avec mon vieux compagnon.<br \/>\nLa petite assembl\u00e9e dut bien vite se rendre \u00e0 l&#8217;\u00e9vidence : apr\u00e8s avoir cal\u00e9 la pi\u00e8ce de bois sur sa nuque, Le Taill\u00e9rou entreprit de remonter \u00e0 Vervialle ! \u00bb<\/p>\n<p>Naviguant entre t\u00e9moignages et fiction, au plus pr\u00e8s de cet \u00eatre aussi \u00e2pre que tendre, Jean-Pierre Lacombe nous offre ici mieux qu&#8217;un personnage de roman. Il dresse le portrait, tout en singularit\u00e9 et en myst\u00e8re, de l&#8217;une de ces l\u00e9gendes vivantes dont la r\u00e9ussite alimentait force rumeurs dans les campagnes, au c\u0153ur de la Belle \u00c9poque.<\/p>\n","protected":false},"excerpt":{"rendered":"<p>Jacques Cluzanges est un original, une force de la nature, un de ceux qui laissent \u00e0 jamais une trace dans les m\u00e9moires. De retour au pays apr\u00e8s vingt ans de labeur, il devient, \u00e0 la surprise g\u00e9n\u00e9rale, le propri\u00e9taire du domaine de Vervialle. Celui que l&#8217;on surnomme \u00e0 pr\u00e9sent \u00ab Le Taill\u00e9rou \u00bb est une [&hellip;]<\/p>\n","protected":false},"featured_media":23078,"template":"","meta":{"_acf_changed":false,"_genesis_hide_title":false,"_genesis_hide_breadcrumbs":false,"_genesis_hide_singular_image":false,"_genesis_hide_footer_widgets":false,"_genesis_custom_body_class":"","_genesis_custom_post_class":"","_genesis_layout":""},"product_brand":[],"product_cat":[7132,7174,7182],"product_tag":[],"class_list":{"0":"post-23077","1":"product","2":"type-product","3":"status-publish","4":"has-post-thumbnail","6":"product_cat-books","7":"product_cat-literature-en","8":"product_cat-novels-short-stories-en","9":"pa_auteur-lacombe-jean-pierre-fr-en","10":"pa_editeur-editions-des-monts-dauvergne-en","11":"pa_langue-francais-en","12":"entry","14":"first","15":"instock","16":"shipping-taxable","17":"purchasable","18":"product-type-simple"},"acf":[],"_links":{"self":[{"href":"https:\/\/www.libraria-occitana.org\/en\/wp-json\/wp\/v2\/product\/23077","targetHints":{"allow":["GET"]}}],"collection":[{"href":"https:\/\/www.libraria-occitana.org\/en\/wp-json\/wp\/v2\/product"}],"about":[{"href":"https:\/\/www.libraria-occitana.org\/en\/wp-json\/wp\/v2\/types\/product"}],"wp:featuredmedia":[{"embeddable":true,"href":"https:\/\/www.libraria-occitana.org\/en\/wp-json\/wp\/v2\/media\/23078"}],"wp:attachment":[{"href":"https:\/\/www.libraria-occitana.org\/en\/wp-json\/wp\/v2\/media?parent=23077"}],"wp:term":[{"taxonomy":"product_brand","embeddable":true,"href":"https:\/\/www.libraria-occitana.org\/en\/wp-json\/wp\/v2\/product_brand?post=23077"},{"taxonomy":"product_cat","embeddable":true,"href":"https:\/\/www.libraria-occitana.org\/en\/wp-json\/wp\/v2\/product_cat?post=23077"},{"taxonomy":"product_tag","embeddable":true,"href":"https:\/\/www.libraria-occitana.org\/en\/wp-json\/wp\/v2\/product_tag?post=23077"}],"curies":[{"name":"wp","href":"https:\/\/api.w.org\/{rel}","templated":true}]}}