{"id":23079,"date":"2012-09-01T17:24:02","date_gmt":"2012-09-01T15:24:02","guid":{"rendered":"http:\/\/www.libraria-occitana.org\/all-products\/marcela-delpastre-una-cosmogonia-del-vivent?lang=en"},"modified":"2026-04-09T05:36:49","modified_gmt":"2026-04-09T03:36:49","slug":"marcela-delpastre-una-cosmogonia-del-vivent","status":"publish","type":"product","link":"https:\/\/www.libraria-occitana.org\/en\/product\/marcela-delpastre-una-cosmogonia-del-vivent\/","title":{"rendered":"Marcela Delpastre, una cosmogonia del vivent"},"content":{"rendered":"<p>Parmi les grandes voix occitanes disparues du XXe si\u00e8cle, Marcelle Delpastre (1925-1998) occupe une place essentielle. Paysanne et po\u00e8te, ethnologue et conteuse, en occitan et en fran\u00e7ais, elle porte sur le monde et sur la vie une interrogation puissante nourrie des mythes de la culture limousine qui fait de son \u0153uvre une immense \u00ab cosmogonie du vivant \u00bb. Les contributions qui forment ce num\u00e9ro sp\u00e9cial 52-53 de <em>Lenga e pa\u00eds d\u2019\u00f2c<\/em> consacr\u00e9 \u00e0 l\u2019oeuvre de Marcelle Delpastre ont \u00e9t\u00e9 r\u00e9unies par Miqu\u00e8la Stenta.<\/p>\n<p><strong>Somari :<\/strong><br \/>\n<span style=\"text-decoration: underline;\">Prefaci<\/span> (Miqu\u00e8la Stenta)<\/p>\n<p><span style=\"text-decoration: underline;\">Estudis<\/span> :<br \/>\n&#8211; Marcela Delpastre dins la poesia occitana de son temps (Felip Gardy)<br \/>\n&#8211; Una cosmogonia del vivent (Miqu\u00e8la Stenta)<br \/>\n&#8211; Daus saumes a la poesia modala (Jan dau Melhau)<br \/>\n&#8211; Marcela Delpastre, etnografa e etnol\u00f2ga (Micheu Chapduelh)<br \/>\n&#8211; La paraula de la p\u00e8ira (Nad\u00e8ge Saint-Martin)<\/p>\n<p><span style=\"text-decoration: underline;\">Lecturas<\/span> :<br \/>\n&#8211; Naissen\u00e7a e movement dau po\u00e8ma (Felip Gardy)<\/p>\n<p><span style=\"text-decoration: underline;\">Editar, traduire, ensenhar<\/span> :<br \/>\n&#8211; Editar Marcela Delpastre (Jan dau Melhau)<br \/>\n&#8211; War ribl ar pu\u00f1s (Anna\u00efg Le Naou)<br \/>\n&#8211; La p\u00f2rta (Martin Hybler)<br \/>\n&#8211; Ensenhar Marcela Delpastre (Martial Peyrouny)<br \/>\n&#8211; \u00ab Marcela resson\u00e9 dinc&#8217; au medolh de cadun \u00bb (Marie-anne Chateaureynaud)<\/p>\n<p><span style=\"text-decoration: underline;\">Lo monde de Marcela<\/span> :<br \/>\n&#8211; Un monde en se (Gilles Dasas)<br \/>\n&#8211; \u00ab E Dieu, Marcela ? \u00bb (Yves Rouquette)<br \/>\n&#8211; Marcelle Delpastre, le Limousin et la revue <em>Lemouzi<\/em> (Robert Joudoux)<br \/>\n&#8211; Lo prumi\u00e8r c\u00f2p (Ter\u00e8sa Canet)<br \/>\n&#8211; Pregaira a MD (Ter\u00e8sa Canet)<br \/>\n&#8211; L&#8217;enigma del ieu (Miqu\u00e8la Stenta)<br \/>\n&#8211; Letra a la Marcela Delpastre (Jan dau Melhau)<br \/>\n&#8211; Entrensenhas bibliograficas<\/p>\n<p><span style=\"text-decoration: underline;\">Documents iconografics<\/span> :<br \/>\n&#8211; Marcela Delpastre : documents iconografics<\/p>\n","protected":false},"excerpt":{"rendered":"<p>Parmi les grandes voix occitanes disparues du XXe si\u00e8cle, Marcelle Delpastre (1925-1998) occupe une place essentielle. Paysanne et po\u00e8te, ethnologue et conteuse, en occitan et en fran\u00e7ais, elle porte sur le monde et sur la vie une interrogation puissante nourrie des mythes de la culture limousine qui fait de son \u0153uvre une immense \u00ab cosmogonie [&hellip;]<\/p>\n","protected":false},"featured_media":23080,"template":"","meta":{"_acf_changed":false,"_genesis_hide_title":false,"_genesis_hide_breadcrumbs":false,"_genesis_hide_singular_image":false,"_genesis_hide_footer_widgets":false,"_genesis_custom_body_class":"","_genesis_custom_post_class":"","_genesis_layout":""},"product_brand":[],"product_cat":[7188,7132,7174],"product_tag":[],"class_list":{"0":"post-23079","1":"product","2":"type-product","3":"status-publish","4":"has-post-thumbnail","6":"product_cat-arts-studies-en","7":"product_cat-books","8":"product_cat-literature-en","9":"pa_auteur-collectiu-en-2","10":"pa_auteur-stenta-miquela-en","11":"pa_editeur-crdp-montpellier-fr-en","12":"pa_langue-francais-en","13":"pa_langue-occitan-en","14":"entry","16":"first","17":"outofstock","18":"shipping-taxable","19":"purchasable","20":"product-type-simple"},"acf":[],"_links":{"self":[{"href":"https:\/\/www.libraria-occitana.org\/en\/wp-json\/wp\/v2\/product\/23079","targetHints":{"allow":["GET"]}}],"collection":[{"href":"https:\/\/www.libraria-occitana.org\/en\/wp-json\/wp\/v2\/product"}],"about":[{"href":"https:\/\/www.libraria-occitana.org\/en\/wp-json\/wp\/v2\/types\/product"}],"wp:featuredmedia":[{"embeddable":true,"href":"https:\/\/www.libraria-occitana.org\/en\/wp-json\/wp\/v2\/media\/23080"}],"wp:attachment":[{"href":"https:\/\/www.libraria-occitana.org\/en\/wp-json\/wp\/v2\/media?parent=23079"}],"wp:term":[{"taxonomy":"product_brand","embeddable":true,"href":"https:\/\/www.libraria-occitana.org\/en\/wp-json\/wp\/v2\/product_brand?post=23079"},{"taxonomy":"product_cat","embeddable":true,"href":"https:\/\/www.libraria-occitana.org\/en\/wp-json\/wp\/v2\/product_cat?post=23079"},{"taxonomy":"product_tag","embeddable":true,"href":"https:\/\/www.libraria-occitana.org\/en\/wp-json\/wp\/v2\/product_tag?post=23079"}],"curies":[{"name":"wp","href":"https:\/\/api.w.org\/{rel}","templated":true}]}}