{"id":23083,"date":"2018-12-01T16:49:29","date_gmt":"2018-12-01T15:49:29","guid":{"rendered":"http:\/\/www.libraria-occitana.org\/all-products\/portrait-du-colonise-precede-de-portrait-du-colonisateur?lang=en"},"modified":"2026-04-07T23:41:49","modified_gmt":"2026-04-07T21:41:49","slug":"portrait-du-colonise-precede-de-portrait-du-colonisateur","status":"publish","type":"product","link":"https:\/\/www.libraria-occitana.org\/en\/product\/portrait-du-colonise-precede-de-portrait-du-colonisateur\/","title":{"rendered":"Portrait du colonis\u00e9 pr\u00e9c\u00e9d\u00e9 de Portrait du colonisateur"},"content":{"rendered":"<p>\u00ab J\u2019ai entrepris cet inventaire de la condition du colonis\u00e9 d\u2019abord pour me comprendre moi-m\u00eame et identifier ma place au milieu des autres hommes\u2026 Ce que j\u2019avais d\u00e9crit \u00e9tait le lot d\u2019une multitude d\u2019hommes \u00e0 travers le monde. Je d\u00e9couvrais du m\u00eame coup, en somme, que tous les colonis\u00e9s se ressemblaient ; je devais constater par la suite que tous les opprim\u00e9s se ressemblaient en quelque mesure. \u00bb<\/p>\n<p>Et Sartre d\u2019\u00e9crire :<br \/>\n\u00ab Cet ouvrage sobre et clair se range parmi les \u201cg\u00e9om\u00e9tries passionn\u00e9es\u201d : son objectivit\u00e9 calme, c\u2019est de la souffrance et de la col\u00e8re d\u00e9pass\u00e9e. \u00bb<\/p>\n<p>Cet essai est devenu un classique, d\u00e8s sa parution en 1957 : il soulignait combien les conduites du colonisateur et du colonis\u00e9 cr\u00e9ent une relation fondamentale qui les conditionne l\u2019un et l\u2019autre.<\/p>\n","protected":false},"excerpt":{"rendered":"<p>\u00ab J\u2019ai entrepris cet inventaire de la condition du colonis\u00e9 d\u2019abord pour me comprendre moi-m\u00eame et identifier ma place au milieu des autres hommes\u2026 Ce que j\u2019avais d\u00e9crit \u00e9tait le lot d\u2019une multitude d\u2019hommes \u00e0 travers le monde. Je d\u00e9couvrais du m\u00eame coup, en somme, que tous les colonis\u00e9s se ressemblaient ; je devais constater [&hellip;]<\/p>\n","protected":false},"featured_media":48805,"template":"","meta":{"_acf_changed":false,"_genesis_hide_title":false,"_genesis_hide_breadcrumbs":false,"_genesis_hide_singular_image":false,"_genesis_hide_footer_widgets":false,"_genesis_custom_body_class":"","_genesis_custom_post_class":"","_genesis_layout":""},"product_brand":[],"product_cat":[7132,7202],"product_tag":[],"class_list":{"0":"post-23083","1":"product","2":"type-product","3":"status-publish","4":"has-post-thumbnail","6":"product_cat-books","7":"product_cat-politics-sociology-current-affairs-en","8":"pa_auteur-memmi-albert-en","9":"pa_editeur-gallimard-en","10":"pa_langue-francais-en","11":"entry","13":"first","14":"instock","15":"shipping-taxable","16":"purchasable","17":"product-type-simple"},"acf":[],"_links":{"self":[{"href":"https:\/\/www.libraria-occitana.org\/en\/wp-json\/wp\/v2\/product\/23083","targetHints":{"allow":["GET"]}}],"collection":[{"href":"https:\/\/www.libraria-occitana.org\/en\/wp-json\/wp\/v2\/product"}],"about":[{"href":"https:\/\/www.libraria-occitana.org\/en\/wp-json\/wp\/v2\/types\/product"}],"wp:featuredmedia":[{"embeddable":true,"href":"https:\/\/www.libraria-occitana.org\/en\/wp-json\/wp\/v2\/media\/48805"}],"wp:attachment":[{"href":"https:\/\/www.libraria-occitana.org\/en\/wp-json\/wp\/v2\/media?parent=23083"}],"wp:term":[{"taxonomy":"product_brand","embeddable":true,"href":"https:\/\/www.libraria-occitana.org\/en\/wp-json\/wp\/v2\/product_brand?post=23083"},{"taxonomy":"product_cat","embeddable":true,"href":"https:\/\/www.libraria-occitana.org\/en\/wp-json\/wp\/v2\/product_cat?post=23083"},{"taxonomy":"product_tag","embeddable":true,"href":"https:\/\/www.libraria-occitana.org\/en\/wp-json\/wp\/v2\/product_tag?post=23083"}],"curies":[{"name":"wp","href":"https:\/\/api.w.org\/{rel}","templated":true}]}}