{"id":23097,"date":"2012-07-01T10:40:08","date_gmt":"2012-07-01T09:40:08","guid":{"rendered":"http:\/\/www.libraria-occitana.org\/all-products\/dordonha-lepopee-de-la-riviere-sauvage-et-mythique?lang=en"},"modified":"2026-04-25T07:46:42","modified_gmt":"2026-04-25T05:46:42","slug":"dordonha-lepopee-de-la-riviere-sauvage-et-mythique","status":"publish","type":"product","link":"https:\/\/www.libraria-occitana.org\/en\/product\/dordonha-lepopee-de-la-riviere-sauvage-et-mythique\/","title":{"rendered":"Dordonha&#8230; L&#8217;\u00e9pop\u00e9e de la Rivi\u00e8re sauvage et mythique"},"content":{"rendered":"<p>Embarquez-vous sur les flots tumultueux de la Rivi\u00e8re sauvage et mythique pour d\u00e9couvrir les lieux merveilleux qui jalonnent son parcours, ce long fil bleu que tisse son \u00c9pop\u00e9e !<br \/>\nLaissez-vous s\u00e9duire par ses r\u00e9cits, que c\u00e9l\u00e8brent les \u00e9crits de Claudine H\u00e9brard. Alors l\u2019imaginaire bouscule et tutoie le r\u00e9el, dans l\u2019univers intemporel de la rivi\u00e8re, pour y composer cet hymne de chants et d\u2019images, explosions harmoniques de couleurs qu\u2019offrent les photos d\u2019Olivier Payrat et les peintures de Ginette Aubert, agr\u00e9ment\u00e9 si scrupuleusement et subtilement par la pr\u00e9face de Marie-France Houdart.<\/p>\n<p>Alors, Elle s\u2019exprime telle une gardienne protectrice de la vall\u00e9e, restant fid\u00e8le \u00e0 son caract\u00e8re bienveillant envers l\u2019humanit\u00e9, \u00e0 son r\u00f4le de fleuve nourricier ou \u00e0 ses flots marchands.<br \/>\nElle se souvient de ces bateliers, voyageurs audacieux, de l\u2019\u00e9cho de leurs voix qui encore r\u00e9sonnent dans ses vall\u00e9es. Elle s\u2019identifie \u00e0 Sainte Marie-Madeleine, assurant la protection des gabariers et le salut de leurs \u00e2mes.<br \/>\nSon odyss\u00e9e nous emm\u00e8ne dans les contr\u00e9es de l\u2019imaginaire autant que du surnaturel, pour c\u00f4toyer les \u00e9l\u00e9ments d\u2019un bestiaire fantastique : \u00eatres li\u00e9s et d\u00e9vou\u00e9s \u00e0 son mythe et entretenant les myst\u00e8res de ses gours profonds.<br \/>\nLa chute de son histoire est d\u2019autant plus brutale qu\u2019Elle ne peut faire face \u00e0 la r\u00e9alit\u00e9 du progr\u00e8s ; ses flots sauvages ne sont plus aujourd\u2019hui que lacs d\u2019eaux dormantes, musel\u00e9es, r\u00e9solument dompt\u00e9es, et productrices d\u2019\u00e9nergie.<br \/>\nCependant, Elle d\u00e9livre \u00e0 qui veut bien l\u2019entendre, un message d\u2019espoir et transporte inexorablement ses r\u00eaves et ses cha\u00eenes vers la mer pour y construire une autre r\u00e9alit\u00e9, dans laquelle chaque lecteur pourra choisir ses racines, ses combats et ses esp\u00e9rances.<\/p>\n<p>\u00ab Dordonha, raconte-nous ton parcours et d\u00e9voile nous les secrets de ton \u00e2me, de tes flots, de tes gorges, de ta naissance sur les flancs du Puy de Sancy, jusqu\u2019\u00e0 Argentat. \u00bb<br \/>\nParcours de Dordonha, du Puy de Sancy \u00e0 Argentat.<\/p>\n<p><em><a title=\"Canotiers au fil de l\u2019eau : L\u2019escapade d\u2019Argentat \u00e0 Bergerac\" href=\"http:\/\/www.libraria-occitana.org\/all-products\/canotiers-au-fil-de-leau-lescapade-dargentat-a-bergerac\">Canotiers au fil de l&#8217;eau : L&#8217;escapade d&#8217;Argentat \u00e0 Bergerac<\/a><\/em> (Deuxi\u00e8me partie)<\/p>\n","protected":false},"excerpt":{"rendered":"<p>Embarquez-vous sur les flots tumultueux de la Rivi\u00e8re sauvage et mythique pour d\u00e9couvrir les lieux merveilleux qui jalonnent son parcours, ce long fil bleu que tisse son \u00c9pop\u00e9e ! Laissez-vous s\u00e9duire par ses r\u00e9cits, que c\u00e9l\u00e8brent les \u00e9crits de Claudine H\u00e9brard. Alors l\u2019imaginaire bouscule et tutoie le r\u00e9el, dans l\u2019univers intemporel de la rivi\u00e8re, pour [&hellip;]<\/p>\n","protected":false},"featured_media":23098,"template":"","meta":{"_acf_changed":false,"_genesis_hide_title":false,"_genesis_hide_breadcrumbs":false,"_genesis_hide_singular_image":false,"_genesis_hide_footer_widgets":false,"_genesis_custom_body_class":"","_genesis_custom_post_class":"","_genesis_layout":""},"product_brand":[],"product_cat":[7132,7198,7196],"product_tag":[],"class_list":{"0":"post-23097","1":"product","2":"type-product","3":"status-publish","4":"has-post-thumbnail","6":"product_cat-books","7":"product_cat-guides-tourism-en","8":"product_cat-nature-tourism-en","9":"pa_auteur-hebrard-claudine-en","10":"pa_editeur-coneissenca-en","11":"pa_illustrateur-collectiu-illustrateur-en","12":"pa_langue-francais-en","13":"entry","15":"first","16":"instock","17":"shipping-taxable","18":"purchasable","19":"product-type-simple"},"acf":[],"_links":{"self":[{"href":"https:\/\/www.libraria-occitana.org\/en\/wp-json\/wp\/v2\/product\/23097","targetHints":{"allow":["GET"]}}],"collection":[{"href":"https:\/\/www.libraria-occitana.org\/en\/wp-json\/wp\/v2\/product"}],"about":[{"href":"https:\/\/www.libraria-occitana.org\/en\/wp-json\/wp\/v2\/types\/product"}],"wp:featuredmedia":[{"embeddable":true,"href":"https:\/\/www.libraria-occitana.org\/en\/wp-json\/wp\/v2\/media\/23098"}],"wp:attachment":[{"href":"https:\/\/www.libraria-occitana.org\/en\/wp-json\/wp\/v2\/media?parent=23097"}],"wp:term":[{"taxonomy":"product_brand","embeddable":true,"href":"https:\/\/www.libraria-occitana.org\/en\/wp-json\/wp\/v2\/product_brand?post=23097"},{"taxonomy":"product_cat","embeddable":true,"href":"https:\/\/www.libraria-occitana.org\/en\/wp-json\/wp\/v2\/product_cat?post=23097"},{"taxonomy":"product_tag","embeddable":true,"href":"https:\/\/www.libraria-occitana.org\/en\/wp-json\/wp\/v2\/product_tag?post=23097"}],"curies":[{"name":"wp","href":"https:\/\/api.w.org\/{rel}","templated":true}]}}