{"id":23101,"date":"2012-06-01T18:28:14","date_gmt":"2012-06-01T17:28:14","guid":{"rendered":"http:\/\/www.libraria-occitana.org\/all-products\/hier-au-pays-des-feuillardiers-des-pierres-et-des-hommes?lang=en"},"modified":"2026-04-29T06:56:47","modified_gmt":"2026-04-29T04:56:47","slug":"hier-au-pays-des-feuillardiers-des-pierres-et-des-hommes","status":"publish","type":"product","link":"https:\/\/www.libraria-occitana.org\/en\/product\/hier-au-pays-des-feuillardiers-des-pierres-et-des-hommes\/","title":{"rendered":"Hier, au Pays des Feuillardiers&#8230; Des pierres et des hommes"},"content":{"rendered":"<p>Ces pierres qui t\u00e9moignent du pass\u00e9 \u2013 patrimoine b\u00e2ti, pierres sculpt\u00e9es, pierres \u00e0 l\u00e9gendes,&#8230; \u2013, qui font partie de l&#8217;histoire du pays, mais aussi ces hommes qui y ont v\u00e9cu et l&#8217;ont marqu\u00e9 de leur empreinte par leur m\u00e9tier, leurs traditions, leur croyances et coutumes&#8230;<\/p>\n","protected":false},"excerpt":{"rendered":"<p>Ces pierres qui t\u00e9moignent du pass\u00e9 \u2013 patrimoine b\u00e2ti, pierres sculpt\u00e9es, pierres \u00e0 l\u00e9gendes,&#8230; \u2013, qui font partie de l&#8217;histoire du pays, mais aussi ces hommes qui y ont v\u00e9cu et l&#8217;ont marqu\u00e9 de leur empreinte par leur m\u00e9tier, leurs traditions, leur croyances et coutumes&#8230;<\/p>\n","protected":false},"featured_media":23102,"template":"","meta":{"_acf_changed":false,"_genesis_hide_title":false,"_genesis_hide_breadcrumbs":false,"_genesis_hide_singular_image":false,"_genesis_hide_footer_widgets":false,"_genesis_custom_body_class":"","_genesis_custom_post_class":"","_genesis_layout":""},"product_brand":[],"product_cat":[7132,7214,7206],"product_tag":[],"class_list":{"0":"post-23101","1":"product","2":"type-product","3":"status-publish","4":"has-post-thumbnail","6":"product_cat-books","7":"product_cat-built-heritage-en","8":"product_cat-traditions-heritage-en","9":"pa_auteur-lapouge-jacqueline-en","10":"pa_editeur-jacqueline-lapouge-en","11":"pa_langue-francais-en","12":"entry","14":"first","15":"instock","16":"shipping-taxable","17":"purchasable","18":"product-type-simple"},"acf":[],"_links":{"self":[{"href":"https:\/\/www.libraria-occitana.org\/en\/wp-json\/wp\/v2\/product\/23101","targetHints":{"allow":["GET"]}}],"collection":[{"href":"https:\/\/www.libraria-occitana.org\/en\/wp-json\/wp\/v2\/product"}],"about":[{"href":"https:\/\/www.libraria-occitana.org\/en\/wp-json\/wp\/v2\/types\/product"}],"wp:featuredmedia":[{"embeddable":true,"href":"https:\/\/www.libraria-occitana.org\/en\/wp-json\/wp\/v2\/media\/23102"}],"wp:attachment":[{"href":"https:\/\/www.libraria-occitana.org\/en\/wp-json\/wp\/v2\/media?parent=23101"}],"wp:term":[{"taxonomy":"product_brand","embeddable":true,"href":"https:\/\/www.libraria-occitana.org\/en\/wp-json\/wp\/v2\/product_brand?post=23101"},{"taxonomy":"product_cat","embeddable":true,"href":"https:\/\/www.libraria-occitana.org\/en\/wp-json\/wp\/v2\/product_cat?post=23101"},{"taxonomy":"product_tag","embeddable":true,"href":"https:\/\/www.libraria-occitana.org\/en\/wp-json\/wp\/v2\/product_tag?post=23101"}],"curies":[{"name":"wp","href":"https:\/\/api.w.org\/{rel}","templated":true}]}}