{"id":23107,"date":"2020-09-11T16:56:40","date_gmt":"2020-09-11T14:56:40","guid":{"rendered":"http:\/\/www.libraria-occitana.org\/all-products\/fermes-du-moyen-age-en-xaintrie?lang=en"},"modified":"2026-04-29T11:11:45","modified_gmt":"2026-04-29T09:11:45","slug":"fermes-du-moyen-age-en-xaintrie","status":"publish","type":"product","link":"https:\/\/www.libraria-occitana.org\/en\/product\/fermes-du-moyen-age-en-xaintrie\/","title":{"rendered":"Aux Fermes du Moyen \u00c2ge, \u00ab a la costuma del Pais \u00bb"},"content":{"rendered":"<p><strong>Dans une des plus belles r\u00e9gions de France, un exceptionnel mus\u00e9e vivant, puisant aux sources de l\u2019histoire.<\/strong><\/p>\n<p>Vous \u00eates ici aux confins de l\u2019Auvergne et du Limousin. La Guerre de Cent ans est finie, mais la Renaissance n\u2019est pas encore arriv\u00e9e.<br \/>\nC\u2019est pour vivre et vous faire vivre cette \u00e9poque passionnante que Pierre Gire a cr\u00e9\u00e9 de toutes pi\u00e8ces et avec la seule aide familiale, un village, avec ses maisons et ses granges, ses plantes, ses animaux, et m\u00eame ses habitants.<br \/>\nIl a re\u00e7u des milliers de visiteurs enthousiastes.<br \/>\nEn 2010, puis 2012, d\u00e9j\u00e0 con\u00e7u par Pierre Gire et Marie-F. Houdart, est paru le livre <em>Fermes du Moyen \u00c2ge<\/em>.<br \/>\nMais le site a \u00e9volu\u00e9, d\u2019autres constructions sont n\u00e9es : la chapelle, son cimeti\u00e8re, le moulin, la maison du bailli (travaux en cours)\u2026 Car il s\u2019y passe toujours quelque chose\u2026<br \/>\nAujourd\u2019hui, en voici une pr\u00e9sentation totalement renouvel\u00e9e. Elle s\u2019est enrichie de nombreuses photos et surtout de quantit\u00e9 d\u2019archives, notamment notariales, dont les donn\u00e9es renforcent l\u2019authenticit\u00e9 du travail de reconstitution r\u00e9alis\u00e9, tout en portant t\u00e9moignage de la vie de nos anc\u00eatres. Vous n\u2019y rencontrerez pas nobles dames et chevaliers, mais des paysans tenanciers d\u00e9j\u00e0 libres, sur qui reposait toute la vie de la soci\u00e9t\u00e9, et qui respectaient la terre, les animaux, le cycle des saisons, le rythme du temps.<br \/>\nUn bel exemple pour aujourd\u2019hui.<\/p>\n","protected":false},"excerpt":{"rendered":"<p>Dans une des plus belles r\u00e9gions de France, un exceptionnel mus\u00e9e vivant, puisant aux sources de l\u2019histoire. Vous \u00eates ici aux confins de l\u2019Auvergne et du Limousin. La Guerre de Cent ans est finie, mais la Renaissance n\u2019est pas encore arriv\u00e9e. C\u2019est pour vivre et vous faire vivre cette \u00e9poque passionnante que Pierre Gire a [&hellip;]<\/p>\n","protected":false},"featured_media":52485,"template":"","meta":{"_acf_changed":false,"_genesis_hide_title":false,"_genesis_hide_breadcrumbs":false,"_genesis_hide_singular_image":false,"_genesis_hide_footer_widgets":false,"_genesis_custom_body_class":"","_genesis_custom_post_class":"","_genesis_layout":""},"product_brand":[],"product_cat":[7132,7148,7160],"product_tag":[],"class_list":{"0":"post-23107","1":"product","2":"type-product","3":"status-publish","4":"has-post-thumbnail","6":"product_cat-books","7":"product_cat-history-geography-en","8":"product_cat-medieval-history-en","9":"pa_auteur-gire-pierre-fr-en","10":"pa_auteur-houdart-marie-france-en","11":"pa_editeur-maiade-en","12":"pa_illustrateur-quaresma-antoine-en","13":"pa_langue-francais-en","14":"entry","16":"first","17":"instock","18":"shipping-taxable","19":"purchasable","20":"product-type-simple"},"acf":[],"_links":{"self":[{"href":"https:\/\/www.libraria-occitana.org\/en\/wp-json\/wp\/v2\/product\/23107","targetHints":{"allow":["GET"]}}],"collection":[{"href":"https:\/\/www.libraria-occitana.org\/en\/wp-json\/wp\/v2\/product"}],"about":[{"href":"https:\/\/www.libraria-occitana.org\/en\/wp-json\/wp\/v2\/types\/product"}],"wp:featuredmedia":[{"embeddable":true,"href":"https:\/\/www.libraria-occitana.org\/en\/wp-json\/wp\/v2\/media\/52485"}],"wp:attachment":[{"href":"https:\/\/www.libraria-occitana.org\/en\/wp-json\/wp\/v2\/media?parent=23107"}],"wp:term":[{"taxonomy":"product_brand","embeddable":true,"href":"https:\/\/www.libraria-occitana.org\/en\/wp-json\/wp\/v2\/product_brand?post=23107"},{"taxonomy":"product_cat","embeddable":true,"href":"https:\/\/www.libraria-occitana.org\/en\/wp-json\/wp\/v2\/product_cat?post=23107"},{"taxonomy":"product_tag","embeddable":true,"href":"https:\/\/www.libraria-occitana.org\/en\/wp-json\/wp\/v2\/product_tag?post=23107"}],"curies":[{"name":"wp","href":"https:\/\/api.w.org\/{rel}","templated":true}]}}