{"id":23157,"date":"2013-01-01T11:21:53","date_gmt":"2013-01-01T10:21:53","guid":{"rendered":"http:\/\/www.libraria-occitana.org\/all-products\/le-bolanger-de-sant-prict-en-lemosin-11?lang=en"},"modified":"2026-04-09T04:21:21","modified_gmt":"2026-04-09T02:21:21","slug":"le-bolanger-de-sant-prict-en-lemosin-11","status":"publish","type":"product","link":"https:\/\/www.libraria-occitana.org\/en\/product\/le-bolanger-de-sant-prict-en-lemosin-11\/","title":{"rendered":"Le bolanger de Sant Prict &#8211; Le boulanger de St-Priest-la-Plaine (En Lemosin 11)"},"content":{"rendered":"<p><strong>\u00ab I a pus presone dins las campanhas, al\u00f2rs qu\u00f2 interesse pus le m\u00f2nde de faire las tornadas\u2026 \u00bb<\/strong><\/p>\n<p>Dans tous les villages des environs de Saint-Priest-la-Plaine, on se souviendra longtemps du coup de klaxon d\u2019Alain, le boulanger. Son commerce est le dernier du bourg. Mais l\u2019heure de la retraite vient de sonner et il n\u2019y aura pas de repreneur. C\u2019est une \u00ab page qui se tourne \u00bb, comme Alain le dit lui-m\u00eame, et c\u2019est moins la cessation de l\u2019activit\u00e9 commerciale qui l\u2019inqui\u00e8te, que la fin de toutes ces rencontres humaines qui font le sel de la vie, patiemment tiss\u00e9es au long de quatre d\u00e9cennies de vente \u00e0 la boutique et de tourn\u00e9es.<\/p>\n<p>Un documentaire de 18 mn 20 en occitan (sous-titr\u00e9 en fran\u00e7ais) r\u00e9alis\u00e9 en 2013 par l\u2019Institut d\u2019Estudis Occitans dau Lemosin.<\/p>\n","protected":false},"excerpt":{"rendered":"<p>\u00ab I a pus presone dins las campanhas, al\u00f2rs qu\u00f2 interesse pus le m\u00f2nde de faire las tornadas\u2026 \u00bb Dans tous les villages des environs de Saint-Priest-la-Plaine, on se souviendra longtemps du coup de klaxon d\u2019Alain, le boulanger. Son commerce est le dernier du bourg. Mais l\u2019heure de la retraite vient de sonner et il [&hellip;]<\/p>\n","protected":false},"featured_media":36296,"template":"","meta":{"_acf_changed":false,"_genesis_hide_title":false,"_genesis_hide_breadcrumbs":false,"_genesis_hide_singular_image":false,"_genesis_hide_footer_widgets":false,"_genesis_custom_body_class":"","_genesis_custom_post_class":"","_genesis_layout":""},"product_brand":[],"product_cat":[7241,7249],"product_tag":[],"class_list":{"0":"post-23157","1":"product","2":"type-product","3":"status-publish","4":"has-post-thumbnail","6":"product_cat-documentary-en","7":"product_cat-videos-3-en","8":"pa_auteur-ieo-lemosin-fr-en","9":"pa_editeur-ieo-lemosin-en-2","10":"pa_langue-occitan-lemosin-en","11":"pa_langue-occitan-francais-en","12":"entry","14":"first","15":"instock","16":"shipping-taxable","17":"purchasable","18":"product-type-simple"},"acf":[],"_links":{"self":[{"href":"https:\/\/www.libraria-occitana.org\/en\/wp-json\/wp\/v2\/product\/23157","targetHints":{"allow":["GET"]}}],"collection":[{"href":"https:\/\/www.libraria-occitana.org\/en\/wp-json\/wp\/v2\/product"}],"about":[{"href":"https:\/\/www.libraria-occitana.org\/en\/wp-json\/wp\/v2\/types\/product"}],"wp:featuredmedia":[{"embeddable":true,"href":"https:\/\/www.libraria-occitana.org\/en\/wp-json\/wp\/v2\/media\/36296"}],"wp:attachment":[{"href":"https:\/\/www.libraria-occitana.org\/en\/wp-json\/wp\/v2\/media?parent=23157"}],"wp:term":[{"taxonomy":"product_brand","embeddable":true,"href":"https:\/\/www.libraria-occitana.org\/en\/wp-json\/wp\/v2\/product_brand?post=23157"},{"taxonomy":"product_cat","embeddable":true,"href":"https:\/\/www.libraria-occitana.org\/en\/wp-json\/wp\/v2\/product_cat?post=23157"},{"taxonomy":"product_tag","embeddable":true,"href":"https:\/\/www.libraria-occitana.org\/en\/wp-json\/wp\/v2\/product_tag?post=23157"}],"curies":[{"name":"wp","href":"https:\/\/api.w.org\/{rel}","templated":true}]}}