{"id":23167,"date":"2012-12-01T11:54:16","date_gmt":"2012-12-01T10:54:16","guid":{"rendered":"http:\/\/www.libraria-occitana.org\/all-products\/sents?lang=en"},"modified":"2026-04-15T23:21:10","modified_gmt":"2026-04-15T21:21:10","slug":"sents","status":"publish","type":"product","link":"https:\/\/www.libraria-occitana.org\/en\/product\/sents\/","title":{"rendered":"Sents"},"content":{"rendered":"<p>En face des saints de Simeonin (gravures), Melhau a mis des saints contraires (\u00e9crits).<\/p>\n<p><strong>Colleccion \u00ab Au mot son imatge \u00bb :<\/strong><br \/>\nCes livres de grand format (20,5 \u00d7 30,5 cm), en cahiers libres de 8 pages, sous pochette \u00e0 rabats, allient vraiment le texte \u00e0 l\u2019image, soit que l\u2019image vienne illustrer le texte, soit que le texte vienne argumenter l\u2019image.<\/p>\n","protected":false},"excerpt":{"rendered":"<p>En face des saints de Simeonin (gravures), Melhau a mis des saints contraires (\u00e9crits). Colleccion \u00ab Au mot son imatge \u00bb : Ces livres de grand format (20,5 \u00d7 30,5 cm), en cahiers libres de 8 pages, sous pochette \u00e0 rabats, allient vraiment le texte \u00e0 l\u2019image, soit que l\u2019image vienne illustrer le texte, soit [&hellip;]<\/p>\n","protected":false},"featured_media":23168,"template":"","meta":{"_acf_changed":false,"_genesis_hide_title":false,"_genesis_hide_breadcrumbs":false,"_genesis_hide_singular_image":false,"_genesis_hide_footer_widgets":false,"_genesis_custom_body_class":"","_genesis_custom_post_class":"","_genesis_layout":""},"product_brand":[],"product_cat":[7132,7172,7164],"product_tag":[],"class_list":{"0":"post-23167","1":"product","2":"type-product","3":"status-publish","4":"has-post-thumbnail","6":"product_cat-books","7":"product_cat-humor-en","8":"product_cat-juvenile-and-teen-comics-humour-en","9":"pa_auteur-melhau-jan-dau-fr-en","10":"pa_editeur-lo-chamin-de-sent-jaume-en","11":"pa_illustrateur-simeonin-jan-marc-en","12":"pa_langue-occitan-lemosin-en","13":"pa_langue-occitan-francais-en","14":"entry","16":"first","17":"instock","18":"shipping-taxable","19":"purchasable","20":"product-type-simple"},"acf":[],"_links":{"self":[{"href":"https:\/\/www.libraria-occitana.org\/en\/wp-json\/wp\/v2\/product\/23167","targetHints":{"allow":["GET"]}}],"collection":[{"href":"https:\/\/www.libraria-occitana.org\/en\/wp-json\/wp\/v2\/product"}],"about":[{"href":"https:\/\/www.libraria-occitana.org\/en\/wp-json\/wp\/v2\/types\/product"}],"wp:featuredmedia":[{"embeddable":true,"href":"https:\/\/www.libraria-occitana.org\/en\/wp-json\/wp\/v2\/media\/23168"}],"wp:attachment":[{"href":"https:\/\/www.libraria-occitana.org\/en\/wp-json\/wp\/v2\/media?parent=23167"}],"wp:term":[{"taxonomy":"product_brand","embeddable":true,"href":"https:\/\/www.libraria-occitana.org\/en\/wp-json\/wp\/v2\/product_brand?post=23167"},{"taxonomy":"product_cat","embeddable":true,"href":"https:\/\/www.libraria-occitana.org\/en\/wp-json\/wp\/v2\/product_cat?post=23167"},{"taxonomy":"product_tag","embeddable":true,"href":"https:\/\/www.libraria-occitana.org\/en\/wp-json\/wp\/v2\/product_tag?post=23167"}],"curies":[{"name":"wp","href":"https:\/\/api.w.org\/{rel}","templated":true}]}}