{"id":23171,"date":"2012-11-01T17:21:09","date_gmt":"2012-11-01T16:21:09","guid":{"rendered":"http:\/\/www.libraria-occitana.org\/all-products\/la-sopa-de-soric?lang=en"},"modified":"2026-04-29T06:26:22","modified_gmt":"2026-04-29T04:26:22","slug":"la-sopa-de-soric","status":"publish","type":"product","link":"https:\/\/www.libraria-occitana.org\/en\/product\/la-sopa-de-soric\/","title":{"rendered":"La sopa de sori\u00e7"},"content":{"rendered":"<p>\u00ab\u00a0La beleta get\u00e8t la sori\u00e7 dins un marmiton.<br \/>\n&#8211; \u00d2 ! Planta ! \u00e7\u00f2-disset la sori\u00e7. Ta sopa aur\u00e0 gost de ren : l&#8217;i mancar\u00e0 quauqua ist\u00f2ria, chau de las ist\u00f2rias perfin que la sopa siaja saborosa.<br \/>\n&#8211; Mas ne&#8217;n ai pas, \u00e7\u00f2-diss\u00e8t la beleta.<br \/>\n&#8211; Mas ieu ne&#8217;n ai, \u00e7\u00f2-diss\u00e8t la sori\u00e7, e te&#8217;n p\u00f2de dire c\u00f2p-sec !<br \/>\n&#8211; E ben d&#8217;ac\u00f2rd, \u00e7\u00f2-diss\u00e8t la beleta, mas fai viste, qu&#8217;ai una fam dau diable.<br \/>\n&#8211; E ben, respond\u00e8t la sori\u00e7, veiqu\u00ed quatre ist\u00f2rias per conhar dins ton marmiton&#8230;\u00a0\u00bb<\/p>\n<p>E qu\u00f2 es aitau qu&#8217;una soriceta, qu&#8217;amava los libres urosament, s&#8217;atrapet de contar d&#8217;ist\u00f2rias per far durar lo temps e contranhar las malurnan\u00e7as engenhidas per una beleta.<\/p>\n<p>Un libre per los mainats qu&#8217;aiman desj\u00e0 legir solets.<\/p>\n","protected":false},"excerpt":{"rendered":"<p>\u00ab\u00a0La beleta get\u00e8t la sori\u00e7 dins un marmiton. &#8211; \u00d2 ! Planta ! \u00e7\u00f2-disset la sori\u00e7. Ta sopa aur\u00e0 gost de ren : l&#8217;i mancar\u00e0 quauqua ist\u00f2ria, chau de las ist\u00f2rias perfin que la sopa siaja saborosa. &#8211; Mas ne&#8217;n ai pas, \u00e7\u00f2-diss\u00e8t la beleta. &#8211; Mas ieu ne&#8217;n ai, \u00e7\u00f2-diss\u00e8t la sori\u00e7, e te&#8217;n [&hellip;]<\/p>\n","protected":false},"featured_media":23172,"template":"","meta":{"_acf_changed":false,"_genesis_hide_title":false,"_genesis_hide_breadcrumbs":false,"_genesis_hide_singular_image":false,"_genesis_hide_footer_widgets":false,"_genesis_custom_body_class":"","_genesis_custom_post_class":"","_genesis_layout":""},"product_brand":[],"product_cat":[7132,7170,7164],"product_tag":[],"class_list":{"0":"post-23171","1":"product","2":"type-product","3":"status-publish","4":"has-post-thumbnail","6":"product_cat-books","7":"product_cat-juvenile-en","8":"product_cat-juvenile-and-teen-comics-humour-en","9":"pa_auteur-decamps-domenja-en","10":"pa_auteur-lobel-arnold-fr-en","11":"pa_editeur-canope-editions-en","12":"pa_illustrateur-lobel-arnold-en","13":"pa_langue-occitan-en","14":"pa_langue-occitan-lemosin-en","15":"entry","17":"first","18":"instock","19":"shipping-taxable","20":"purchasable","21":"product-type-simple"},"acf":[],"_links":{"self":[{"href":"https:\/\/www.libraria-occitana.org\/en\/wp-json\/wp\/v2\/product\/23171","targetHints":{"allow":["GET"]}}],"collection":[{"href":"https:\/\/www.libraria-occitana.org\/en\/wp-json\/wp\/v2\/product"}],"about":[{"href":"https:\/\/www.libraria-occitana.org\/en\/wp-json\/wp\/v2\/types\/product"}],"wp:featuredmedia":[{"embeddable":true,"href":"https:\/\/www.libraria-occitana.org\/en\/wp-json\/wp\/v2\/media\/23172"}],"wp:attachment":[{"href":"https:\/\/www.libraria-occitana.org\/en\/wp-json\/wp\/v2\/media?parent=23171"}],"wp:term":[{"taxonomy":"product_brand","embeddable":true,"href":"https:\/\/www.libraria-occitana.org\/en\/wp-json\/wp\/v2\/product_brand?post=23171"},{"taxonomy":"product_cat","embeddable":true,"href":"https:\/\/www.libraria-occitana.org\/en\/wp-json\/wp\/v2\/product_cat?post=23171"},{"taxonomy":"product_tag","embeddable":true,"href":"https:\/\/www.libraria-occitana.org\/en\/wp-json\/wp\/v2\/product_tag?post=23171"}],"curies":[{"name":"wp","href":"https:\/\/api.w.org\/{rel}","templated":true}]}}